{"id":3233,"date":"2025-08-06T15:49:08","date_gmt":"2025-08-06T13:49:08","guid":{"rendered":"https:\/\/kolma.style\/?post_type=product&#038;p=3233"},"modified":"2025-08-07T15:38:13","modified_gmt":"2025-08-07T13:38:13","slug":"bundle-serviette-de-bain-necessaire-caribbean","status":"publish","type":"product","link":"https:\/\/kolma.style\/fr\/shop\/paquets\/bundle-serviette-de-bain-necessaire-caribbean\/","title":{"rendered":"Bundle: Serviette de bain &#038; N\u00e9cessaire <p>Caribbean\/Blanc<\/p>"},"content":{"rendered":"<p>La serviette de bain moelleuse assure ta confort au bord de l&#8217;eau, tandis que la n\u00e9cessaire assortie permet de ranger ta cr\u00e8me solaire et autres essentiels. Les couleurs sont coordonn\u00e9es et pr\u00eates pour ta prochaine journ\u00e9e \u00e0 la plage ou au spa.<\/p>\n","protected":false},"excerpt":{"rendered":"<p>La serviette de bain moelleuse assure ta confort au bord de l&#8217;eau, tandis que la n\u00e9cessaire assortie permet de ranger ta cr\u00e8me solaire et autres essentiels. Les couleurs sont coordonn\u00e9es et pr\u00eates pour ta prochaine journ\u00e9e \u00e0 la plage ou au spa.<\/p>\n","protected":false},"featured_media":3168,"template":"","meta":{"_acf_changed":false},"product_cat":[100],"product_tag":[],"acf":[],"yoast_head":"<!-- This site is optimized with the Yoast SEO plugin v22.5 - https:\/\/yoast.com\/wordpress\/plugins\/seo\/ -->\n<title>Bundle: Serviette de bain &amp; N\u00e9cessaire Caribbean\/Blanc - Kolma Style<\/title>\n<meta name=\"description\" content=\"La serviette de bain moelleuse assure ta confort au bord de l&#039;eau, tandis que la n\u00e9cessaire assortie permet de ranger ta cr\u00e8me solaire et autres essentiels. Les couleurs sont coordonn\u00e9es et pr\u00eates pour ta prochaine journ\u00e9e \u00e0 la plage ou au spa.\" \/>\n<meta name=\"robots\" content=\"index, follow, max-snippet:-1, max-image-preview:large, max-video-preview:-1\" \/>\n<meta property=\"og:locale\" content=\"fr_FR\" \/>\n<meta property=\"og:type\" content=\"article\" \/>\n<meta property=\"og:title\" content=\"Bundle: Serviette de bain &amp; N\u00e9cessaire Caribbean\/Blanc - Kolma Style\" \/>\n<meta property=\"og:description\" content=\"La serviette de bain moelleuse assure ta confort au bord de l&#039;eau, tandis que la n\u00e9cessaire assortie permet de ranger ta cr\u00e8me solaire et autres essentiels. Les couleurs sont coordonn\u00e9es et pr\u00eates pour ta prochaine journ\u00e9e \u00e0 la plage ou au spa.\" \/>\n<meta property=\"og:url\" content=\"https:\/\/kolma.style\/fr\/shop\/paquets\/bundle-serviette-de-bain-necessaire-caribbean\/\" \/>\n<meta property=\"og:site_name\" content=\"Kolma Style\" \/>\n<meta property=\"article:publisher\" content=\"https:\/\/www.facebook.com\/profile.php?id=61556920808920\" \/>\n<meta property=\"article:modified_time\" content=\"2025-08-07T13:38:13+00:00\" \/>\n<meta property=\"og:image\" content=\"https:\/\/kolma.style\/wp-content\/uploads\/2025\/08\/14.618.20_G.png\" \/>\n\t<meta property=\"og:image:width\" content=\"1000\" \/>\n\t<meta property=\"og:image:height\" content=\"1000\" \/>\n\t<meta property=\"og:image:type\" content=\"image\/png\" \/>\n<meta name=\"twitter:card\" content=\"summary_large_image\" \/>\n<meta name=\"twitter:label1\" content=\"Dur\u00e9e de lecture estim\u00e9e\" \/>\n\t<meta name=\"twitter:data1\" content=\"1 minute\" \/>\n<script type=\"application\/ld+json\" class=\"yoast-schema-graph\">{\"@context\":\"https:\/\/schema.org\",\"@graph\":[{\"@type\":\"WebPage\",\"@id\":\"https:\/\/kolma.style\/fr\/shop\/paquets\/bundle-serviette-de-bain-necessaire-caribbean\/\",\"url\":\"https:\/\/kolma.style\/fr\/shop\/paquets\/bundle-serviette-de-bain-necessaire-caribbean\/\",\"name\":\"Bundle: Serviette de bain & N\u00e9cessaire Caribbean\/Blanc - Kolma Style\",\"isPartOf\":{\"@id\":\"https:\/\/kolma.style\/#website\"},\"primaryImageOfPage\":{\"@id\":\"https:\/\/kolma.style\/fr\/shop\/paquets\/bundle-serviette-de-bain-necessaire-caribbean\/#primaryimage\"},\"image\":{\"@id\":\"https:\/\/kolma.style\/fr\/shop\/paquets\/bundle-serviette-de-bain-necessaire-caribbean\/#primaryimage\"},\"thumbnailUrl\":\"https:\/\/kolma.style\/wp-content\/uploads\/2025\/08\/14.618.20_G.png\",\"datePublished\":\"2025-08-06T13:49:08+00:00\",\"dateModified\":\"2025-08-07T13:38:13+00:00\",\"description\":\"La serviette de bain moelleuse assure ta confort au bord de l'eau, tandis que la n\u00e9cessaire assortie permet de ranger ta cr\u00e8me solaire et autres essentiels. Les couleurs sont coordonn\u00e9es et pr\u00eates pour ta prochaine journ\u00e9e \u00e0 la plage ou au spa.\",\"breadcrumb\":{\"@id\":\"https:\/\/kolma.style\/fr\/shop\/paquets\/bundle-serviette-de-bain-necessaire-caribbean\/#breadcrumb\"},\"inLanguage\":\"fr-FR\",\"potentialAction\":[{\"@type\":\"ReadAction\",\"target\":[\"https:\/\/kolma.style\/fr\/shop\/paquets\/bundle-serviette-de-bain-necessaire-caribbean\/\"]}]},{\"@type\":\"ImageObject\",\"inLanguage\":\"fr-FR\",\"@id\":\"https:\/\/kolma.style\/fr\/shop\/paquets\/bundle-serviette-de-bain-necessaire-caribbean\/#primaryimage\",\"url\":\"https:\/\/kolma.style\/wp-content\/uploads\/2025\/08\/14.618.20_G.png\",\"contentUrl\":\"https:\/\/kolma.style\/wp-content\/uploads\/2025\/08\/14.618.20_G.png\",\"width\":1000,\"height\":1000},{\"@type\":\"BreadcrumbList\",\"@id\":\"https:\/\/kolma.style\/fr\/shop\/paquets\/bundle-serviette-de-bain-necessaire-caribbean\/#breadcrumb\",\"itemListElement\":[{\"@type\":\"ListItem\",\"position\":1,\"name\":\"Startseite\",\"item\":\"https:\/\/kolma.style\/\"},{\"@type\":\"ListItem\",\"position\":2,\"name\":\"Shop\",\"item\":\"https:\/\/kolma.style\/fr\/shop\/\"},{\"@type\":\"ListItem\",\"position\":3,\"name\":\"Bundle: Serviette de bain &#038; N\u00e9cessaire Caribbean\/Blanc\"}]},{\"@type\":\"WebSite\",\"@id\":\"https:\/\/kolma.style\/#website\",\"url\":\"https:\/\/kolma.style\/\",\"name\":\"Kolma Style\",\"description\":\"Entspannung und \u00adErholung mit Stil\",\"publisher\":{\"@id\":\"https:\/\/kolma.style\/#organization\"},\"potentialAction\":[{\"@type\":\"SearchAction\",\"target\":{\"@type\":\"EntryPoint\",\"urlTemplate\":\"https:\/\/kolma.style\/?s={search_term_string}\"},\"query-input\":\"required name=search_term_string\"}],\"inLanguage\":\"fr-FR\"},{\"@type\":\"Organization\",\"@id\":\"https:\/\/kolma.style\/#organization\",\"name\":\"Kolma Style\",\"url\":\"https:\/\/kolma.style\/\",\"logo\":{\"@type\":\"ImageObject\",\"inLanguage\":\"fr-FR\",\"@id\":\"https:\/\/kolma.style\/#\/schema\/logo\/image\/\",\"url\":\"https:\/\/kolma.style\/wp-content\/uploads\/2024\/02\/kolma_Logo_CMYK_mit-R_negativ.png\",\"contentUrl\":\"https:\/\/kolma.style\/wp-content\/uploads\/2024\/02\/kolma_Logo_CMYK_mit-R_negativ.png\",\"width\":978,\"height\":385,\"caption\":\"Kolma Style\"},\"image\":{\"@id\":\"https:\/\/kolma.style\/#\/schema\/logo\/image\/\"},\"sameAs\":[\"https:\/\/www.facebook.com\/profile.php?id=61556920808920\",\"https:\/\/www.instagram.com\/kolma.style\/?fbclid=IwAR0eh-ysiGmHlhMTTXWvRwIwA3CvXlQh5dpJIE-jZ6fIvW2vXcgQSl0Y-ys\"]}]}<\/script>\n<!-- \/ Yoast SEO plugin. -->","yoast_head_json":{"title":"Bundle: Serviette de bain & N\u00e9cessaire Caribbean\/Blanc - Kolma Style","description":"La serviette de bain moelleuse assure ta confort au bord de l'eau, tandis que la n\u00e9cessaire assortie permet de ranger ta cr\u00e8me solaire et autres essentiels. Les couleurs sont coordonn\u00e9es et pr\u00eates pour ta prochaine journ\u00e9e \u00e0 la plage ou au spa.","robots":{"index":"index","follow":"follow","max-snippet":"max-snippet:-1","max-image-preview":"max-image-preview:large","max-video-preview":"max-video-preview:-1"},"og_locale":"fr_FR","og_type":"article","og_title":"Bundle: Serviette de bain & N\u00e9cessaire Caribbean\/Blanc - Kolma Style","og_description":"La serviette de bain moelleuse assure ta confort au bord de l'eau, tandis que la n\u00e9cessaire assortie permet de ranger ta cr\u00e8me solaire et autres essentiels. Les couleurs sont coordonn\u00e9es et pr\u00eates pour ta prochaine journ\u00e9e \u00e0 la plage ou au spa.","og_url":"https:\/\/kolma.style\/fr\/shop\/paquets\/bundle-serviette-de-bain-necessaire-caribbean\/","og_site_name":"Kolma Style","article_publisher":"https:\/\/www.facebook.com\/profile.php?id=61556920808920","article_modified_time":"2025-08-07T13:38:13+00:00","og_image":[{"width":1000,"height":1000,"url":"https:\/\/kolma.style\/wp-content\/uploads\/2025\/08\/14.618.20_G.png","type":"image\/png"}],"twitter_card":"summary_large_image","twitter_misc":{"Dur\u00e9e de lecture estim\u00e9e":"1 minute"},"schema":{"@context":"https:\/\/schema.org","@graph":[{"@type":"WebPage","@id":"https:\/\/kolma.style\/fr\/shop\/paquets\/bundle-serviette-de-bain-necessaire-caribbean\/","url":"https:\/\/kolma.style\/fr\/shop\/paquets\/bundle-serviette-de-bain-necessaire-caribbean\/","name":"Bundle: Serviette de bain & N\u00e9cessaire Caribbean\/Blanc - Kolma Style","isPartOf":{"@id":"https:\/\/kolma.style\/#website"},"primaryImageOfPage":{"@id":"https:\/\/kolma.style\/fr\/shop\/paquets\/bundle-serviette-de-bain-necessaire-caribbean\/#primaryimage"},"image":{"@id":"https:\/\/kolma.style\/fr\/shop\/paquets\/bundle-serviette-de-bain-necessaire-caribbean\/#primaryimage"},"thumbnailUrl":"https:\/\/kolma.style\/wp-content\/uploads\/2025\/08\/14.618.20_G.png","datePublished":"2025-08-06T13:49:08+00:00","dateModified":"2025-08-07T13:38:13+00:00","description":"La serviette de bain moelleuse assure ta confort au bord de l'eau, tandis que la n\u00e9cessaire assortie permet de ranger ta cr\u00e8me solaire et autres essentiels. Les couleurs sont coordonn\u00e9es et pr\u00eates pour ta prochaine journ\u00e9e \u00e0 la plage ou au spa.","breadcrumb":{"@id":"https:\/\/kolma.style\/fr\/shop\/paquets\/bundle-serviette-de-bain-necessaire-caribbean\/#breadcrumb"},"inLanguage":"fr-FR","potentialAction":[{"@type":"ReadAction","target":["https:\/\/kolma.style\/fr\/shop\/paquets\/bundle-serviette-de-bain-necessaire-caribbean\/"]}]},{"@type":"ImageObject","inLanguage":"fr-FR","@id":"https:\/\/kolma.style\/fr\/shop\/paquets\/bundle-serviette-de-bain-necessaire-caribbean\/#primaryimage","url":"https:\/\/kolma.style\/wp-content\/uploads\/2025\/08\/14.618.20_G.png","contentUrl":"https:\/\/kolma.style\/wp-content\/uploads\/2025\/08\/14.618.20_G.png","width":1000,"height":1000},{"@type":"BreadcrumbList","@id":"https:\/\/kolma.style\/fr\/shop\/paquets\/bundle-serviette-de-bain-necessaire-caribbean\/#breadcrumb","itemListElement":[{"@type":"ListItem","position":1,"name":"Startseite","item":"https:\/\/kolma.style\/"},{"@type":"ListItem","position":2,"name":"Shop","item":"https:\/\/kolma.style\/fr\/shop\/"},{"@type":"ListItem","position":3,"name":"Bundle: Serviette de bain &#038; N\u00e9cessaire Caribbean\/Blanc"}]},{"@type":"WebSite","@id":"https:\/\/kolma.style\/#website","url":"https:\/\/kolma.style\/","name":"Kolma Style","description":"Entspannung und \u00adErholung mit Stil","publisher":{"@id":"https:\/\/kolma.style\/#organization"},"potentialAction":[{"@type":"SearchAction","target":{"@type":"EntryPoint","urlTemplate":"https:\/\/kolma.style\/?s={search_term_string}"},"query-input":"required name=search_term_string"}],"inLanguage":"fr-FR"},{"@type":"Organization","@id":"https:\/\/kolma.style\/#organization","name":"Kolma Style","url":"https:\/\/kolma.style\/","logo":{"@type":"ImageObject","inLanguage":"fr-FR","@id":"https:\/\/kolma.style\/#\/schema\/logo\/image\/","url":"https:\/\/kolma.style\/wp-content\/uploads\/2024\/02\/kolma_Logo_CMYK_mit-R_negativ.png","contentUrl":"https:\/\/kolma.style\/wp-content\/uploads\/2024\/02\/kolma_Logo_CMYK_mit-R_negativ.png","width":978,"height":385,"caption":"Kolma Style"},"image":{"@id":"https:\/\/kolma.style\/#\/schema\/logo\/image\/"},"sameAs":["https:\/\/www.facebook.com\/profile.php?id=61556920808920","https:\/\/www.instagram.com\/kolma.style\/?fbclid=IwAR0eh-ysiGmHlhMTTXWvRwIwA3CvXlQh5dpJIE-jZ6fIvW2vXcgQSl0Y-ys"]}]}},"_links":{"self":[{"href":"https:\/\/kolma.style\/fr\/wp-json\/wp\/v2\/product\/3233"}],"collection":[{"href":"https:\/\/kolma.style\/fr\/wp-json\/wp\/v2\/product"}],"about":[{"href":"https:\/\/kolma.style\/fr\/wp-json\/wp\/v2\/types\/product"}],"wp:featuredmedia":[{"embeddable":true,"href":"https:\/\/kolma.style\/fr\/wp-json\/wp\/v2\/media\/3168"}],"wp:attachment":[{"href":"https:\/\/kolma.style\/fr\/wp-json\/wp\/v2\/media?parent=3233"}],"wp:term":[{"taxonomy":"product_cat","embeddable":true,"href":"https:\/\/kolma.style\/fr\/wp-json\/wp\/v2\/product_cat?post=3233"},{"taxonomy":"product_tag","embeddable":true,"href":"https:\/\/kolma.style\/fr\/wp-json\/wp\/v2\/product_tag?post=3233"}],"curies":[{"name":"wp","href":"https:\/\/api.w.org\/{rel}","templated":true}]}}