{"id":3231,"date":"2025-08-06T15:27:52","date_gmt":"2025-08-06T13:27:52","guid":{"rendered":"https:\/\/kolma.style\/?post_type=product&#038;p=3231"},"modified":"2025-08-07T15:27:14","modified_gmt":"2025-08-07T13:27:14","slug":"bundle-2x-parapluie-olive-2","status":"publish","type":"product","link":"https:\/\/kolma.style\/fr\/shop\/paquets\/bundle-2x-parapluie-olive-2\/","title":{"rendered":"Bundle: 2x Parapluie <p>Olive\/Blanc<\/p>"},"content":{"rendered":"<p>Deux parapluies, deux fois plus de style. Que ce soit pour toi et ton compagnon ou pour trouver le design adapt\u00e9 \u00e0 chaque m\u00e9t\u00e9o, cette combinaison garantit des t\u00eates au sec et la bonne humeur. Pratique, assorti en termes de couleurs et pr\u00eat pour la prochaine pluie estivale.<\/p>\n","protected":false},"excerpt":{"rendered":"<p>Deux parapluies, deux fois plus de style. Que ce soit pour toi et ton compagnon ou pour trouver le design adapt\u00e9 \u00e0 chaque m\u00e9t\u00e9o, cette combinaison garantit des t\u00eates au sec et la bonne humeur. Pratique, assorti en termes de couleurs et pr\u00eat pour la prochaine pluie estivale.<\/p>\n","protected":false},"featured_media":3156,"template":"","meta":{"_acf_changed":false},"product_cat":[100],"product_tag":[],"acf":[],"yoast_head":"<!-- This site is optimized with the Yoast SEO plugin v22.5 - https:\/\/yoast.com\/wordpress\/plugins\/seo\/ -->\n<title>Bundle: 2x Parapluie Olive\/Blanc - Kolma Style<\/title>\n<meta name=\"description\" content=\"Deux parapluies, deux fois plus de style. Que ce soit pour toi et ton compagnon ou pour trouver le design adapt\u00e9 \u00e0 chaque m\u00e9t\u00e9o, cette combinaison garantit des t\u00eates au sec et la bonne humeur. Pratique, assorti en termes de couleurs et pr\u00eat pour la prochaine pluie estivale.\" \/>\n<meta name=\"robots\" content=\"index, follow, max-snippet:-1, max-image-preview:large, max-video-preview:-1\" \/>\n<meta property=\"og:locale\" content=\"fr_FR\" \/>\n<meta property=\"og:type\" content=\"article\" \/>\n<meta property=\"og:title\" content=\"Bundle: 2x Parapluie Olive\/Blanc - Kolma Style\" \/>\n<meta property=\"og:description\" content=\"Deux parapluies, deux fois plus de style. Que ce soit pour toi et ton compagnon ou pour trouver le design adapt\u00e9 \u00e0 chaque m\u00e9t\u00e9o, cette combinaison garantit des t\u00eates au sec et la bonne humeur. Pratique, assorti en termes de couleurs et pr\u00eat pour la prochaine pluie estivale.\" \/>\n<meta property=\"og:url\" content=\"https:\/\/kolma.style\/fr\/shop\/paquets\/bundle-2x-parapluie-olive-2\/\" \/>\n<meta property=\"og:site_name\" content=\"Kolma Style\" \/>\n<meta property=\"article:publisher\" content=\"https:\/\/www.facebook.com\/profile.php?id=61556920808920\" \/>\n<meta property=\"article:modified_time\" content=\"2025-08-07T13:27:14+00:00\" \/>\n<meta property=\"og:image\" content=\"https:\/\/kolma.style\/wp-content\/uploads\/2025\/08\/14.612.20_G.png\" \/>\n\t<meta property=\"og:image:width\" content=\"1000\" \/>\n\t<meta property=\"og:image:height\" content=\"1000\" \/>\n\t<meta property=\"og:image:type\" content=\"image\/png\" \/>\n<meta name=\"twitter:card\" content=\"summary_large_image\" \/>\n<meta name=\"twitter:label1\" content=\"Dur\u00e9e de lecture estim\u00e9e\" \/>\n\t<meta name=\"twitter:data1\" content=\"1 minute\" \/>\n<script type=\"application\/ld+json\" class=\"yoast-schema-graph\">{\"@context\":\"https:\/\/schema.org\",\"@graph\":[{\"@type\":\"WebPage\",\"@id\":\"https:\/\/kolma.style\/fr\/shop\/paquets\/bundle-2x-parapluie-olive-2\/\",\"url\":\"https:\/\/kolma.style\/fr\/shop\/paquets\/bundle-2x-parapluie-olive-2\/\",\"name\":\"Bundle: 2x Parapluie Olive\/Blanc - Kolma Style\",\"isPartOf\":{\"@id\":\"https:\/\/kolma.style\/#website\"},\"primaryImageOfPage\":{\"@id\":\"https:\/\/kolma.style\/fr\/shop\/paquets\/bundle-2x-parapluie-olive-2\/#primaryimage\"},\"image\":{\"@id\":\"https:\/\/kolma.style\/fr\/shop\/paquets\/bundle-2x-parapluie-olive-2\/#primaryimage\"},\"thumbnailUrl\":\"https:\/\/kolma.style\/wp-content\/uploads\/2025\/08\/14.612.20_G.png\",\"datePublished\":\"2025-08-06T13:27:52+00:00\",\"dateModified\":\"2025-08-07T13:27:14+00:00\",\"description\":\"Deux parapluies, deux fois plus de style. Que ce soit pour toi et ton compagnon ou pour trouver le design adapt\u00e9 \u00e0 chaque m\u00e9t\u00e9o, cette combinaison garantit des t\u00eates au sec et la bonne humeur. Pratique, assorti en termes de couleurs et pr\u00eat pour la prochaine pluie estivale.\",\"breadcrumb\":{\"@id\":\"https:\/\/kolma.style\/fr\/shop\/paquets\/bundle-2x-parapluie-olive-2\/#breadcrumb\"},\"inLanguage\":\"fr-FR\",\"potentialAction\":[{\"@type\":\"ReadAction\",\"target\":[\"https:\/\/kolma.style\/fr\/shop\/paquets\/bundle-2x-parapluie-olive-2\/\"]}]},{\"@type\":\"ImageObject\",\"inLanguage\":\"fr-FR\",\"@id\":\"https:\/\/kolma.style\/fr\/shop\/paquets\/bundle-2x-parapluie-olive-2\/#primaryimage\",\"url\":\"https:\/\/kolma.style\/wp-content\/uploads\/2025\/08\/14.612.20_G.png\",\"contentUrl\":\"https:\/\/kolma.style\/wp-content\/uploads\/2025\/08\/14.612.20_G.png\",\"width\":1000,\"height\":1000},{\"@type\":\"BreadcrumbList\",\"@id\":\"https:\/\/kolma.style\/fr\/shop\/paquets\/bundle-2x-parapluie-olive-2\/#breadcrumb\",\"itemListElement\":[{\"@type\":\"ListItem\",\"position\":1,\"name\":\"Startseite\",\"item\":\"https:\/\/kolma.style\/\"},{\"@type\":\"ListItem\",\"position\":2,\"name\":\"Shop\",\"item\":\"https:\/\/kolma.style\/fr\/shop\/\"},{\"@type\":\"ListItem\",\"position\":3,\"name\":\"Bundle: 2x Parapluie Olive\/Blanc\"}]},{\"@type\":\"WebSite\",\"@id\":\"https:\/\/kolma.style\/#website\",\"url\":\"https:\/\/kolma.style\/\",\"name\":\"Kolma Style\",\"description\":\"Entspannung und \u00adErholung mit Stil\",\"publisher\":{\"@id\":\"https:\/\/kolma.style\/#organization\"},\"potentialAction\":[{\"@type\":\"SearchAction\",\"target\":{\"@type\":\"EntryPoint\",\"urlTemplate\":\"https:\/\/kolma.style\/?s={search_term_string}\"},\"query-input\":\"required name=search_term_string\"}],\"inLanguage\":\"fr-FR\"},{\"@type\":\"Organization\",\"@id\":\"https:\/\/kolma.style\/#organization\",\"name\":\"Kolma Style\",\"url\":\"https:\/\/kolma.style\/\",\"logo\":{\"@type\":\"ImageObject\",\"inLanguage\":\"fr-FR\",\"@id\":\"https:\/\/kolma.style\/#\/schema\/logo\/image\/\",\"url\":\"https:\/\/kolma.style\/wp-content\/uploads\/2024\/02\/kolma_Logo_CMYK_mit-R_negativ.png\",\"contentUrl\":\"https:\/\/kolma.style\/wp-content\/uploads\/2024\/02\/kolma_Logo_CMYK_mit-R_negativ.png\",\"width\":978,\"height\":385,\"caption\":\"Kolma Style\"},\"image\":{\"@id\":\"https:\/\/kolma.style\/#\/schema\/logo\/image\/\"},\"sameAs\":[\"https:\/\/www.facebook.com\/profile.php?id=61556920808920\",\"https:\/\/www.instagram.com\/kolma.style\/?fbclid=IwAR0eh-ysiGmHlhMTTXWvRwIwA3CvXlQh5dpJIE-jZ6fIvW2vXcgQSl0Y-ys\"]}]}<\/script>\n<!-- \/ Yoast SEO plugin. -->","yoast_head_json":{"title":"Bundle: 2x Parapluie Olive\/Blanc - Kolma Style","description":"Deux parapluies, deux fois plus de style. Que ce soit pour toi et ton compagnon ou pour trouver le design adapt\u00e9 \u00e0 chaque m\u00e9t\u00e9o, cette combinaison garantit des t\u00eates au sec et la bonne humeur. Pratique, assorti en termes de couleurs et pr\u00eat pour la prochaine pluie estivale.","robots":{"index":"index","follow":"follow","max-snippet":"max-snippet:-1","max-image-preview":"max-image-preview:large","max-video-preview":"max-video-preview:-1"},"og_locale":"fr_FR","og_type":"article","og_title":"Bundle: 2x Parapluie Olive\/Blanc - Kolma Style","og_description":"Deux parapluies, deux fois plus de style. Que ce soit pour toi et ton compagnon ou pour trouver le design adapt\u00e9 \u00e0 chaque m\u00e9t\u00e9o, cette combinaison garantit des t\u00eates au sec et la bonne humeur. Pratique, assorti en termes de couleurs et pr\u00eat pour la prochaine pluie estivale.","og_url":"https:\/\/kolma.style\/fr\/shop\/paquets\/bundle-2x-parapluie-olive-2\/","og_site_name":"Kolma Style","article_publisher":"https:\/\/www.facebook.com\/profile.php?id=61556920808920","article_modified_time":"2025-08-07T13:27:14+00:00","og_image":[{"width":1000,"height":1000,"url":"https:\/\/kolma.style\/wp-content\/uploads\/2025\/08\/14.612.20_G.png","type":"image\/png"}],"twitter_card":"summary_large_image","twitter_misc":{"Dur\u00e9e de lecture estim\u00e9e":"1 minute"},"schema":{"@context":"https:\/\/schema.org","@graph":[{"@type":"WebPage","@id":"https:\/\/kolma.style\/fr\/shop\/paquets\/bundle-2x-parapluie-olive-2\/","url":"https:\/\/kolma.style\/fr\/shop\/paquets\/bundle-2x-parapluie-olive-2\/","name":"Bundle: 2x Parapluie Olive\/Blanc - Kolma Style","isPartOf":{"@id":"https:\/\/kolma.style\/#website"},"primaryImageOfPage":{"@id":"https:\/\/kolma.style\/fr\/shop\/paquets\/bundle-2x-parapluie-olive-2\/#primaryimage"},"image":{"@id":"https:\/\/kolma.style\/fr\/shop\/paquets\/bundle-2x-parapluie-olive-2\/#primaryimage"},"thumbnailUrl":"https:\/\/kolma.style\/wp-content\/uploads\/2025\/08\/14.612.20_G.png","datePublished":"2025-08-06T13:27:52+00:00","dateModified":"2025-08-07T13:27:14+00:00","description":"Deux parapluies, deux fois plus de style. Que ce soit pour toi et ton compagnon ou pour trouver le design adapt\u00e9 \u00e0 chaque m\u00e9t\u00e9o, cette combinaison garantit des t\u00eates au sec et la bonne humeur. Pratique, assorti en termes de couleurs et pr\u00eat pour la prochaine pluie estivale.","breadcrumb":{"@id":"https:\/\/kolma.style\/fr\/shop\/paquets\/bundle-2x-parapluie-olive-2\/#breadcrumb"},"inLanguage":"fr-FR","potentialAction":[{"@type":"ReadAction","target":["https:\/\/kolma.style\/fr\/shop\/paquets\/bundle-2x-parapluie-olive-2\/"]}]},{"@type":"ImageObject","inLanguage":"fr-FR","@id":"https:\/\/kolma.style\/fr\/shop\/paquets\/bundle-2x-parapluie-olive-2\/#primaryimage","url":"https:\/\/kolma.style\/wp-content\/uploads\/2025\/08\/14.612.20_G.png","contentUrl":"https:\/\/kolma.style\/wp-content\/uploads\/2025\/08\/14.612.20_G.png","width":1000,"height":1000},{"@type":"BreadcrumbList","@id":"https:\/\/kolma.style\/fr\/shop\/paquets\/bundle-2x-parapluie-olive-2\/#breadcrumb","itemListElement":[{"@type":"ListItem","position":1,"name":"Startseite","item":"https:\/\/kolma.style\/"},{"@type":"ListItem","position":2,"name":"Shop","item":"https:\/\/kolma.style\/fr\/shop\/"},{"@type":"ListItem","position":3,"name":"Bundle: 2x Parapluie Olive\/Blanc"}]},{"@type":"WebSite","@id":"https:\/\/kolma.style\/#website","url":"https:\/\/kolma.style\/","name":"Kolma Style","description":"Entspannung und \u00adErholung mit Stil","publisher":{"@id":"https:\/\/kolma.style\/#organization"},"potentialAction":[{"@type":"SearchAction","target":{"@type":"EntryPoint","urlTemplate":"https:\/\/kolma.style\/?s={search_term_string}"},"query-input":"required name=search_term_string"}],"inLanguage":"fr-FR"},{"@type":"Organization","@id":"https:\/\/kolma.style\/#organization","name":"Kolma Style","url":"https:\/\/kolma.style\/","logo":{"@type":"ImageObject","inLanguage":"fr-FR","@id":"https:\/\/kolma.style\/#\/schema\/logo\/image\/","url":"https:\/\/kolma.style\/wp-content\/uploads\/2024\/02\/kolma_Logo_CMYK_mit-R_negativ.png","contentUrl":"https:\/\/kolma.style\/wp-content\/uploads\/2024\/02\/kolma_Logo_CMYK_mit-R_negativ.png","width":978,"height":385,"caption":"Kolma Style"},"image":{"@id":"https:\/\/kolma.style\/#\/schema\/logo\/image\/"},"sameAs":["https:\/\/www.facebook.com\/profile.php?id=61556920808920","https:\/\/www.instagram.com\/kolma.style\/?fbclid=IwAR0eh-ysiGmHlhMTTXWvRwIwA3CvXlQh5dpJIE-jZ6fIvW2vXcgQSl0Y-ys"]}]}},"_links":{"self":[{"href":"https:\/\/kolma.style\/fr\/wp-json\/wp\/v2\/product\/3231"}],"collection":[{"href":"https:\/\/kolma.style\/fr\/wp-json\/wp\/v2\/product"}],"about":[{"href":"https:\/\/kolma.style\/fr\/wp-json\/wp\/v2\/types\/product"}],"wp:featuredmedia":[{"embeddable":true,"href":"https:\/\/kolma.style\/fr\/wp-json\/wp\/v2\/media\/3156"}],"wp:attachment":[{"href":"https:\/\/kolma.style\/fr\/wp-json\/wp\/v2\/media?parent=3231"}],"wp:term":[{"taxonomy":"product_cat","embeddable":true,"href":"https:\/\/kolma.style\/fr\/wp-json\/wp\/v2\/product_cat?post=3231"},{"taxonomy":"product_tag","embeddable":true,"href":"https:\/\/kolma.style\/fr\/wp-json\/wp\/v2\/product_tag?post=3231"}],"curies":[{"name":"wp","href":"https:\/\/api.w.org\/{rel}","templated":true}]}}