{"id":3177,"date":"2025-08-06T15:11:51","date_gmt":"2025-08-06T13:11:51","guid":{"rendered":"https:\/\/kolma.style\/?post_type=product&#038;p=3177"},"modified":"2025-08-07T13:37:02","modified_gmt":"2025-08-07T11:37:02","slug":"bundle-serviette-de-bain-carnet-de-notes-a6-caribbean","status":"publish","type":"product","link":"https:\/\/kolma.style\/fr\/shop\/paquets\/bundle-serviette-de-bain-carnet-de-notes-a6-caribbean\/","title":{"rendered":"Bundle: Serviette de bain &#038; Carnet de notes A6<p>Caribbean\/Blanc<\/p>"},"content":{"rendered":"<p>Que ce soit apr\u00e8s la baignade ou pendant que tu prends le soleil, le carnet assorti \u00e0 la serviette de plage te permet de noter tout ce qui te passe par la t\u00eate. Pour tes pens\u00e9es, tes t\u00e2ches \u00e0 accomplir ou tes r\u00eaves d&#8217;\u00e9t\u00e9, directement du lac sur le papier.<\/p>\n","protected":false},"excerpt":{"rendered":"<p>Que ce soit apr\u00e8s la baignade ou pendant que tu prends le soleil, le carnet assorti \u00e0 la serviette de plage te permet de noter tout ce qui te passe par la t\u00eate. Pour tes pens\u00e9es, tes t\u00e2ches \u00e0 accomplir ou tes r\u00eaves d&#8217;\u00e9t\u00e9, directement du lac sur le papier.<\/p>\n","protected":false},"featured_media":3196,"template":"","meta":{"_acf_changed":false},"product_cat":[100],"product_tag":[],"acf":[],"yoast_head":"<!-- This site is optimized with the Yoast SEO plugin v22.5 - https:\/\/yoast.com\/wordpress\/plugins\/seo\/ -->\n<title>Bundle: Serviette de bain &amp; Carnet de notes A6Caribbean\/Blanc - Kolma Style<\/title>\n<meta name=\"description\" content=\"\u00c0 la maison comme en voyage, au spa comme \u00e0 la piscine, ce n\u00e9cessaire est le compagnon id\u00e9al partout o\u00f9 vous souhaitez allier l&#039;\u00e9l\u00e9gance au c\u00f4t\u00e9 pratique.\" \/>\n<meta name=\"robots\" content=\"index, follow, max-snippet:-1, max-image-preview:large, max-video-preview:-1\" \/>\n<meta property=\"og:locale\" content=\"fr_FR\" \/>\n<meta property=\"og:type\" content=\"article\" \/>\n<meta property=\"og:title\" content=\"Bundle: Serviette de bain &amp; Carnet de notes A6Caribbean\/Blanc - Kolma Style\" \/>\n<meta property=\"og:description\" content=\"\u00c0 la maison comme en voyage, au spa comme \u00e0 la piscine, ce n\u00e9cessaire est le compagnon id\u00e9al partout o\u00f9 vous souhaitez allier l&#039;\u00e9l\u00e9gance au c\u00f4t\u00e9 pratique.\" \/>\n<meta property=\"og:url\" content=\"https:\/\/kolma.style\/fr\/shop\/paquets\/bundle-serviette-de-bain-carnet-de-notes-a6-caribbean\/\" \/>\n<meta property=\"og:site_name\" content=\"Kolma Style\" \/>\n<meta property=\"article:publisher\" content=\"https:\/\/www.facebook.com\/profile.php?id=61556920808920\" \/>\n<meta property=\"article:modified_time\" content=\"2025-08-07T11:37:02+00:00\" \/>\n<meta property=\"og:image\" content=\"https:\/\/kolma.style\/wp-content\/uploads\/2025\/08\/14.605.20_G-1.png\" \/>\n\t<meta property=\"og:image:width\" content=\"1000\" \/>\n\t<meta property=\"og:image:height\" content=\"1000\" \/>\n\t<meta property=\"og:image:type\" content=\"image\/png\" \/>\n<meta name=\"twitter:card\" content=\"summary_large_image\" \/>\n<meta name=\"twitter:label1\" content=\"Dur\u00e9e de lecture estim\u00e9e\" \/>\n\t<meta name=\"twitter:data1\" content=\"1 minute\" \/>\n<script type=\"application\/ld+json\" class=\"yoast-schema-graph\">{\"@context\":\"https:\/\/schema.org\",\"@graph\":[{\"@type\":\"WebPage\",\"@id\":\"https:\/\/kolma.style\/fr\/shop\/paquets\/bundle-serviette-de-bain-carnet-de-notes-a6-caribbean\/\",\"url\":\"https:\/\/kolma.style\/fr\/shop\/paquets\/bundle-serviette-de-bain-carnet-de-notes-a6-caribbean\/\",\"name\":\"Bundle: Serviette de bain & Carnet de notes A6Caribbean\/Blanc - Kolma Style\",\"isPartOf\":{\"@id\":\"https:\/\/kolma.style\/#website\"},\"primaryImageOfPage\":{\"@id\":\"https:\/\/kolma.style\/fr\/shop\/paquets\/bundle-serviette-de-bain-carnet-de-notes-a6-caribbean\/#primaryimage\"},\"image\":{\"@id\":\"https:\/\/kolma.style\/fr\/shop\/paquets\/bundle-serviette-de-bain-carnet-de-notes-a6-caribbean\/#primaryimage\"},\"thumbnailUrl\":\"https:\/\/kolma.style\/wp-content\/uploads\/2025\/08\/14.605.20_G-1.png\",\"datePublished\":\"2025-08-06T13:11:51+00:00\",\"dateModified\":\"2025-08-07T11:37:02+00:00\",\"description\":\"\u00c0 la maison comme en voyage, au spa comme \u00e0 la piscine, ce n\u00e9cessaire est le compagnon id\u00e9al partout o\u00f9 vous souhaitez allier l'\u00e9l\u00e9gance au c\u00f4t\u00e9 pratique.\",\"breadcrumb\":{\"@id\":\"https:\/\/kolma.style\/fr\/shop\/paquets\/bundle-serviette-de-bain-carnet-de-notes-a6-caribbean\/#breadcrumb\"},\"inLanguage\":\"fr-FR\",\"potentialAction\":[{\"@type\":\"ReadAction\",\"target\":[\"https:\/\/kolma.style\/fr\/shop\/paquets\/bundle-serviette-de-bain-carnet-de-notes-a6-caribbean\/\"]}]},{\"@type\":\"ImageObject\",\"inLanguage\":\"fr-FR\",\"@id\":\"https:\/\/kolma.style\/fr\/shop\/paquets\/bundle-serviette-de-bain-carnet-de-notes-a6-caribbean\/#primaryimage\",\"url\":\"https:\/\/kolma.style\/wp-content\/uploads\/2025\/08\/14.605.20_G-1.png\",\"contentUrl\":\"https:\/\/kolma.style\/wp-content\/uploads\/2025\/08\/14.605.20_G-1.png\",\"width\":1000,\"height\":1000},{\"@type\":\"BreadcrumbList\",\"@id\":\"https:\/\/kolma.style\/fr\/shop\/paquets\/bundle-serviette-de-bain-carnet-de-notes-a6-caribbean\/#breadcrumb\",\"itemListElement\":[{\"@type\":\"ListItem\",\"position\":1,\"name\":\"Startseite\",\"item\":\"https:\/\/kolma.style\/\"},{\"@type\":\"ListItem\",\"position\":2,\"name\":\"Shop\",\"item\":\"https:\/\/kolma.style\/fr\/shop\/\"},{\"@type\":\"ListItem\",\"position\":3,\"name\":\"Bundle: Serviette de bain &#038; Carnet de notes A6Caribbean\/Blanc\"}]},{\"@type\":\"WebSite\",\"@id\":\"https:\/\/kolma.style\/#website\",\"url\":\"https:\/\/kolma.style\/\",\"name\":\"Kolma Style\",\"description\":\"Entspannung und \u00adErholung mit Stil\",\"publisher\":{\"@id\":\"https:\/\/kolma.style\/#organization\"},\"potentialAction\":[{\"@type\":\"SearchAction\",\"target\":{\"@type\":\"EntryPoint\",\"urlTemplate\":\"https:\/\/kolma.style\/?s={search_term_string}\"},\"query-input\":\"required name=search_term_string\"}],\"inLanguage\":\"fr-FR\"},{\"@type\":\"Organization\",\"@id\":\"https:\/\/kolma.style\/#organization\",\"name\":\"Kolma Style\",\"url\":\"https:\/\/kolma.style\/\",\"logo\":{\"@type\":\"ImageObject\",\"inLanguage\":\"fr-FR\",\"@id\":\"https:\/\/kolma.style\/#\/schema\/logo\/image\/\",\"url\":\"https:\/\/kolma.style\/wp-content\/uploads\/2024\/02\/kolma_Logo_CMYK_mit-R_negativ.png\",\"contentUrl\":\"https:\/\/kolma.style\/wp-content\/uploads\/2024\/02\/kolma_Logo_CMYK_mit-R_negativ.png\",\"width\":978,\"height\":385,\"caption\":\"Kolma Style\"},\"image\":{\"@id\":\"https:\/\/kolma.style\/#\/schema\/logo\/image\/\"},\"sameAs\":[\"https:\/\/www.facebook.com\/profile.php?id=61556920808920\",\"https:\/\/www.instagram.com\/kolma.style\/?fbclid=IwAR0eh-ysiGmHlhMTTXWvRwIwA3CvXlQh5dpJIE-jZ6fIvW2vXcgQSl0Y-ys\"]}]}<\/script>\n<!-- \/ Yoast SEO plugin. -->","yoast_head_json":{"title":"Bundle: Serviette de bain & Carnet de notes A6Caribbean\/Blanc - Kolma Style","description":"\u00c0 la maison comme en voyage, au spa comme \u00e0 la piscine, ce n\u00e9cessaire est le compagnon id\u00e9al partout o\u00f9 vous souhaitez allier l'\u00e9l\u00e9gance au c\u00f4t\u00e9 pratique.","robots":{"index":"index","follow":"follow","max-snippet":"max-snippet:-1","max-image-preview":"max-image-preview:large","max-video-preview":"max-video-preview:-1"},"og_locale":"fr_FR","og_type":"article","og_title":"Bundle: Serviette de bain & Carnet de notes A6Caribbean\/Blanc - Kolma Style","og_description":"\u00c0 la maison comme en voyage, au spa comme \u00e0 la piscine, ce n\u00e9cessaire est le compagnon id\u00e9al partout o\u00f9 vous souhaitez allier l'\u00e9l\u00e9gance au c\u00f4t\u00e9 pratique.","og_url":"https:\/\/kolma.style\/fr\/shop\/paquets\/bundle-serviette-de-bain-carnet-de-notes-a6-caribbean\/","og_site_name":"Kolma Style","article_publisher":"https:\/\/www.facebook.com\/profile.php?id=61556920808920","article_modified_time":"2025-08-07T11:37:02+00:00","og_image":[{"width":1000,"height":1000,"url":"https:\/\/kolma.style\/wp-content\/uploads\/2025\/08\/14.605.20_G-1.png","type":"image\/png"}],"twitter_card":"summary_large_image","twitter_misc":{"Dur\u00e9e de lecture estim\u00e9e":"1 minute"},"schema":{"@context":"https:\/\/schema.org","@graph":[{"@type":"WebPage","@id":"https:\/\/kolma.style\/fr\/shop\/paquets\/bundle-serviette-de-bain-carnet-de-notes-a6-caribbean\/","url":"https:\/\/kolma.style\/fr\/shop\/paquets\/bundle-serviette-de-bain-carnet-de-notes-a6-caribbean\/","name":"Bundle: Serviette de bain & Carnet de notes A6Caribbean\/Blanc - Kolma Style","isPartOf":{"@id":"https:\/\/kolma.style\/#website"},"primaryImageOfPage":{"@id":"https:\/\/kolma.style\/fr\/shop\/paquets\/bundle-serviette-de-bain-carnet-de-notes-a6-caribbean\/#primaryimage"},"image":{"@id":"https:\/\/kolma.style\/fr\/shop\/paquets\/bundle-serviette-de-bain-carnet-de-notes-a6-caribbean\/#primaryimage"},"thumbnailUrl":"https:\/\/kolma.style\/wp-content\/uploads\/2025\/08\/14.605.20_G-1.png","datePublished":"2025-08-06T13:11:51+00:00","dateModified":"2025-08-07T11:37:02+00:00","description":"\u00c0 la maison comme en voyage, au spa comme \u00e0 la piscine, ce n\u00e9cessaire est le compagnon id\u00e9al partout o\u00f9 vous souhaitez allier l'\u00e9l\u00e9gance au c\u00f4t\u00e9 pratique.","breadcrumb":{"@id":"https:\/\/kolma.style\/fr\/shop\/paquets\/bundle-serviette-de-bain-carnet-de-notes-a6-caribbean\/#breadcrumb"},"inLanguage":"fr-FR","potentialAction":[{"@type":"ReadAction","target":["https:\/\/kolma.style\/fr\/shop\/paquets\/bundle-serviette-de-bain-carnet-de-notes-a6-caribbean\/"]}]},{"@type":"ImageObject","inLanguage":"fr-FR","@id":"https:\/\/kolma.style\/fr\/shop\/paquets\/bundle-serviette-de-bain-carnet-de-notes-a6-caribbean\/#primaryimage","url":"https:\/\/kolma.style\/wp-content\/uploads\/2025\/08\/14.605.20_G-1.png","contentUrl":"https:\/\/kolma.style\/wp-content\/uploads\/2025\/08\/14.605.20_G-1.png","width":1000,"height":1000},{"@type":"BreadcrumbList","@id":"https:\/\/kolma.style\/fr\/shop\/paquets\/bundle-serviette-de-bain-carnet-de-notes-a6-caribbean\/#breadcrumb","itemListElement":[{"@type":"ListItem","position":1,"name":"Startseite","item":"https:\/\/kolma.style\/"},{"@type":"ListItem","position":2,"name":"Shop","item":"https:\/\/kolma.style\/fr\/shop\/"},{"@type":"ListItem","position":3,"name":"Bundle: Serviette de bain &#038; Carnet de notes A6Caribbean\/Blanc"}]},{"@type":"WebSite","@id":"https:\/\/kolma.style\/#website","url":"https:\/\/kolma.style\/","name":"Kolma Style","description":"Entspannung und \u00adErholung mit Stil","publisher":{"@id":"https:\/\/kolma.style\/#organization"},"potentialAction":[{"@type":"SearchAction","target":{"@type":"EntryPoint","urlTemplate":"https:\/\/kolma.style\/?s={search_term_string}"},"query-input":"required name=search_term_string"}],"inLanguage":"fr-FR"},{"@type":"Organization","@id":"https:\/\/kolma.style\/#organization","name":"Kolma Style","url":"https:\/\/kolma.style\/","logo":{"@type":"ImageObject","inLanguage":"fr-FR","@id":"https:\/\/kolma.style\/#\/schema\/logo\/image\/","url":"https:\/\/kolma.style\/wp-content\/uploads\/2024\/02\/kolma_Logo_CMYK_mit-R_negativ.png","contentUrl":"https:\/\/kolma.style\/wp-content\/uploads\/2024\/02\/kolma_Logo_CMYK_mit-R_negativ.png","width":978,"height":385,"caption":"Kolma Style"},"image":{"@id":"https:\/\/kolma.style\/#\/schema\/logo\/image\/"},"sameAs":["https:\/\/www.facebook.com\/profile.php?id=61556920808920","https:\/\/www.instagram.com\/kolma.style\/?fbclid=IwAR0eh-ysiGmHlhMTTXWvRwIwA3CvXlQh5dpJIE-jZ6fIvW2vXcgQSl0Y-ys"]}]}},"_links":{"self":[{"href":"https:\/\/kolma.style\/fr\/wp-json\/wp\/v2\/product\/3177"}],"collection":[{"href":"https:\/\/kolma.style\/fr\/wp-json\/wp\/v2\/product"}],"about":[{"href":"https:\/\/kolma.style\/fr\/wp-json\/wp\/v2\/types\/product"}],"wp:featuredmedia":[{"embeddable":true,"href":"https:\/\/kolma.style\/fr\/wp-json\/wp\/v2\/media\/3196"}],"wp:attachment":[{"href":"https:\/\/kolma.style\/fr\/wp-json\/wp\/v2\/media?parent=3177"}],"wp:term":[{"taxonomy":"product_cat","embeddable":true,"href":"https:\/\/kolma.style\/fr\/wp-json\/wp\/v2\/product_cat?post=3177"},{"taxonomy":"product_tag","embeddable":true,"href":"https:\/\/kolma.style\/fr\/wp-json\/wp\/v2\/product_tag?post=3177"}],"curies":[{"name":"wp","href":"https:\/\/api.w.org\/{rel}","templated":true}]}}