{"id":2586,"date":"2025-05-05T15:35:34","date_gmt":"2025-05-05T13:35:34","guid":{"rendered":"https:\/\/kolma.style\/?post_type=product&#038;p=2586"},"modified":"2025-08-04T08:22:43","modified_gmt":"2025-08-04T06:22:43","slug":"necessaire-stripy-lemon-blanc","status":"publish","type":"product","link":"https:\/\/kolma.style\/fr\/shop\/necessaire-fr\/necessaire-stripy-lemon-blanc\/","title":{"rendered":"N\u00e9cessaire Stripy <p>Lemon\/Blanc<\/p>"},"content":{"rendered":"<p>\u00c0 la maison comme en voyage, au spa comme \u00e0 la piscine, ce n\u00e9cessaire est le compagnon id\u00e9al partout o\u00f9 tu souhaites allier l&#8217;\u00e9l\u00e9gance au c\u00f4t\u00e9 pratique. Son ext\u00e9rieur en tissu \u00e9ponge 100 % coton la rend douce et souple, et son int\u00e9rieur muni d&#8217;un astucieux rev\u00eatement plastifi\u00e9 emp\u00eache tes produits de s&#8217;\u00e9chapper tout en faisant barri\u00e8re \u00e0 ce qui ne doit pas entrer. Qu&#8217;il s&#8217;agisse d&#8217;articles de soins ou d&#8217;objets de valeur tels que ton t\u00e9l\u00e9phone ou tes cl\u00e9s, tout y sera parfaitement prot\u00e9g\u00e9 contre l&#8217;humidit\u00e9, le sable et les petits accidents. Sa fermeture \u00e9clair te permet de garder toutes tes affaires bien rang\u00e9es et facilement accessibles.<\/p>\n<p>La trousse est disponible dans les couleurs Flamingo, Lemon et Caribbean pour un look \u00e9clatant, ou Olive, Nardo et Sand pour un charme intemporel. \u00c0 la fois \u00e9l\u00e9gante, pratique et toujours \u00e0 port\u00e9e de main, elle ne saurait manquer \u00e0 aucun de tes d\u00e9placements.<\/p>\n","protected":false},"excerpt":{"rendered":"<p>\u00c0 la maison comme en voyage, au spa comme \u00e0 la piscine, ce n\u00e9cessaire est le compagnon id\u00e9al partout o\u00f9 tu souhaites allier l&#8217;\u00e9l\u00e9gance au c\u00f4t\u00e9 pratique. Son ext\u00e9rieur en tissu \u00e9ponge 100 % coton la rend douce et souple, et son int\u00e9rieur muni d&#8217;un astucieux rev\u00eatement plastifi\u00e9 emp\u00eache tes produits de s&#8217;\u00e9chapper tout en&#8230;<\/p>\n","protected":false},"featured_media":3046,"template":"","meta":{"_acf_changed":false},"product_cat":[103],"product_tag":[],"acf":[],"yoast_head":"<!-- This site is optimized with the Yoast SEO plugin v22.5 - https:\/\/yoast.com\/wordpress\/plugins\/seo\/ -->\n<title>N\u00e9cessaire Stripy Lemon\/Blanc - Kolma Style<\/title>\n<meta name=\"description\" content=\"\u00c0 la maison comme en voyage, au spa comme \u00e0 la piscine, ce n\u00e9cessaire est le compagnon id\u00e9al partout o\u00f9 vous souhaitez allier l&#039;\u00e9l\u00e9gance au c\u00f4t\u00e9 pratique.\" \/>\n<meta name=\"robots\" content=\"index, follow, max-snippet:-1, max-image-preview:large, max-video-preview:-1\" \/>\n<meta property=\"og:locale\" content=\"fr_FR\" \/>\n<meta property=\"og:type\" content=\"article\" \/>\n<meta property=\"og:title\" content=\"N\u00e9cessaire Stripy Lemon\/Blanc - Kolma Style\" \/>\n<meta property=\"og:description\" content=\"\u00c0 la maison comme en voyage, au spa comme \u00e0 la piscine, ce n\u00e9cessaire est le compagnon id\u00e9al partout o\u00f9 vous souhaitez allier l&#039;\u00e9l\u00e9gance au c\u00f4t\u00e9 pratique.\" \/>\n<meta property=\"og:url\" content=\"https:\/\/kolma.style\/fr\/shop\/necessaire-fr\/necessaire-stripy-lemon-blanc\/\" \/>\n<meta property=\"og:site_name\" content=\"Kolma Style\" \/>\n<meta property=\"article:publisher\" content=\"https:\/\/www.facebook.com\/profile.php?id=61556920808920\" \/>\n<meta property=\"article:modified_time\" content=\"2025-08-04T06:22:43+00:00\" \/>\n<meta property=\"og:image\" content=\"https:\/\/kolma.style\/wp-content\/uploads\/2025\/07\/14.428.20_E.png\" \/>\n\t<meta property=\"og:image:width\" content=\"1000\" \/>\n\t<meta property=\"og:image:height\" content=\"1000\" \/>\n\t<meta property=\"og:image:type\" content=\"image\/png\" \/>\n<meta name=\"twitter:card\" content=\"summary_large_image\" \/>\n<meta name=\"twitter:label1\" content=\"Dur\u00e9e de lecture estim\u00e9e\" \/>\n\t<meta name=\"twitter:data1\" content=\"2 minutes\" \/>\n<script type=\"application\/ld+json\" class=\"yoast-schema-graph\">{\"@context\":\"https:\/\/schema.org\",\"@graph\":[{\"@type\":\"WebPage\",\"@id\":\"https:\/\/kolma.style\/fr\/shop\/necessaire-fr\/necessaire-stripy-lemon-blanc\/\",\"url\":\"https:\/\/kolma.style\/fr\/shop\/necessaire-fr\/necessaire-stripy-lemon-blanc\/\",\"name\":\"N\u00e9cessaire Stripy Lemon\/Blanc - Kolma Style\",\"isPartOf\":{\"@id\":\"https:\/\/kolma.style\/#website\"},\"primaryImageOfPage\":{\"@id\":\"https:\/\/kolma.style\/fr\/shop\/necessaire-fr\/necessaire-stripy-lemon-blanc\/#primaryimage\"},\"image\":{\"@id\":\"https:\/\/kolma.style\/fr\/shop\/necessaire-fr\/necessaire-stripy-lemon-blanc\/#primaryimage\"},\"thumbnailUrl\":\"https:\/\/kolma.style\/wp-content\/uploads\/2025\/07\/14.428.20_E.png\",\"datePublished\":\"2025-05-05T13:35:34+00:00\",\"dateModified\":\"2025-08-04T06:22:43+00:00\",\"description\":\"\u00c0 la maison comme en voyage, au spa comme \u00e0 la piscine, ce n\u00e9cessaire est le compagnon id\u00e9al partout o\u00f9 vous souhaitez allier l'\u00e9l\u00e9gance au c\u00f4t\u00e9 pratique.\",\"breadcrumb\":{\"@id\":\"https:\/\/kolma.style\/fr\/shop\/necessaire-fr\/necessaire-stripy-lemon-blanc\/#breadcrumb\"},\"inLanguage\":\"fr-FR\",\"potentialAction\":[{\"@type\":\"ReadAction\",\"target\":[\"https:\/\/kolma.style\/fr\/shop\/necessaire-fr\/necessaire-stripy-lemon-blanc\/\"]}]},{\"@type\":\"ImageObject\",\"inLanguage\":\"fr-FR\",\"@id\":\"https:\/\/kolma.style\/fr\/shop\/necessaire-fr\/necessaire-stripy-lemon-blanc\/#primaryimage\",\"url\":\"https:\/\/kolma.style\/wp-content\/uploads\/2025\/07\/14.428.20_E.png\",\"contentUrl\":\"https:\/\/kolma.style\/wp-content\/uploads\/2025\/07\/14.428.20_E.png\",\"width\":1000,\"height\":1000},{\"@type\":\"BreadcrumbList\",\"@id\":\"https:\/\/kolma.style\/fr\/shop\/necessaire-fr\/necessaire-stripy-lemon-blanc\/#breadcrumb\",\"itemListElement\":[{\"@type\":\"ListItem\",\"position\":1,\"name\":\"Startseite\",\"item\":\"https:\/\/kolma.style\/\"},{\"@type\":\"ListItem\",\"position\":2,\"name\":\"Shop\",\"item\":\"https:\/\/kolma.style\/fr\/shop\/\"},{\"@type\":\"ListItem\",\"position\":3,\"name\":\"N\u00e9cessaire Stripy Lemon\/Blanc\"}]},{\"@type\":\"WebSite\",\"@id\":\"https:\/\/kolma.style\/#website\",\"url\":\"https:\/\/kolma.style\/\",\"name\":\"Kolma Style\",\"description\":\"Entspannung und \u00adErholung mit Stil\",\"publisher\":{\"@id\":\"https:\/\/kolma.style\/#organization\"},\"potentialAction\":[{\"@type\":\"SearchAction\",\"target\":{\"@type\":\"EntryPoint\",\"urlTemplate\":\"https:\/\/kolma.style\/?s={search_term_string}\"},\"query-input\":\"required name=search_term_string\"}],\"inLanguage\":\"fr-FR\"},{\"@type\":\"Organization\",\"@id\":\"https:\/\/kolma.style\/#organization\",\"name\":\"Kolma Style\",\"url\":\"https:\/\/kolma.style\/\",\"logo\":{\"@type\":\"ImageObject\",\"inLanguage\":\"fr-FR\",\"@id\":\"https:\/\/kolma.style\/#\/schema\/logo\/image\/\",\"url\":\"https:\/\/kolma.style\/wp-content\/uploads\/2024\/02\/kolma_Logo_CMYK_mit-R_negativ.png\",\"contentUrl\":\"https:\/\/kolma.style\/wp-content\/uploads\/2024\/02\/kolma_Logo_CMYK_mit-R_negativ.png\",\"width\":978,\"height\":385,\"caption\":\"Kolma Style\"},\"image\":{\"@id\":\"https:\/\/kolma.style\/#\/schema\/logo\/image\/\"},\"sameAs\":[\"https:\/\/www.facebook.com\/profile.php?id=61556920808920\",\"https:\/\/www.instagram.com\/kolma.style\/?fbclid=IwAR0eh-ysiGmHlhMTTXWvRwIwA3CvXlQh5dpJIE-jZ6fIvW2vXcgQSl0Y-ys\"]}]}<\/script>\n<!-- \/ Yoast SEO plugin. -->","yoast_head_json":{"title":"N\u00e9cessaire Stripy Lemon\/Blanc - Kolma Style","description":"\u00c0 la maison comme en voyage, au spa comme \u00e0 la piscine, ce n\u00e9cessaire est le compagnon id\u00e9al partout o\u00f9 vous souhaitez allier l'\u00e9l\u00e9gance au c\u00f4t\u00e9 pratique.","robots":{"index":"index","follow":"follow","max-snippet":"max-snippet:-1","max-image-preview":"max-image-preview:large","max-video-preview":"max-video-preview:-1"},"og_locale":"fr_FR","og_type":"article","og_title":"N\u00e9cessaire Stripy Lemon\/Blanc - Kolma Style","og_description":"\u00c0 la maison comme en voyage, au spa comme \u00e0 la piscine, ce n\u00e9cessaire est le compagnon id\u00e9al partout o\u00f9 vous souhaitez allier l'\u00e9l\u00e9gance au c\u00f4t\u00e9 pratique.","og_url":"https:\/\/kolma.style\/fr\/shop\/necessaire-fr\/necessaire-stripy-lemon-blanc\/","og_site_name":"Kolma Style","article_publisher":"https:\/\/www.facebook.com\/profile.php?id=61556920808920","article_modified_time":"2025-08-04T06:22:43+00:00","og_image":[{"width":1000,"height":1000,"url":"https:\/\/kolma.style\/wp-content\/uploads\/2025\/07\/14.428.20_E.png","type":"image\/png"}],"twitter_card":"summary_large_image","twitter_misc":{"Dur\u00e9e de lecture estim\u00e9e":"2 minutes"},"schema":{"@context":"https:\/\/schema.org","@graph":[{"@type":"WebPage","@id":"https:\/\/kolma.style\/fr\/shop\/necessaire-fr\/necessaire-stripy-lemon-blanc\/","url":"https:\/\/kolma.style\/fr\/shop\/necessaire-fr\/necessaire-stripy-lemon-blanc\/","name":"N\u00e9cessaire Stripy Lemon\/Blanc - Kolma Style","isPartOf":{"@id":"https:\/\/kolma.style\/#website"},"primaryImageOfPage":{"@id":"https:\/\/kolma.style\/fr\/shop\/necessaire-fr\/necessaire-stripy-lemon-blanc\/#primaryimage"},"image":{"@id":"https:\/\/kolma.style\/fr\/shop\/necessaire-fr\/necessaire-stripy-lemon-blanc\/#primaryimage"},"thumbnailUrl":"https:\/\/kolma.style\/wp-content\/uploads\/2025\/07\/14.428.20_E.png","datePublished":"2025-05-05T13:35:34+00:00","dateModified":"2025-08-04T06:22:43+00:00","description":"\u00c0 la maison comme en voyage, au spa comme \u00e0 la piscine, ce n\u00e9cessaire est le compagnon id\u00e9al partout o\u00f9 vous souhaitez allier l'\u00e9l\u00e9gance au c\u00f4t\u00e9 pratique.","breadcrumb":{"@id":"https:\/\/kolma.style\/fr\/shop\/necessaire-fr\/necessaire-stripy-lemon-blanc\/#breadcrumb"},"inLanguage":"fr-FR","potentialAction":[{"@type":"ReadAction","target":["https:\/\/kolma.style\/fr\/shop\/necessaire-fr\/necessaire-stripy-lemon-blanc\/"]}]},{"@type":"ImageObject","inLanguage":"fr-FR","@id":"https:\/\/kolma.style\/fr\/shop\/necessaire-fr\/necessaire-stripy-lemon-blanc\/#primaryimage","url":"https:\/\/kolma.style\/wp-content\/uploads\/2025\/07\/14.428.20_E.png","contentUrl":"https:\/\/kolma.style\/wp-content\/uploads\/2025\/07\/14.428.20_E.png","width":1000,"height":1000},{"@type":"BreadcrumbList","@id":"https:\/\/kolma.style\/fr\/shop\/necessaire-fr\/necessaire-stripy-lemon-blanc\/#breadcrumb","itemListElement":[{"@type":"ListItem","position":1,"name":"Startseite","item":"https:\/\/kolma.style\/"},{"@type":"ListItem","position":2,"name":"Shop","item":"https:\/\/kolma.style\/fr\/shop\/"},{"@type":"ListItem","position":3,"name":"N\u00e9cessaire Stripy Lemon\/Blanc"}]},{"@type":"WebSite","@id":"https:\/\/kolma.style\/#website","url":"https:\/\/kolma.style\/","name":"Kolma Style","description":"Entspannung und \u00adErholung mit Stil","publisher":{"@id":"https:\/\/kolma.style\/#organization"},"potentialAction":[{"@type":"SearchAction","target":{"@type":"EntryPoint","urlTemplate":"https:\/\/kolma.style\/?s={search_term_string}"},"query-input":"required name=search_term_string"}],"inLanguage":"fr-FR"},{"@type":"Organization","@id":"https:\/\/kolma.style\/#organization","name":"Kolma Style","url":"https:\/\/kolma.style\/","logo":{"@type":"ImageObject","inLanguage":"fr-FR","@id":"https:\/\/kolma.style\/#\/schema\/logo\/image\/","url":"https:\/\/kolma.style\/wp-content\/uploads\/2024\/02\/kolma_Logo_CMYK_mit-R_negativ.png","contentUrl":"https:\/\/kolma.style\/wp-content\/uploads\/2024\/02\/kolma_Logo_CMYK_mit-R_negativ.png","width":978,"height":385,"caption":"Kolma Style"},"image":{"@id":"https:\/\/kolma.style\/#\/schema\/logo\/image\/"},"sameAs":["https:\/\/www.facebook.com\/profile.php?id=61556920808920","https:\/\/www.instagram.com\/kolma.style\/?fbclid=IwAR0eh-ysiGmHlhMTTXWvRwIwA3CvXlQh5dpJIE-jZ6fIvW2vXcgQSl0Y-ys"]}]}},"_links":{"self":[{"href":"https:\/\/kolma.style\/fr\/wp-json\/wp\/v2\/product\/2586"}],"collection":[{"href":"https:\/\/kolma.style\/fr\/wp-json\/wp\/v2\/product"}],"about":[{"href":"https:\/\/kolma.style\/fr\/wp-json\/wp\/v2\/types\/product"}],"wp:featuredmedia":[{"embeddable":true,"href":"https:\/\/kolma.style\/fr\/wp-json\/wp\/v2\/media\/3046"}],"wp:attachment":[{"href":"https:\/\/kolma.style\/fr\/wp-json\/wp\/v2\/media?parent=2586"}],"wp:term":[{"taxonomy":"product_cat","embeddable":true,"href":"https:\/\/kolma.style\/fr\/wp-json\/wp\/v2\/product_cat?post=2586"},{"taxonomy":"product_tag","embeddable":true,"href":"https:\/\/kolma.style\/fr\/wp-json\/wp\/v2\/product_tag?post=2586"}],"curies":[{"name":"wp","href":"https:\/\/api.w.org\/{rel}","templated":true}]}}