{"id":2556,"date":"2025-05-05T15:23:15","date_gmt":"2025-05-05T13:23:15","guid":{"rendered":"https:\/\/kolma.style\/?post_type=product&#038;p=2556"},"modified":"2025-07-30T08:36:10","modified_gmt":"2025-07-30T06:36:10","slug":"parapluie-stripy-lemon-blanc","status":"publish","type":"product","link":"https:\/\/kolma.style\/fr\/shop\/parapluies\/parapluie-stripy-lemon-blanc\/","title":{"rendered":"Parapluie Stripy <p>Lemon\/Blanc<\/p>"},"content":{"rendered":"<p>Que vous deviez affronter une averse estivale soudaine ou un vigoureux vent d\u2019automne: avec notre parapluie de haute qualit\u00e9, vous serez \u00e0 l\u2019abri par tous les temps. Son diam\u00e8tre de 100 cm en fait une protection fiable et sa construction bien pens\u00e9e le rend particuli\u00e8rement r\u00e9sistant aux temp\u00eates. Dans les rares cas o\u00f9 le vent est le plus fort, vous pouvez remettre le parapluie en place par simple pression d\u2019un bouton, sans aucun dommage. Le papapluie peut \u00e9galement s\u2019ouvrir et se refermer en un seul geste, confortablement et rapidement, avec son bouton automatique tr\u00e8s pratique. En plus de sa grande fonctionnalit\u00e9, le parapluie repr\u00e9sente un choix durable gr\u00e2ce \u00e0 son rev\u00eatement robuste en RPET.<\/p>\n<p>Dans nos couleurs estivales Caribbean, Flamingo et Lemon, il tranche joyeusement avec le paysage gris et pluvieux; en Olive et Nardo, il est garant d\u2019un look \u00e9l\u00e9gant et intemporel. Le parapluie est livr\u00e9 avec une housse assortie qui lui offre une protection optimale lorsqu\u2019il est ferm\u00e9. \u00c9l\u00e9gant, durable et fiable, ce parapluie est parfaitement adapt\u00e9 \u00e0 tous les styles et \u00e0 toutes les situations.<\/p>\n<p>&nbsp;<\/p>\n","protected":false},"excerpt":{"rendered":"<p>Que vous deviez affronter une averse estivale soudaine ou un vigoureux vent d\u2019automne: avec notre parapluie de haute qualit\u00e9, vous serez \u00e0 l\u2019abri par tous les temps. Son diam\u00e8tre de 100 cm en fait une protection fiable et sa construction bien pens\u00e9e le rend particuli\u00e8rement r\u00e9sistant aux temp\u00eates. Dans les rares cas o\u00f9 le vent&#8230;<\/p>\n","protected":false},"featured_media":2834,"template":"","meta":{"_acf_changed":false},"product_cat":[105],"product_tag":[],"acf":[],"yoast_head":"<!-- This site is optimized with the Yoast SEO plugin v22.5 - https:\/\/yoast.com\/wordpress\/plugins\/seo\/ -->\n<title>Parapluie Stripy Lemon\/Blanc - Kolma Style<\/title>\n<meta name=\"description\" content=\"Que vous deviez affronter une averse estivale soudaine ou un vigoureux vent d&#039;automne: avec notre parapluie de haute qualit\u00e9, vous serez \u00e0 l&#039;abri par tous les temps. Son diam\u00e8tre de 100 cm en fait une protection fiable et sa construction bien pens\u00e9e le rend particuli\u00e8rement r\u00e9sistant aux temp\u00eates.\" \/>\n<meta name=\"robots\" content=\"index, follow, max-snippet:-1, max-image-preview:large, max-video-preview:-1\" \/>\n<meta property=\"og:locale\" content=\"fr_FR\" \/>\n<meta property=\"og:type\" content=\"article\" \/>\n<meta property=\"og:title\" content=\"Parapluie Stripy Lemon\/Blanc - Kolma Style\" \/>\n<meta property=\"og:description\" content=\"Que vous deviez affronter une averse estivale soudaine ou un vigoureux vent d&#039;automne: avec notre parapluie de haute qualit\u00e9, vous serez \u00e0 l&#039;abri par tous les temps. Son diam\u00e8tre de 100 cm en fait une protection fiable et sa construction bien pens\u00e9e le rend particuli\u00e8rement r\u00e9sistant aux temp\u00eates.\" \/>\n<meta property=\"og:url\" content=\"https:\/\/kolma.style\/fr\/shop\/parapluies\/parapluie-stripy-lemon-blanc\/\" \/>\n<meta property=\"og:site_name\" content=\"Kolma Style\" \/>\n<meta property=\"article:publisher\" content=\"https:\/\/www.facebook.com\/profile.php?id=61556920808920\" \/>\n<meta property=\"article:modified_time\" content=\"2025-07-30T06:36:10+00:00\" \/>\n<meta property=\"og:image\" content=\"https:\/\/kolma.style\/wp-content\/uploads\/2025\/05\/14.412.20_A.png\" \/>\n\t<meta property=\"og:image:width\" content=\"1000\" \/>\n\t<meta property=\"og:image:height\" content=\"1000\" \/>\n\t<meta property=\"og:image:type\" content=\"image\/png\" \/>\n<meta name=\"twitter:card\" content=\"summary_large_image\" \/>\n<meta name=\"twitter:label1\" content=\"Dur\u00e9e de lecture estim\u00e9e\" \/>\n\t<meta name=\"twitter:data1\" content=\"2 minutes\" \/>\n<script type=\"application\/ld+json\" class=\"yoast-schema-graph\">{\"@context\":\"https:\/\/schema.org\",\"@graph\":[{\"@type\":\"WebPage\",\"@id\":\"https:\/\/kolma.style\/fr\/shop\/parapluies\/parapluie-stripy-lemon-blanc\/\",\"url\":\"https:\/\/kolma.style\/fr\/shop\/parapluies\/parapluie-stripy-lemon-blanc\/\",\"name\":\"Parapluie Stripy Lemon\/Blanc - Kolma Style\",\"isPartOf\":{\"@id\":\"https:\/\/kolma.style\/#website\"},\"primaryImageOfPage\":{\"@id\":\"https:\/\/kolma.style\/fr\/shop\/parapluies\/parapluie-stripy-lemon-blanc\/#primaryimage\"},\"image\":{\"@id\":\"https:\/\/kolma.style\/fr\/shop\/parapluies\/parapluie-stripy-lemon-blanc\/#primaryimage\"},\"thumbnailUrl\":\"https:\/\/kolma.style\/wp-content\/uploads\/2025\/05\/14.412.20_A.png\",\"datePublished\":\"2025-05-05T13:23:15+00:00\",\"dateModified\":\"2025-07-30T06:36:10+00:00\",\"description\":\"Que vous deviez affronter une averse estivale soudaine ou un vigoureux vent d'automne: avec notre parapluie de haute qualit\u00e9, vous serez \u00e0 l'abri par tous les temps. Son diam\u00e8tre de 100 cm en fait une protection fiable et sa construction bien pens\u00e9e le rend particuli\u00e8rement r\u00e9sistant aux temp\u00eates.\",\"breadcrumb\":{\"@id\":\"https:\/\/kolma.style\/fr\/shop\/parapluies\/parapluie-stripy-lemon-blanc\/#breadcrumb\"},\"inLanguage\":\"fr-FR\",\"potentialAction\":[{\"@type\":\"ReadAction\",\"target\":[\"https:\/\/kolma.style\/fr\/shop\/parapluies\/parapluie-stripy-lemon-blanc\/\"]}]},{\"@type\":\"ImageObject\",\"inLanguage\":\"fr-FR\",\"@id\":\"https:\/\/kolma.style\/fr\/shop\/parapluies\/parapluie-stripy-lemon-blanc\/#primaryimage\",\"url\":\"https:\/\/kolma.style\/wp-content\/uploads\/2025\/05\/14.412.20_A.png\",\"contentUrl\":\"https:\/\/kolma.style\/wp-content\/uploads\/2025\/05\/14.412.20_A.png\",\"width\":1000,\"height\":1000},{\"@type\":\"BreadcrumbList\",\"@id\":\"https:\/\/kolma.style\/fr\/shop\/parapluies\/parapluie-stripy-lemon-blanc\/#breadcrumb\",\"itemListElement\":[{\"@type\":\"ListItem\",\"position\":1,\"name\":\"Startseite\",\"item\":\"https:\/\/kolma.style\/\"},{\"@type\":\"ListItem\",\"position\":2,\"name\":\"Shop\",\"item\":\"https:\/\/kolma.style\/fr\/shop\/\"},{\"@type\":\"ListItem\",\"position\":3,\"name\":\"Parapluie Stripy Lemon\/Blanc\"}]},{\"@type\":\"WebSite\",\"@id\":\"https:\/\/kolma.style\/#website\",\"url\":\"https:\/\/kolma.style\/\",\"name\":\"Kolma Style\",\"description\":\"Entspannung und \u00adErholung mit Stil\",\"publisher\":{\"@id\":\"https:\/\/kolma.style\/#organization\"},\"potentialAction\":[{\"@type\":\"SearchAction\",\"target\":{\"@type\":\"EntryPoint\",\"urlTemplate\":\"https:\/\/kolma.style\/?s={search_term_string}\"},\"query-input\":\"required name=search_term_string\"}],\"inLanguage\":\"fr-FR\"},{\"@type\":\"Organization\",\"@id\":\"https:\/\/kolma.style\/#organization\",\"name\":\"Kolma Style\",\"url\":\"https:\/\/kolma.style\/\",\"logo\":{\"@type\":\"ImageObject\",\"inLanguage\":\"fr-FR\",\"@id\":\"https:\/\/kolma.style\/#\/schema\/logo\/image\/\",\"url\":\"https:\/\/kolma.style\/wp-content\/uploads\/2024\/02\/kolma_Logo_CMYK_mit-R_negativ.png\",\"contentUrl\":\"https:\/\/kolma.style\/wp-content\/uploads\/2024\/02\/kolma_Logo_CMYK_mit-R_negativ.png\",\"width\":978,\"height\":385,\"caption\":\"Kolma Style\"},\"image\":{\"@id\":\"https:\/\/kolma.style\/#\/schema\/logo\/image\/\"},\"sameAs\":[\"https:\/\/www.facebook.com\/profile.php?id=61556920808920\",\"https:\/\/www.instagram.com\/kolma.style\/?fbclid=IwAR0eh-ysiGmHlhMTTXWvRwIwA3CvXlQh5dpJIE-jZ6fIvW2vXcgQSl0Y-ys\"]}]}<\/script>\n<!-- \/ Yoast SEO plugin. -->","yoast_head_json":{"title":"Parapluie Stripy Lemon\/Blanc - Kolma Style","description":"Que vous deviez affronter une averse estivale soudaine ou un vigoureux vent d'automne: avec notre parapluie de haute qualit\u00e9, vous serez \u00e0 l'abri par tous les temps. Son diam\u00e8tre de 100 cm en fait une protection fiable et sa construction bien pens\u00e9e le rend particuli\u00e8rement r\u00e9sistant aux temp\u00eates.","robots":{"index":"index","follow":"follow","max-snippet":"max-snippet:-1","max-image-preview":"max-image-preview:large","max-video-preview":"max-video-preview:-1"},"og_locale":"fr_FR","og_type":"article","og_title":"Parapluie Stripy Lemon\/Blanc - Kolma Style","og_description":"Que vous deviez affronter une averse estivale soudaine ou un vigoureux vent d'automne: avec notre parapluie de haute qualit\u00e9, vous serez \u00e0 l'abri par tous les temps. Son diam\u00e8tre de 100 cm en fait une protection fiable et sa construction bien pens\u00e9e le rend particuli\u00e8rement r\u00e9sistant aux temp\u00eates.","og_url":"https:\/\/kolma.style\/fr\/shop\/parapluies\/parapluie-stripy-lemon-blanc\/","og_site_name":"Kolma Style","article_publisher":"https:\/\/www.facebook.com\/profile.php?id=61556920808920","article_modified_time":"2025-07-30T06:36:10+00:00","og_image":[{"width":1000,"height":1000,"url":"https:\/\/kolma.style\/wp-content\/uploads\/2025\/05\/14.412.20_A.png","type":"image\/png"}],"twitter_card":"summary_large_image","twitter_misc":{"Dur\u00e9e de lecture estim\u00e9e":"2 minutes"},"schema":{"@context":"https:\/\/schema.org","@graph":[{"@type":"WebPage","@id":"https:\/\/kolma.style\/fr\/shop\/parapluies\/parapluie-stripy-lemon-blanc\/","url":"https:\/\/kolma.style\/fr\/shop\/parapluies\/parapluie-stripy-lemon-blanc\/","name":"Parapluie Stripy Lemon\/Blanc - Kolma Style","isPartOf":{"@id":"https:\/\/kolma.style\/#website"},"primaryImageOfPage":{"@id":"https:\/\/kolma.style\/fr\/shop\/parapluies\/parapluie-stripy-lemon-blanc\/#primaryimage"},"image":{"@id":"https:\/\/kolma.style\/fr\/shop\/parapluies\/parapluie-stripy-lemon-blanc\/#primaryimage"},"thumbnailUrl":"https:\/\/kolma.style\/wp-content\/uploads\/2025\/05\/14.412.20_A.png","datePublished":"2025-05-05T13:23:15+00:00","dateModified":"2025-07-30T06:36:10+00:00","description":"Que vous deviez affronter une averse estivale soudaine ou un vigoureux vent d'automne: avec notre parapluie de haute qualit\u00e9, vous serez \u00e0 l'abri par tous les temps. Son diam\u00e8tre de 100 cm en fait une protection fiable et sa construction bien pens\u00e9e le rend particuli\u00e8rement r\u00e9sistant aux temp\u00eates.","breadcrumb":{"@id":"https:\/\/kolma.style\/fr\/shop\/parapluies\/parapluie-stripy-lemon-blanc\/#breadcrumb"},"inLanguage":"fr-FR","potentialAction":[{"@type":"ReadAction","target":["https:\/\/kolma.style\/fr\/shop\/parapluies\/parapluie-stripy-lemon-blanc\/"]}]},{"@type":"ImageObject","inLanguage":"fr-FR","@id":"https:\/\/kolma.style\/fr\/shop\/parapluies\/parapluie-stripy-lemon-blanc\/#primaryimage","url":"https:\/\/kolma.style\/wp-content\/uploads\/2025\/05\/14.412.20_A.png","contentUrl":"https:\/\/kolma.style\/wp-content\/uploads\/2025\/05\/14.412.20_A.png","width":1000,"height":1000},{"@type":"BreadcrumbList","@id":"https:\/\/kolma.style\/fr\/shop\/parapluies\/parapluie-stripy-lemon-blanc\/#breadcrumb","itemListElement":[{"@type":"ListItem","position":1,"name":"Startseite","item":"https:\/\/kolma.style\/"},{"@type":"ListItem","position":2,"name":"Shop","item":"https:\/\/kolma.style\/fr\/shop\/"},{"@type":"ListItem","position":3,"name":"Parapluie Stripy Lemon\/Blanc"}]},{"@type":"WebSite","@id":"https:\/\/kolma.style\/#website","url":"https:\/\/kolma.style\/","name":"Kolma Style","description":"Entspannung und \u00adErholung mit Stil","publisher":{"@id":"https:\/\/kolma.style\/#organization"},"potentialAction":[{"@type":"SearchAction","target":{"@type":"EntryPoint","urlTemplate":"https:\/\/kolma.style\/?s={search_term_string}"},"query-input":"required name=search_term_string"}],"inLanguage":"fr-FR"},{"@type":"Organization","@id":"https:\/\/kolma.style\/#organization","name":"Kolma Style","url":"https:\/\/kolma.style\/","logo":{"@type":"ImageObject","inLanguage":"fr-FR","@id":"https:\/\/kolma.style\/#\/schema\/logo\/image\/","url":"https:\/\/kolma.style\/wp-content\/uploads\/2024\/02\/kolma_Logo_CMYK_mit-R_negativ.png","contentUrl":"https:\/\/kolma.style\/wp-content\/uploads\/2024\/02\/kolma_Logo_CMYK_mit-R_negativ.png","width":978,"height":385,"caption":"Kolma Style"},"image":{"@id":"https:\/\/kolma.style\/#\/schema\/logo\/image\/"},"sameAs":["https:\/\/www.facebook.com\/profile.php?id=61556920808920","https:\/\/www.instagram.com\/kolma.style\/?fbclid=IwAR0eh-ysiGmHlhMTTXWvRwIwA3CvXlQh5dpJIE-jZ6fIvW2vXcgQSl0Y-ys"]}]}},"_links":{"self":[{"href":"https:\/\/kolma.style\/fr\/wp-json\/wp\/v2\/product\/2556"}],"collection":[{"href":"https:\/\/kolma.style\/fr\/wp-json\/wp\/v2\/product"}],"about":[{"href":"https:\/\/kolma.style\/fr\/wp-json\/wp\/v2\/types\/product"}],"wp:featuredmedia":[{"embeddable":true,"href":"https:\/\/kolma.style\/fr\/wp-json\/wp\/v2\/media\/2834"}],"wp:attachment":[{"href":"https:\/\/kolma.style\/fr\/wp-json\/wp\/v2\/media?parent=2556"}],"wp:term":[{"taxonomy":"product_cat","embeddable":true,"href":"https:\/\/kolma.style\/fr\/wp-json\/wp\/v2\/product_cat?post=2556"},{"taxonomy":"product_tag","embeddable":true,"href":"https:\/\/kolma.style\/fr\/wp-json\/wp\/v2\/product_tag?post=2556"}],"curies":[{"name":"wp","href":"https:\/\/api.w.org\/{rel}","templated":true}]}}