{"id":2517,"date":"2025-05-05T15:00:24","date_gmt":"2025-05-05T13:00:24","guid":{"rendered":"https:\/\/kolma.style\/?post_type=product&#038;p=2517"},"modified":"2025-09-11T08:00:14","modified_gmt":"2025-09-11T06:00:14","slug":"carnet-de-notes-a5-carre-hardcover-stripy-flamingo-blanc","status":"publish","type":"product","link":"https:\/\/kolma.style\/fr\/shop\/carnets-de-note\/carnet-de-notes-a5-carre-hardcover-stripy-flamingo-blanc\/","title":{"rendered":"Carnet de notes A5 carr\u00e9 Hardcover Stripy <p>Flamingo\/Blanc<\/p>"},"content":{"rendered":"<p>Que ce soit pour le bureau, les cours ou le brainstorming, les 144 pages carr\u00e9s de ce carnet A5 offrent un espace g\u00e9n\u00e9reux pour tes id\u00e9es et tes listes de choses \u00e0 faire. Le marque-page t&#8217;aide \u00e0 retrouver rapidement tes notes importantes, et la bande \u00e9lastique tient le carnet bien ferm\u00e9. Les feuilles volantes et les notes trouvent leur place dans la chemise de rangement int\u00e9gr\u00e9e. Son design \u00e0 la fois \u00e9l\u00e9gant, pratique et accrocheur en fait un support parfait pour des id\u00e9es cr\u00e9atives qui restent.<\/p>\n","protected":false},"excerpt":{"rendered":"<p>Que ce soit pour le bureau, les cours ou le brainstorming, les 144 pages carr\u00e9s de ce carnet A5 offrent un espace g\u00e9n\u00e9reux pour tes id\u00e9es et tes listes de choses \u00e0 faire. Le marque-page t&#8217;aide \u00e0 retrouver rapidement tes notes importantes, et la bande \u00e9lastique tient le carnet bien ferm\u00e9. Les feuilles volantes et&#8230;<\/p>\n","protected":false},"featured_media":2876,"template":"","meta":{"_acf_changed":false},"product_cat":[104],"product_tag":[],"acf":[],"yoast_head":"<!-- This site is optimized with the Yoast SEO plugin v22.5 - https:\/\/yoast.com\/wordpress\/plugins\/seo\/ -->\n<title>Carnet de notes A5 carr\u00e9 Hardcover Stripy Flamingo\/Blanc - Kolma Style<\/title>\n<meta name=\"description\" content=\"Que ce soit pour le bureau, les cours ou le brainstorming, les 144 pages carr\u00e9s de ce carnet A5 offrent un espace g\u00e9n\u00e9reux pour tes id\u00e9es et tes listes de choses \u00e0 faire.\" \/>\n<meta name=\"robots\" content=\"index, follow, max-snippet:-1, max-image-preview:large, max-video-preview:-1\" \/>\n<meta property=\"og:locale\" content=\"fr_FR\" \/>\n<meta property=\"og:type\" content=\"article\" \/>\n<meta property=\"og:title\" content=\"Carnet de notes A5 carr\u00e9 Hardcover Stripy Flamingo\/Blanc - Kolma Style\" \/>\n<meta property=\"og:description\" content=\"Que ce soit pour le bureau, les cours ou le brainstorming, les 144 pages carr\u00e9s de ce carnet A5 offrent un espace g\u00e9n\u00e9reux pour tes id\u00e9es et tes listes de choses \u00e0 faire.\" \/>\n<meta property=\"og:url\" content=\"https:\/\/kolma.style\/fr\/shop\/carnets-de-note\/carnet-de-notes-a5-carre-hardcover-stripy-flamingo-blanc\/\" \/>\n<meta property=\"og:site_name\" content=\"Kolma Style\" \/>\n<meta property=\"article:publisher\" content=\"https:\/\/www.facebook.com\/profile.php?id=61556920808920\" \/>\n<meta property=\"article:modified_time\" content=\"2025-09-11T06:00:14+00:00\" \/>\n<meta property=\"og:image\" content=\"https:\/\/kolma.style\/wp-content\/uploads\/2025\/05\/06.301.20_E1.png\" \/>\n\t<meta property=\"og:image:width\" content=\"1000\" \/>\n\t<meta property=\"og:image:height\" content=\"1000\" \/>\n\t<meta property=\"og:image:type\" content=\"image\/png\" \/>\n<meta name=\"twitter:card\" content=\"summary_large_image\" \/>\n<meta name=\"twitter:label1\" content=\"Dur\u00e9e de lecture estim\u00e9e\" \/>\n\t<meta name=\"twitter:data1\" content=\"1 minute\" \/>\n<script type=\"application\/ld+json\" class=\"yoast-schema-graph\">{\"@context\":\"https:\/\/schema.org\",\"@graph\":[{\"@type\":\"WebPage\",\"@id\":\"https:\/\/kolma.style\/fr\/shop\/carnets-de-note\/carnet-de-notes-a5-carre-hardcover-stripy-flamingo-blanc\/\",\"url\":\"https:\/\/kolma.style\/fr\/shop\/carnets-de-note\/carnet-de-notes-a5-carre-hardcover-stripy-flamingo-blanc\/\",\"name\":\"Carnet de notes A5 carr\u00e9 Hardcover Stripy Flamingo\/Blanc - Kolma Style\",\"isPartOf\":{\"@id\":\"https:\/\/kolma.style\/#website\"},\"primaryImageOfPage\":{\"@id\":\"https:\/\/kolma.style\/fr\/shop\/carnets-de-note\/carnet-de-notes-a5-carre-hardcover-stripy-flamingo-blanc\/#primaryimage\"},\"image\":{\"@id\":\"https:\/\/kolma.style\/fr\/shop\/carnets-de-note\/carnet-de-notes-a5-carre-hardcover-stripy-flamingo-blanc\/#primaryimage\"},\"thumbnailUrl\":\"https:\/\/kolma.style\/wp-content\/uploads\/2025\/05\/06.301.20_E1.png\",\"datePublished\":\"2025-05-05T13:00:24+00:00\",\"dateModified\":\"2025-09-11T06:00:14+00:00\",\"description\":\"Que ce soit pour le bureau, les cours ou le brainstorming, les 144 pages carr\u00e9s de ce carnet A5 offrent un espace g\u00e9n\u00e9reux pour tes id\u00e9es et tes listes de choses \u00e0 faire.\",\"breadcrumb\":{\"@id\":\"https:\/\/kolma.style\/fr\/shop\/carnets-de-note\/carnet-de-notes-a5-carre-hardcover-stripy-flamingo-blanc\/#breadcrumb\"},\"inLanguage\":\"fr-FR\",\"potentialAction\":[{\"@type\":\"ReadAction\",\"target\":[\"https:\/\/kolma.style\/fr\/shop\/carnets-de-note\/carnet-de-notes-a5-carre-hardcover-stripy-flamingo-blanc\/\"]}]},{\"@type\":\"ImageObject\",\"inLanguage\":\"fr-FR\",\"@id\":\"https:\/\/kolma.style\/fr\/shop\/carnets-de-note\/carnet-de-notes-a5-carre-hardcover-stripy-flamingo-blanc\/#primaryimage\",\"url\":\"https:\/\/kolma.style\/wp-content\/uploads\/2025\/05\/06.301.20_E1.png\",\"contentUrl\":\"https:\/\/kolma.style\/wp-content\/uploads\/2025\/05\/06.301.20_E1.png\",\"width\":1000,\"height\":1000},{\"@type\":\"BreadcrumbList\",\"@id\":\"https:\/\/kolma.style\/fr\/shop\/carnets-de-note\/carnet-de-notes-a5-carre-hardcover-stripy-flamingo-blanc\/#breadcrumb\",\"itemListElement\":[{\"@type\":\"ListItem\",\"position\":1,\"name\":\"Startseite\",\"item\":\"https:\/\/kolma.style\/\"},{\"@type\":\"ListItem\",\"position\":2,\"name\":\"Shop\",\"item\":\"https:\/\/kolma.style\/fr\/shop\/\"},{\"@type\":\"ListItem\",\"position\":3,\"name\":\"Carnet de notes A5 carr\u00e9 Hardcover Stripy Flamingo\/Blanc\"}]},{\"@type\":\"WebSite\",\"@id\":\"https:\/\/kolma.style\/#website\",\"url\":\"https:\/\/kolma.style\/\",\"name\":\"Kolma Style\",\"description\":\"Entspannung und \u00adErholung mit Stil\",\"publisher\":{\"@id\":\"https:\/\/kolma.style\/#organization\"},\"potentialAction\":[{\"@type\":\"SearchAction\",\"target\":{\"@type\":\"EntryPoint\",\"urlTemplate\":\"https:\/\/kolma.style\/?s={search_term_string}\"},\"query-input\":\"required name=search_term_string\"}],\"inLanguage\":\"fr-FR\"},{\"@type\":\"Organization\",\"@id\":\"https:\/\/kolma.style\/#organization\",\"name\":\"Kolma Style\",\"url\":\"https:\/\/kolma.style\/\",\"logo\":{\"@type\":\"ImageObject\",\"inLanguage\":\"fr-FR\",\"@id\":\"https:\/\/kolma.style\/#\/schema\/logo\/image\/\",\"url\":\"https:\/\/kolma.style\/wp-content\/uploads\/2024\/02\/kolma_Logo_CMYK_mit-R_negativ.png\",\"contentUrl\":\"https:\/\/kolma.style\/wp-content\/uploads\/2024\/02\/kolma_Logo_CMYK_mit-R_negativ.png\",\"width\":978,\"height\":385,\"caption\":\"Kolma Style\"},\"image\":{\"@id\":\"https:\/\/kolma.style\/#\/schema\/logo\/image\/\"},\"sameAs\":[\"https:\/\/www.facebook.com\/profile.php?id=61556920808920\",\"https:\/\/www.instagram.com\/kolma.style\/?fbclid=IwAR0eh-ysiGmHlhMTTXWvRwIwA3CvXlQh5dpJIE-jZ6fIvW2vXcgQSl0Y-ys\"]}]}<\/script>\n<!-- \/ Yoast SEO plugin. -->","yoast_head_json":{"title":"Carnet de notes A5 carr\u00e9 Hardcover Stripy Flamingo\/Blanc - Kolma Style","description":"Que ce soit pour le bureau, les cours ou le brainstorming, les 144 pages carr\u00e9s de ce carnet A5 offrent un espace g\u00e9n\u00e9reux pour tes id\u00e9es et tes listes de choses \u00e0 faire.","robots":{"index":"index","follow":"follow","max-snippet":"max-snippet:-1","max-image-preview":"max-image-preview:large","max-video-preview":"max-video-preview:-1"},"og_locale":"fr_FR","og_type":"article","og_title":"Carnet de notes A5 carr\u00e9 Hardcover Stripy Flamingo\/Blanc - Kolma Style","og_description":"Que ce soit pour le bureau, les cours ou le brainstorming, les 144 pages carr\u00e9s de ce carnet A5 offrent un espace g\u00e9n\u00e9reux pour tes id\u00e9es et tes listes de choses \u00e0 faire.","og_url":"https:\/\/kolma.style\/fr\/shop\/carnets-de-note\/carnet-de-notes-a5-carre-hardcover-stripy-flamingo-blanc\/","og_site_name":"Kolma Style","article_publisher":"https:\/\/www.facebook.com\/profile.php?id=61556920808920","article_modified_time":"2025-09-11T06:00:14+00:00","og_image":[{"width":1000,"height":1000,"url":"https:\/\/kolma.style\/wp-content\/uploads\/2025\/05\/06.301.20_E1.png","type":"image\/png"}],"twitter_card":"summary_large_image","twitter_misc":{"Dur\u00e9e de lecture estim\u00e9e":"1 minute"},"schema":{"@context":"https:\/\/schema.org","@graph":[{"@type":"WebPage","@id":"https:\/\/kolma.style\/fr\/shop\/carnets-de-note\/carnet-de-notes-a5-carre-hardcover-stripy-flamingo-blanc\/","url":"https:\/\/kolma.style\/fr\/shop\/carnets-de-note\/carnet-de-notes-a5-carre-hardcover-stripy-flamingo-blanc\/","name":"Carnet de notes A5 carr\u00e9 Hardcover Stripy Flamingo\/Blanc - Kolma Style","isPartOf":{"@id":"https:\/\/kolma.style\/#website"},"primaryImageOfPage":{"@id":"https:\/\/kolma.style\/fr\/shop\/carnets-de-note\/carnet-de-notes-a5-carre-hardcover-stripy-flamingo-blanc\/#primaryimage"},"image":{"@id":"https:\/\/kolma.style\/fr\/shop\/carnets-de-note\/carnet-de-notes-a5-carre-hardcover-stripy-flamingo-blanc\/#primaryimage"},"thumbnailUrl":"https:\/\/kolma.style\/wp-content\/uploads\/2025\/05\/06.301.20_E1.png","datePublished":"2025-05-05T13:00:24+00:00","dateModified":"2025-09-11T06:00:14+00:00","description":"Que ce soit pour le bureau, les cours ou le brainstorming, les 144 pages carr\u00e9s de ce carnet A5 offrent un espace g\u00e9n\u00e9reux pour tes id\u00e9es et tes listes de choses \u00e0 faire.","breadcrumb":{"@id":"https:\/\/kolma.style\/fr\/shop\/carnets-de-note\/carnet-de-notes-a5-carre-hardcover-stripy-flamingo-blanc\/#breadcrumb"},"inLanguage":"fr-FR","potentialAction":[{"@type":"ReadAction","target":["https:\/\/kolma.style\/fr\/shop\/carnets-de-note\/carnet-de-notes-a5-carre-hardcover-stripy-flamingo-blanc\/"]}]},{"@type":"ImageObject","inLanguage":"fr-FR","@id":"https:\/\/kolma.style\/fr\/shop\/carnets-de-note\/carnet-de-notes-a5-carre-hardcover-stripy-flamingo-blanc\/#primaryimage","url":"https:\/\/kolma.style\/wp-content\/uploads\/2025\/05\/06.301.20_E1.png","contentUrl":"https:\/\/kolma.style\/wp-content\/uploads\/2025\/05\/06.301.20_E1.png","width":1000,"height":1000},{"@type":"BreadcrumbList","@id":"https:\/\/kolma.style\/fr\/shop\/carnets-de-note\/carnet-de-notes-a5-carre-hardcover-stripy-flamingo-blanc\/#breadcrumb","itemListElement":[{"@type":"ListItem","position":1,"name":"Startseite","item":"https:\/\/kolma.style\/"},{"@type":"ListItem","position":2,"name":"Shop","item":"https:\/\/kolma.style\/fr\/shop\/"},{"@type":"ListItem","position":3,"name":"Carnet de notes A5 carr\u00e9 Hardcover Stripy Flamingo\/Blanc"}]},{"@type":"WebSite","@id":"https:\/\/kolma.style\/#website","url":"https:\/\/kolma.style\/","name":"Kolma Style","description":"Entspannung und \u00adErholung mit Stil","publisher":{"@id":"https:\/\/kolma.style\/#organization"},"potentialAction":[{"@type":"SearchAction","target":{"@type":"EntryPoint","urlTemplate":"https:\/\/kolma.style\/?s={search_term_string}"},"query-input":"required name=search_term_string"}],"inLanguage":"fr-FR"},{"@type":"Organization","@id":"https:\/\/kolma.style\/#organization","name":"Kolma Style","url":"https:\/\/kolma.style\/","logo":{"@type":"ImageObject","inLanguage":"fr-FR","@id":"https:\/\/kolma.style\/#\/schema\/logo\/image\/","url":"https:\/\/kolma.style\/wp-content\/uploads\/2024\/02\/kolma_Logo_CMYK_mit-R_negativ.png","contentUrl":"https:\/\/kolma.style\/wp-content\/uploads\/2024\/02\/kolma_Logo_CMYK_mit-R_negativ.png","width":978,"height":385,"caption":"Kolma Style"},"image":{"@id":"https:\/\/kolma.style\/#\/schema\/logo\/image\/"},"sameAs":["https:\/\/www.facebook.com\/profile.php?id=61556920808920","https:\/\/www.instagram.com\/kolma.style\/?fbclid=IwAR0eh-ysiGmHlhMTTXWvRwIwA3CvXlQh5dpJIE-jZ6fIvW2vXcgQSl0Y-ys"]}]}},"_links":{"self":[{"href":"https:\/\/kolma.style\/fr\/wp-json\/wp\/v2\/product\/2517"}],"collection":[{"href":"https:\/\/kolma.style\/fr\/wp-json\/wp\/v2\/product"}],"about":[{"href":"https:\/\/kolma.style\/fr\/wp-json\/wp\/v2\/types\/product"}],"wp:featuredmedia":[{"embeddable":true,"href":"https:\/\/kolma.style\/fr\/wp-json\/wp\/v2\/media\/2876"}],"wp:attachment":[{"href":"https:\/\/kolma.style\/fr\/wp-json\/wp\/v2\/media?parent=2517"}],"wp:term":[{"taxonomy":"product_cat","embeddable":true,"href":"https:\/\/kolma.style\/fr\/wp-json\/wp\/v2\/product_cat?post=2517"},{"taxonomy":"product_tag","embeddable":true,"href":"https:\/\/kolma.style\/fr\/wp-json\/wp\/v2\/product_tag?post=2517"}],"curies":[{"name":"wp","href":"https:\/\/api.w.org\/{rel}","templated":true}]}}