{"id":2444,"date":"2025-05-05T14:25:08","date_gmt":"2025-05-05T12:25:08","guid":{"rendered":"https:\/\/kolma.style\/?post_type=product&#038;p=2444"},"modified":"2025-08-05T09:44:51","modified_gmt":"2025-08-05T07:44:51","slug":"serviette-de-bain-stripy-nardo-blanc","status":"publish","type":"product","link":"https:\/\/kolma.style\/fr\/shop\/linges-de-bain\/serviette-de-bain-stripy-nardo-blanc\/","title":{"rendered":"Serviette de bain Stripy <p>Nardo\/Blanc<\/p>"},"content":{"rendered":"<p>La serviette de bain id\u00e9ale pour le soleil, la plage et la d\u00e9tente! Que ce soit \u00e0 la mer, au bord d&#8217;un lac ou \u00e0 la piscine, notre linge de haute qualit\u00e9 t&#8217;enveloppe d&#8217;un cocon de douceur en t&#8217;offrant un confort maximal. Fabriqu\u00e9e enti\u00e8rement en coton, elle allie une sensation de luxe \u00e0 une qualit\u00e9 durable. Sa boucle cousue te permet de la suspendre facilement pour la faire s\u00e9cher. Ses couleurs vives Flamingo, Lemon et Caribbean apportent une touche de gaiet\u00e9 \u00e0 chaque journ\u00e9e d\u2019\u00e9t\u00e9, tandis que les tons modernes Olive, Nardo et Sand lui prodiguent une \u00e9l\u00e9gance intemporelle. Que ce soit pour te pr\u00e9lasser au soleil ou pour t&#8217;envelopper apr\u00e8s la baignade, chaque instant devient sp\u00e9cial avec cette serviette de bain.<\/p>\n<p>&nbsp;<\/p>\n","protected":false},"excerpt":{"rendered":"<p>La serviette de bain id\u00e9ale pour le soleil, la plage et la d\u00e9tente! Que ce soit \u00e0 la mer, au bord d&#8217;un lac ou \u00e0 la piscine, notre linge de haute qualit\u00e9 t&#8217;enveloppe d&#8217;un cocon de douceur en t&#8217;offrant un confort maximal. Fabriqu\u00e9e enti\u00e8rement en coton, elle allie une sensation de luxe \u00e0 une qualit\u00e9&#8230;<\/p>\n","protected":false},"featured_media":3080,"template":"","meta":{"_acf_changed":false},"product_cat":[101],"product_tag":[],"acf":[],"yoast_head":"<!-- This site is optimized with the Yoast SEO plugin v22.5 - https:\/\/yoast.com\/wordpress\/plugins\/seo\/ -->\n<title>Serviette de bain Stripy Nardo\/Blanc - Kolma Style<\/title>\n<meta name=\"description\" content=\"Le linge de bain id\u00e9al pour le soleil, la plage et la d\u00e9tente! Que ce soit \u00e0 la mer, au bord d&#039;un lac ou \u00e0 la piscine, notre linge de haute qualit\u00e9 vous enveloppe d&#039;un cocon de douceur en vous offrant un confort maximal.\" \/>\n<meta name=\"robots\" content=\"index, follow, max-snippet:-1, max-image-preview:large, max-video-preview:-1\" \/>\n<meta property=\"og:locale\" content=\"fr_FR\" \/>\n<meta property=\"og:type\" content=\"article\" \/>\n<meta property=\"og:title\" content=\"Serviette de bain Stripy Nardo\/Blanc - Kolma Style\" \/>\n<meta property=\"og:description\" content=\"Le linge de bain id\u00e9al pour le soleil, la plage et la d\u00e9tente! Que ce soit \u00e0 la mer, au bord d&#039;un lac ou \u00e0 la piscine, notre linge de haute qualit\u00e9 vous enveloppe d&#039;un cocon de douceur en vous offrant un confort maximal.\" \/>\n<meta property=\"og:url\" content=\"https:\/\/kolma.style\/fr\/shop\/linges-de-bain\/serviette-de-bain-stripy-nardo-blanc\/\" \/>\n<meta property=\"og:site_name\" content=\"Kolma Style\" \/>\n<meta property=\"article:publisher\" content=\"https:\/\/www.facebook.com\/profile.php?id=61556920808920\" \/>\n<meta property=\"article:modified_time\" content=\"2025-08-05T07:44:51+00:00\" \/>\n<meta property=\"og:image\" content=\"https:\/\/kolma.style\/wp-content\/uploads\/2025\/07\/14.424.20_E.png\" \/>\n\t<meta property=\"og:image:width\" content=\"1000\" \/>\n\t<meta property=\"og:image:height\" content=\"1000\" \/>\n\t<meta property=\"og:image:type\" content=\"image\/png\" \/>\n<meta name=\"twitter:card\" content=\"summary_large_image\" \/>\n<meta name=\"twitter:label1\" content=\"Dur\u00e9e de lecture estim\u00e9e\" \/>\n\t<meta name=\"twitter:data1\" content=\"1 minute\" \/>\n<script type=\"application\/ld+json\" class=\"yoast-schema-graph\">{\"@context\":\"https:\/\/schema.org\",\"@graph\":[{\"@type\":\"WebPage\",\"@id\":\"https:\/\/kolma.style\/fr\/shop\/linges-de-bain\/serviette-de-bain-stripy-nardo-blanc\/\",\"url\":\"https:\/\/kolma.style\/fr\/shop\/linges-de-bain\/serviette-de-bain-stripy-nardo-blanc\/\",\"name\":\"Serviette de bain Stripy Nardo\/Blanc - Kolma Style\",\"isPartOf\":{\"@id\":\"https:\/\/kolma.style\/#website\"},\"primaryImageOfPage\":{\"@id\":\"https:\/\/kolma.style\/fr\/shop\/linges-de-bain\/serviette-de-bain-stripy-nardo-blanc\/#primaryimage\"},\"image\":{\"@id\":\"https:\/\/kolma.style\/fr\/shop\/linges-de-bain\/serviette-de-bain-stripy-nardo-blanc\/#primaryimage\"},\"thumbnailUrl\":\"https:\/\/kolma.style\/wp-content\/uploads\/2025\/07\/14.424.20_E.png\",\"datePublished\":\"2025-05-05T12:25:08+00:00\",\"dateModified\":\"2025-08-05T07:44:51+00:00\",\"description\":\"Le linge de bain id\u00e9al pour le soleil, la plage et la d\u00e9tente! Que ce soit \u00e0 la mer, au bord d'un lac ou \u00e0 la piscine, notre linge de haute qualit\u00e9 vous enveloppe d'un cocon de douceur en vous offrant un confort maximal.\",\"breadcrumb\":{\"@id\":\"https:\/\/kolma.style\/fr\/shop\/linges-de-bain\/serviette-de-bain-stripy-nardo-blanc\/#breadcrumb\"},\"inLanguage\":\"fr-FR\",\"potentialAction\":[{\"@type\":\"ReadAction\",\"target\":[\"https:\/\/kolma.style\/fr\/shop\/linges-de-bain\/serviette-de-bain-stripy-nardo-blanc\/\"]}]},{\"@type\":\"ImageObject\",\"inLanguage\":\"fr-FR\",\"@id\":\"https:\/\/kolma.style\/fr\/shop\/linges-de-bain\/serviette-de-bain-stripy-nardo-blanc\/#primaryimage\",\"url\":\"https:\/\/kolma.style\/wp-content\/uploads\/2025\/07\/14.424.20_E.png\",\"contentUrl\":\"https:\/\/kolma.style\/wp-content\/uploads\/2025\/07\/14.424.20_E.png\",\"width\":1000,\"height\":1000},{\"@type\":\"BreadcrumbList\",\"@id\":\"https:\/\/kolma.style\/fr\/shop\/linges-de-bain\/serviette-de-bain-stripy-nardo-blanc\/#breadcrumb\",\"itemListElement\":[{\"@type\":\"ListItem\",\"position\":1,\"name\":\"Startseite\",\"item\":\"https:\/\/kolma.style\/\"},{\"@type\":\"ListItem\",\"position\":2,\"name\":\"Shop\",\"item\":\"https:\/\/kolma.style\/fr\/shop\/\"},{\"@type\":\"ListItem\",\"position\":3,\"name\":\"Serviette de bain Stripy Nardo\/Blanc\"}]},{\"@type\":\"WebSite\",\"@id\":\"https:\/\/kolma.style\/#website\",\"url\":\"https:\/\/kolma.style\/\",\"name\":\"Kolma Style\",\"description\":\"Entspannung und \u00adErholung mit Stil\",\"publisher\":{\"@id\":\"https:\/\/kolma.style\/#organization\"},\"potentialAction\":[{\"@type\":\"SearchAction\",\"target\":{\"@type\":\"EntryPoint\",\"urlTemplate\":\"https:\/\/kolma.style\/?s={search_term_string}\"},\"query-input\":\"required name=search_term_string\"}],\"inLanguage\":\"fr-FR\"},{\"@type\":\"Organization\",\"@id\":\"https:\/\/kolma.style\/#organization\",\"name\":\"Kolma Style\",\"url\":\"https:\/\/kolma.style\/\",\"logo\":{\"@type\":\"ImageObject\",\"inLanguage\":\"fr-FR\",\"@id\":\"https:\/\/kolma.style\/#\/schema\/logo\/image\/\",\"url\":\"https:\/\/kolma.style\/wp-content\/uploads\/2024\/02\/kolma_Logo_CMYK_mit-R_negativ.png\",\"contentUrl\":\"https:\/\/kolma.style\/wp-content\/uploads\/2024\/02\/kolma_Logo_CMYK_mit-R_negativ.png\",\"width\":978,\"height\":385,\"caption\":\"Kolma Style\"},\"image\":{\"@id\":\"https:\/\/kolma.style\/#\/schema\/logo\/image\/\"},\"sameAs\":[\"https:\/\/www.facebook.com\/profile.php?id=61556920808920\",\"https:\/\/www.instagram.com\/kolma.style\/?fbclid=IwAR0eh-ysiGmHlhMTTXWvRwIwA3CvXlQh5dpJIE-jZ6fIvW2vXcgQSl0Y-ys\"]}]}<\/script>\n<!-- \/ Yoast SEO plugin. -->","yoast_head_json":{"title":"Serviette de bain Stripy Nardo\/Blanc - Kolma Style","description":"Le linge de bain id\u00e9al pour le soleil, la plage et la d\u00e9tente! Que ce soit \u00e0 la mer, au bord d'un lac ou \u00e0 la piscine, notre linge de haute qualit\u00e9 vous enveloppe d'un cocon de douceur en vous offrant un confort maximal.","robots":{"index":"index","follow":"follow","max-snippet":"max-snippet:-1","max-image-preview":"max-image-preview:large","max-video-preview":"max-video-preview:-1"},"og_locale":"fr_FR","og_type":"article","og_title":"Serviette de bain Stripy Nardo\/Blanc - Kolma Style","og_description":"Le linge de bain id\u00e9al pour le soleil, la plage et la d\u00e9tente! Que ce soit \u00e0 la mer, au bord d'un lac ou \u00e0 la piscine, notre linge de haute qualit\u00e9 vous enveloppe d'un cocon de douceur en vous offrant un confort maximal.","og_url":"https:\/\/kolma.style\/fr\/shop\/linges-de-bain\/serviette-de-bain-stripy-nardo-blanc\/","og_site_name":"Kolma Style","article_publisher":"https:\/\/www.facebook.com\/profile.php?id=61556920808920","article_modified_time":"2025-08-05T07:44:51+00:00","og_image":[{"width":1000,"height":1000,"url":"https:\/\/kolma.style\/wp-content\/uploads\/2025\/07\/14.424.20_E.png","type":"image\/png"}],"twitter_card":"summary_large_image","twitter_misc":{"Dur\u00e9e de lecture estim\u00e9e":"1 minute"},"schema":{"@context":"https:\/\/schema.org","@graph":[{"@type":"WebPage","@id":"https:\/\/kolma.style\/fr\/shop\/linges-de-bain\/serviette-de-bain-stripy-nardo-blanc\/","url":"https:\/\/kolma.style\/fr\/shop\/linges-de-bain\/serviette-de-bain-stripy-nardo-blanc\/","name":"Serviette de bain Stripy Nardo\/Blanc - Kolma Style","isPartOf":{"@id":"https:\/\/kolma.style\/#website"},"primaryImageOfPage":{"@id":"https:\/\/kolma.style\/fr\/shop\/linges-de-bain\/serviette-de-bain-stripy-nardo-blanc\/#primaryimage"},"image":{"@id":"https:\/\/kolma.style\/fr\/shop\/linges-de-bain\/serviette-de-bain-stripy-nardo-blanc\/#primaryimage"},"thumbnailUrl":"https:\/\/kolma.style\/wp-content\/uploads\/2025\/07\/14.424.20_E.png","datePublished":"2025-05-05T12:25:08+00:00","dateModified":"2025-08-05T07:44:51+00:00","description":"Le linge de bain id\u00e9al pour le soleil, la plage et la d\u00e9tente! Que ce soit \u00e0 la mer, au bord d'un lac ou \u00e0 la piscine, notre linge de haute qualit\u00e9 vous enveloppe d'un cocon de douceur en vous offrant un confort maximal.","breadcrumb":{"@id":"https:\/\/kolma.style\/fr\/shop\/linges-de-bain\/serviette-de-bain-stripy-nardo-blanc\/#breadcrumb"},"inLanguage":"fr-FR","potentialAction":[{"@type":"ReadAction","target":["https:\/\/kolma.style\/fr\/shop\/linges-de-bain\/serviette-de-bain-stripy-nardo-blanc\/"]}]},{"@type":"ImageObject","inLanguage":"fr-FR","@id":"https:\/\/kolma.style\/fr\/shop\/linges-de-bain\/serviette-de-bain-stripy-nardo-blanc\/#primaryimage","url":"https:\/\/kolma.style\/wp-content\/uploads\/2025\/07\/14.424.20_E.png","contentUrl":"https:\/\/kolma.style\/wp-content\/uploads\/2025\/07\/14.424.20_E.png","width":1000,"height":1000},{"@type":"BreadcrumbList","@id":"https:\/\/kolma.style\/fr\/shop\/linges-de-bain\/serviette-de-bain-stripy-nardo-blanc\/#breadcrumb","itemListElement":[{"@type":"ListItem","position":1,"name":"Startseite","item":"https:\/\/kolma.style\/"},{"@type":"ListItem","position":2,"name":"Shop","item":"https:\/\/kolma.style\/fr\/shop\/"},{"@type":"ListItem","position":3,"name":"Serviette de bain Stripy Nardo\/Blanc"}]},{"@type":"WebSite","@id":"https:\/\/kolma.style\/#website","url":"https:\/\/kolma.style\/","name":"Kolma Style","description":"Entspannung und \u00adErholung mit Stil","publisher":{"@id":"https:\/\/kolma.style\/#organization"},"potentialAction":[{"@type":"SearchAction","target":{"@type":"EntryPoint","urlTemplate":"https:\/\/kolma.style\/?s={search_term_string}"},"query-input":"required name=search_term_string"}],"inLanguage":"fr-FR"},{"@type":"Organization","@id":"https:\/\/kolma.style\/#organization","name":"Kolma Style","url":"https:\/\/kolma.style\/","logo":{"@type":"ImageObject","inLanguage":"fr-FR","@id":"https:\/\/kolma.style\/#\/schema\/logo\/image\/","url":"https:\/\/kolma.style\/wp-content\/uploads\/2024\/02\/kolma_Logo_CMYK_mit-R_negativ.png","contentUrl":"https:\/\/kolma.style\/wp-content\/uploads\/2024\/02\/kolma_Logo_CMYK_mit-R_negativ.png","width":978,"height":385,"caption":"Kolma Style"},"image":{"@id":"https:\/\/kolma.style\/#\/schema\/logo\/image\/"},"sameAs":["https:\/\/www.facebook.com\/profile.php?id=61556920808920","https:\/\/www.instagram.com\/kolma.style\/?fbclid=IwAR0eh-ysiGmHlhMTTXWvRwIwA3CvXlQh5dpJIE-jZ6fIvW2vXcgQSl0Y-ys"]}]}},"_links":{"self":[{"href":"https:\/\/kolma.style\/fr\/wp-json\/wp\/v2\/product\/2444"}],"collection":[{"href":"https:\/\/kolma.style\/fr\/wp-json\/wp\/v2\/product"}],"about":[{"href":"https:\/\/kolma.style\/fr\/wp-json\/wp\/v2\/types\/product"}],"wp:featuredmedia":[{"embeddable":true,"href":"https:\/\/kolma.style\/fr\/wp-json\/wp\/v2\/media\/3080"}],"wp:attachment":[{"href":"https:\/\/kolma.style\/fr\/wp-json\/wp\/v2\/media?parent=2444"}],"wp:term":[{"taxonomy":"product_cat","embeddable":true,"href":"https:\/\/kolma.style\/fr\/wp-json\/wp\/v2\/product_cat?post=2444"},{"taxonomy":"product_tag","embeddable":true,"href":"https:\/\/kolma.style\/fr\/wp-json\/wp\/v2\/product_tag?post=2444"}],"curies":[{"name":"wp","href":"https:\/\/api.w.org\/{rel}","templated":true}]}}