{"id":1724,"date":"2024-03-18T08:55:45","date_gmt":"2024-03-18T06:55:45","guid":{"rendered":"https:\/\/kolma.style\/shop\/non%20class\u00e9\/luftmatratze-uni-lemon\/"},"modified":"2025-09-01T02:00:10","modified_gmt":"2025-09-01T00:00:10","slug":"luftmatratze-uni-lemon","status":"publish","type":"product","link":"https:\/\/kolma.style\/fr\/shop\/matelas-gonflable\/luftmatratze-uni-lemon\/","title":{"rendered":"Matelas gonflable Uni <p>Lemon<\/p>"},"content":{"rendered":"<p>Le matelas gonflable id\u00e9al pour tes sorties \u00e0 la piscine, \u00e0 la plage et au bord du lac. Fabriqu\u00e9 dans un mat\u00e9riau extra-fort qui lui assure une grande long\u00e9vit\u00e9. La surface de couchage \u00e9quip\u00e9e d&#8217;une housse en polyester assure une sensation agr\u00e9able, m\u00eame \u00e0 des temp\u00e9ratures \u00e9lev\u00e9es et \u00e0 la lumi\u00e8re directe du soleil. Gr\u00e2ce au syst\u00e8me sophistiqu\u00e9 de chambres \u00e0 air 5+1, tu b\u00e9n\u00e9ficies d&#8217;un confort optimal et d&#8217;une grande stabilit\u00e9 dans l&#8217;eau.<\/p>\n","protected":false},"excerpt":{"rendered":"<p>Le matelas gonflable id\u00e9al pour tes sorties \u00e0 la piscine, \u00e0 la plage et au bord du lac. Fabriqu\u00e9 dans un mat\u00e9riau extra-fort qui lui assure une grande long\u00e9vit\u00e9. La surface de couchage \u00e9quip\u00e9e d&#8217;une housse en polyester assure une sensation agr\u00e9able, m\u00eame \u00e0 des temp\u00e9ratures \u00e9lev\u00e9es et \u00e0 la lumi\u00e8re directe du soleil. Gr\u00e2ce&#8230;<\/p>\n","protected":false},"featured_media":476,"template":"","meta":{"_acf_changed":false},"product_cat":[102],"product_tag":[],"acf":[],"yoast_head":"<!-- This site is optimized with the Yoast SEO plugin v22.5 - https:\/\/yoast.com\/wordpress\/plugins\/seo\/ -->\n<title>Matelas gonflable Uni Lemon - Kolma Style<\/title>\n<meta name=\"robots\" content=\"index, follow, max-snippet:-1, max-image-preview:large, max-video-preview:-1\" \/>\n<meta property=\"og:locale\" content=\"fr_FR\" \/>\n<meta property=\"og:type\" content=\"article\" \/>\n<meta property=\"og:title\" content=\"Matelas gonflable Uni Lemon - Kolma Style\" \/>\n<meta property=\"og:description\" content=\"Le matelas gonflable id\u00e9al pour tes sorties \u00e0 la piscine, \u00e0 la plage et au bord du lac. Fabriqu\u00e9 dans un mat\u00e9riau extra-fort qui lui assure une grande long\u00e9vit\u00e9. La surface de couchage \u00e9quip\u00e9e d&#8217;une housse en polyester assure une sensation agr\u00e9able, m\u00eame \u00e0 des temp\u00e9ratures \u00e9lev\u00e9es et \u00e0 la lumi\u00e8re directe du soleil. Gr\u00e2ce...\" \/>\n<meta property=\"og:url\" content=\"https:\/\/kolma.style\/fr\/shop\/matelas-gonflable\/luftmatratze-uni-lemon\/\" \/>\n<meta property=\"og:site_name\" content=\"Kolma Style\" \/>\n<meta property=\"article:publisher\" content=\"https:\/\/www.facebook.com\/profile.php?id=61556920808920\" \/>\n<meta property=\"article:modified_time\" content=\"2025-09-01T00:00:10+00:00\" \/>\n<meta property=\"og:image\" content=\"https:\/\/kolma.style\/wp-content\/uploads\/2024\/03\/LEMON580x580.png\" \/>\n\t<meta property=\"og:image:width\" content=\"580\" \/>\n\t<meta property=\"og:image:height\" content=\"580\" \/>\n\t<meta property=\"og:image:type\" content=\"image\/png\" \/>\n<meta name=\"twitter:card\" content=\"summary_large_image\" \/>\n<meta name=\"twitter:label1\" content=\"Dur\u00e9e de lecture estim\u00e9e\" \/>\n\t<meta name=\"twitter:data1\" content=\"1 minute\" \/>\n<script type=\"application\/ld+json\" class=\"yoast-schema-graph\">{\"@context\":\"https:\/\/schema.org\",\"@graph\":[{\"@type\":\"WebPage\",\"@id\":\"https:\/\/kolma.style\/fr\/shop\/matelas-gonflable\/luftmatratze-uni-lemon\/\",\"url\":\"https:\/\/kolma.style\/fr\/shop\/matelas-gonflable\/luftmatratze-uni-lemon\/\",\"name\":\"Matelas gonflable Uni Lemon - Kolma Style\",\"isPartOf\":{\"@id\":\"https:\/\/kolma.style\/#website\"},\"primaryImageOfPage\":{\"@id\":\"https:\/\/kolma.style\/fr\/shop\/matelas-gonflable\/luftmatratze-uni-lemon\/#primaryimage\"},\"image\":{\"@id\":\"https:\/\/kolma.style\/fr\/shop\/matelas-gonflable\/luftmatratze-uni-lemon\/#primaryimage\"},\"thumbnailUrl\":\"https:\/\/kolma.style\/wp-content\/uploads\/2024\/03\/LEMON580x580.png\",\"datePublished\":\"2024-03-18T06:55:45+00:00\",\"dateModified\":\"2025-09-01T00:00:10+00:00\",\"breadcrumb\":{\"@id\":\"https:\/\/kolma.style\/fr\/shop\/matelas-gonflable\/luftmatratze-uni-lemon\/#breadcrumb\"},\"inLanguage\":\"fr-FR\",\"potentialAction\":[{\"@type\":\"ReadAction\",\"target\":[\"https:\/\/kolma.style\/fr\/shop\/matelas-gonflable\/luftmatratze-uni-lemon\/\"]}]},{\"@type\":\"ImageObject\",\"inLanguage\":\"fr-FR\",\"@id\":\"https:\/\/kolma.style\/fr\/shop\/matelas-gonflable\/luftmatratze-uni-lemon\/#primaryimage\",\"url\":\"https:\/\/kolma.style\/wp-content\/uploads\/2024\/03\/LEMON580x580.png\",\"contentUrl\":\"https:\/\/kolma.style\/wp-content\/uploads\/2024\/03\/LEMON580x580.png\",\"width\":580,\"height\":580},{\"@type\":\"BreadcrumbList\",\"@id\":\"https:\/\/kolma.style\/fr\/shop\/matelas-gonflable\/luftmatratze-uni-lemon\/#breadcrumb\",\"itemListElement\":[{\"@type\":\"ListItem\",\"position\":1,\"name\":\"Startseite\",\"item\":\"https:\/\/kolma.style\/\"},{\"@type\":\"ListItem\",\"position\":2,\"name\":\"Shop\",\"item\":\"https:\/\/kolma.style\/fr\/shop\/\"},{\"@type\":\"ListItem\",\"position\":3,\"name\":\"Matelas gonflable Uni Lemon\"}]},{\"@type\":\"WebSite\",\"@id\":\"https:\/\/kolma.style\/#website\",\"url\":\"https:\/\/kolma.style\/\",\"name\":\"Kolma Style\",\"description\":\"Entspannung und \u00adErholung mit Stil\",\"publisher\":{\"@id\":\"https:\/\/kolma.style\/#organization\"},\"potentialAction\":[{\"@type\":\"SearchAction\",\"target\":{\"@type\":\"EntryPoint\",\"urlTemplate\":\"https:\/\/kolma.style\/?s={search_term_string}\"},\"query-input\":\"required name=search_term_string\"}],\"inLanguage\":\"fr-FR\"},{\"@type\":\"Organization\",\"@id\":\"https:\/\/kolma.style\/#organization\",\"name\":\"Kolma Style\",\"url\":\"https:\/\/kolma.style\/\",\"logo\":{\"@type\":\"ImageObject\",\"inLanguage\":\"fr-FR\",\"@id\":\"https:\/\/kolma.style\/#\/schema\/logo\/image\/\",\"url\":\"https:\/\/kolma.style\/wp-content\/uploads\/2024\/02\/kolma_Logo_CMYK_mit-R_negativ.png\",\"contentUrl\":\"https:\/\/kolma.style\/wp-content\/uploads\/2024\/02\/kolma_Logo_CMYK_mit-R_negativ.png\",\"width\":978,\"height\":385,\"caption\":\"Kolma Style\"},\"image\":{\"@id\":\"https:\/\/kolma.style\/#\/schema\/logo\/image\/\"},\"sameAs\":[\"https:\/\/www.facebook.com\/profile.php?id=61556920808920\",\"https:\/\/www.instagram.com\/kolma.style\/?fbclid=IwAR0eh-ysiGmHlhMTTXWvRwIwA3CvXlQh5dpJIE-jZ6fIvW2vXcgQSl0Y-ys\"]}]}<\/script>\n<!-- \/ Yoast SEO plugin. -->","yoast_head_json":{"title":"Matelas gonflable Uni Lemon - Kolma Style","robots":{"index":"index","follow":"follow","max-snippet":"max-snippet:-1","max-image-preview":"max-image-preview:large","max-video-preview":"max-video-preview:-1"},"og_locale":"fr_FR","og_type":"article","og_title":"Matelas gonflable Uni Lemon - Kolma Style","og_description":"Le matelas gonflable id\u00e9al pour tes sorties \u00e0 la piscine, \u00e0 la plage et au bord du lac. Fabriqu\u00e9 dans un mat\u00e9riau extra-fort qui lui assure une grande long\u00e9vit\u00e9. La surface de couchage \u00e9quip\u00e9e d&#8217;une housse en polyester assure une sensation agr\u00e9able, m\u00eame \u00e0 des temp\u00e9ratures \u00e9lev\u00e9es et \u00e0 la lumi\u00e8re directe du soleil. Gr\u00e2ce...","og_url":"https:\/\/kolma.style\/fr\/shop\/matelas-gonflable\/luftmatratze-uni-lemon\/","og_site_name":"Kolma Style","article_publisher":"https:\/\/www.facebook.com\/profile.php?id=61556920808920","article_modified_time":"2025-09-01T00:00:10+00:00","og_image":[{"width":580,"height":580,"url":"https:\/\/kolma.style\/wp-content\/uploads\/2024\/03\/LEMON580x580.png","type":"image\/png"}],"twitter_card":"summary_large_image","twitter_misc":{"Dur\u00e9e de lecture estim\u00e9e":"1 minute"},"schema":{"@context":"https:\/\/schema.org","@graph":[{"@type":"WebPage","@id":"https:\/\/kolma.style\/fr\/shop\/matelas-gonflable\/luftmatratze-uni-lemon\/","url":"https:\/\/kolma.style\/fr\/shop\/matelas-gonflable\/luftmatratze-uni-lemon\/","name":"Matelas gonflable Uni Lemon - Kolma Style","isPartOf":{"@id":"https:\/\/kolma.style\/#website"},"primaryImageOfPage":{"@id":"https:\/\/kolma.style\/fr\/shop\/matelas-gonflable\/luftmatratze-uni-lemon\/#primaryimage"},"image":{"@id":"https:\/\/kolma.style\/fr\/shop\/matelas-gonflable\/luftmatratze-uni-lemon\/#primaryimage"},"thumbnailUrl":"https:\/\/kolma.style\/wp-content\/uploads\/2024\/03\/LEMON580x580.png","datePublished":"2024-03-18T06:55:45+00:00","dateModified":"2025-09-01T00:00:10+00:00","breadcrumb":{"@id":"https:\/\/kolma.style\/fr\/shop\/matelas-gonflable\/luftmatratze-uni-lemon\/#breadcrumb"},"inLanguage":"fr-FR","potentialAction":[{"@type":"ReadAction","target":["https:\/\/kolma.style\/fr\/shop\/matelas-gonflable\/luftmatratze-uni-lemon\/"]}]},{"@type":"ImageObject","inLanguage":"fr-FR","@id":"https:\/\/kolma.style\/fr\/shop\/matelas-gonflable\/luftmatratze-uni-lemon\/#primaryimage","url":"https:\/\/kolma.style\/wp-content\/uploads\/2024\/03\/LEMON580x580.png","contentUrl":"https:\/\/kolma.style\/wp-content\/uploads\/2024\/03\/LEMON580x580.png","width":580,"height":580},{"@type":"BreadcrumbList","@id":"https:\/\/kolma.style\/fr\/shop\/matelas-gonflable\/luftmatratze-uni-lemon\/#breadcrumb","itemListElement":[{"@type":"ListItem","position":1,"name":"Startseite","item":"https:\/\/kolma.style\/"},{"@type":"ListItem","position":2,"name":"Shop","item":"https:\/\/kolma.style\/fr\/shop\/"},{"@type":"ListItem","position":3,"name":"Matelas gonflable Uni Lemon"}]},{"@type":"WebSite","@id":"https:\/\/kolma.style\/#website","url":"https:\/\/kolma.style\/","name":"Kolma Style","description":"Entspannung und \u00adErholung mit Stil","publisher":{"@id":"https:\/\/kolma.style\/#organization"},"potentialAction":[{"@type":"SearchAction","target":{"@type":"EntryPoint","urlTemplate":"https:\/\/kolma.style\/?s={search_term_string}"},"query-input":"required name=search_term_string"}],"inLanguage":"fr-FR"},{"@type":"Organization","@id":"https:\/\/kolma.style\/#organization","name":"Kolma Style","url":"https:\/\/kolma.style\/","logo":{"@type":"ImageObject","inLanguage":"fr-FR","@id":"https:\/\/kolma.style\/#\/schema\/logo\/image\/","url":"https:\/\/kolma.style\/wp-content\/uploads\/2024\/02\/kolma_Logo_CMYK_mit-R_negativ.png","contentUrl":"https:\/\/kolma.style\/wp-content\/uploads\/2024\/02\/kolma_Logo_CMYK_mit-R_negativ.png","width":978,"height":385,"caption":"Kolma Style"},"image":{"@id":"https:\/\/kolma.style\/#\/schema\/logo\/image\/"},"sameAs":["https:\/\/www.facebook.com\/profile.php?id=61556920808920","https:\/\/www.instagram.com\/kolma.style\/?fbclid=IwAR0eh-ysiGmHlhMTTXWvRwIwA3CvXlQh5dpJIE-jZ6fIvW2vXcgQSl0Y-ys"]}]}},"_links":{"self":[{"href":"https:\/\/kolma.style\/fr\/wp-json\/wp\/v2\/product\/1724"}],"collection":[{"href":"https:\/\/kolma.style\/fr\/wp-json\/wp\/v2\/product"}],"about":[{"href":"https:\/\/kolma.style\/fr\/wp-json\/wp\/v2\/types\/product"}],"wp:featuredmedia":[{"embeddable":true,"href":"https:\/\/kolma.style\/fr\/wp-json\/wp\/v2\/media\/476"}],"wp:attachment":[{"href":"https:\/\/kolma.style\/fr\/wp-json\/wp\/v2\/media?parent=1724"}],"wp:term":[{"taxonomy":"product_cat","embeddable":true,"href":"https:\/\/kolma.style\/fr\/wp-json\/wp\/v2\/product_cat?post=1724"},{"taxonomy":"product_tag","embeddable":true,"href":"https:\/\/kolma.style\/fr\/wp-json\/wp\/v2\/product_tag?post=1724"}],"curies":[{"name":"wp","href":"https:\/\/api.w.org\/{rel}","templated":true}]}}