{"id":959,"date":"2024-04-03T09:58:17","date_gmt":"2024-04-03T07:58:17","guid":{"rendered":"https:\/\/kolma.style\/datenschutzerklaerung\/"},"modified":"2024-05-22T10:38:28","modified_gmt":"2024-05-22T08:38:28","slug":"protection-des-donnees","status":"publish","type":"page","link":"https:\/\/kolma.style\/fr\/protection-des-donnees\/","title":{"rendered":"Protection des donn\u00e9es"},"content":{"rendered":"<section class=\"l-section wpb_row height_medium\"><div class=\"l-section-h i-cf\"><div class=\"g-cols vc_row via_grid cols_1 laptops-cols_inherit tablets-cols_inherit mobiles-cols_1 valign_top type_default stacking_default\"><div class=\"wpb_column vc_column_container\"><div class=\"vc_column-inner\"><div class=\"wpb_text_column\"><div class=\"wpb_wrapper\"><h1><span style=\"color: #85957b;\">La protection des donn\u00e9es<\/span><\/h1>\n<\/div><\/div><div class=\"w-separator size_medium\"><\/div><div class=\"wpb_text_column\"><div class=\"wpb_wrapper\"><p>Kolma SA attache une grande importance \u00e0 la protection de ta vie priv\u00e9e. Dans ce document explicatif sur la protection des donn\u00e9es, nous t`informons sur la mani\u00e8re dont nous pouvons au besoin collecter, g\u00e9rer et utiliser tes donn\u00e9es personnelles. Nous y indiquons \u00e9galement comment tu peux g\u00e9rer ces donn\u00e9es. Tu peux nous contacter \u00e0 tout moment\u00a0 \u00e0 l\u2019adresse\u00a0<a href=\"mailto:info@kolma.ch\">info@kolma.style<\/a>\u00a0si tu as des questions sur ces explications ou sur tes donn\u00e9es.<\/p>\n<\/div><\/div><div class=\"w-separator size_medium\"><\/div><div class=\"wpb_text_column\"><div class=\"wpb_wrapper\"><p><strong>R\u00e9sum\u00e9 de l\u2019utilisation de tes donn\u00e9es<\/strong><\/p>\n<ul>\n<li>Kolma SA utilise tes donn\u00e9es personnelles exclusivement \u00e0 des fins commerciales.<\/li>\n<li>Tes donn\u00e9es personnelles sont enregistr\u00e9es dans notre entreprise et chez nos sous-traitants (par exemple, les agences qui m\u00e8nent des campagnes pour nous). Lorsque tes donn\u00e9es personnelles doivent \u00eatre transmises, elles font l\u2019objet d\u2019un cryptage pr\u00e9alable.<\/li>\n<li>Si tu nous as communiqu\u00e9 des donn\u00e9es personnelles, nous ne les transmettons en principe pas \u00e0 des tiers. Un transfert \u00e0 des entreprises en dehors de Kolma SA n\u2019a lieu que sur la base d\u2019un consentement que tu as donn\u00e9, dans le cadre du traitement de tes demandes et de ton utilisation de nos services, et \u00e0 des sous-traitants mandat\u00e9s qui re\u00e7oivent les donn\u00e9es n\u00e9cessaires pour traiter une commande. En outre, nous transmettons des donn\u00e9es personnelles aux autorit\u00e9s comp\u00e9tentes lorsqu\u2019elles sont requises pour remplir des obligations l\u00e9gales.<\/li>\n<\/ul>\n<\/div><\/div><div class=\"w-separator size_medium\"><\/div><div class=\"wpb_text_column\"><div class=\"wpb_wrapper\"><p><strong>\u00c0 qui s\u2019adresser en cas de questions sur la protection des donn\u00e9es?<\/strong><\/p>\n<p>Nous esp\u00e9rons pouvoir r\u00e9pondre ci-dessous \u00e0 tes questions concernant le traitement de tes donn\u00e9es. Si tu as des pr\u00e9occupations concernant le traitement de tes donn\u00e9es ou si tu souhaites te d\u00e9sabonner du marketing direct, tu peux nous contacter \u00e0 l\u2019adresse\u00a0<a href=\"mailto:info@kolma.ch\">info@kolma.style<\/a>\u00a0ou \u00e0 l\u2019adresse: Kolma SA, Gr\u00fcnaustrasse 20-22, CH-3084 Wabern. Tu peux \u00e9galement utiliser ces adresses pour nous demander de t`envoyer, par courrier postal ou par e-mail, un extrait des donn\u00e9es personnelles que nous avons enregistr\u00e9es.<\/p>\n<\/div><\/div><div class=\"w-separator size_medium\"><\/div><div class=\"wpb_text_column\"><div class=\"wpb_wrapper\"><p><strong>Que couvrent ces informations sur la protection des donn\u00e9es?<\/strong><\/p>\n<p>Ces informations sur la protection des donn\u00e9es d\u00e9crivent la mani\u00e8re dont Kolma SA collecte, utilise et transmet des donn\u00e9es relatives \u00e0 ton fa\u00e7on d\u2019utiliser notre site Web ou nos services en ligne lorsque tu ach\u00e8tes nos produits et lorsque tu interagis avec nos employ\u00e9s ou avec nous de toute autre mani\u00e8re.<\/p>\n<p>Elles d\u00e9crivent \u00e9galement tes droits en mati\u00e8re de protection des donn\u00e9es, y compris le droit d\u2019opposition \u00e0 certains types de traitements que Kolma AG effectue sur ces donn\u00e9es. Tu trouveras de plus amples informations sur tes droits et sur la mani\u00e8re de les faire valoir dans la section \u00abQuels sont mes droits?\u00bb.<\/p>\n<\/div><\/div><div class=\"w-separator size_medium\"><\/div><div class=\"wpb_text_column\"><div class=\"wpb_wrapper\"><p><strong>Quelles donn\u00e9es collectons-nous?<\/strong><\/p>\n<p>Nous collectons et traitons des donn\u00e9es personnelles te concernant lorsque tu interagis avec notre entreprise ou nos sites Web, lorsque tu communiques avec nos employ\u00e9s ou lorsque tu ach\u00e8tes et utilises des biens et des services chez nous. Cela inclut:<\/p>\n<ul>\n<li>ton nom, nom d\u2019utilisateur et mot de passe<\/li>\n<li>ton adresse priv\u00e9e ou professionnelle, ton adresse e-mail et ton num\u00e9ro de t\u00e9l\u00e9phone<\/li>\n<li>ton historique de commandes<\/li>\n<li>tes pr\u00e9f\u00e9rences marketing, y compris tous les consentements que tu nous as donn\u00e9s<\/li>\n<li>des donn\u00e9es priv\u00e9es qui facilitent notre prise en charge de la client\u00e8le<\/li>\n<\/ul>\n<\/div><\/div><div class=\"w-separator size_medium\"><\/div><div class=\"wpb_text_column\"><div class=\"wpb_wrapper\"><p><strong>Comment utilisons-nous tes donn\u00e9es et quelles sont les bases l\u00e9gales pour cela?<\/strong><\/p>\n<p>Nous traitons tes donn\u00e9es personnelles aux fins suivantes:<\/p>\n<ul>\n<li>Pour ex\u00e9cuter un contrat ou prendre des mesures en relation avec un contrat: cela est pertinent si tu effectues un achat chez nous ou si tu participes \u00e0 une promotion ou \u00e0 un concours que nous organisons. Il peut s\u2019agir notamment:\n<ul>\n<li>de v\u00e9rifier ton identit\u00e9<\/li>\n<li>de r\u00e9ceptionner des paiements<\/li>\n<li>de communiquer avec toi<\/li>\n<li>de mettre \u00e0 disposition des services \u00e0 la client\u00e8le et de confier \u00e0 des tiers la livraison ou toute autre mani\u00e8re de fournir des produits, des prix ou des services.<\/li>\n<\/ul>\n<\/li>\n<li>Pour g\u00e9rer nos affaires et poursuivre nos int\u00e9r\u00eats l\u00e9gitimes.\n<ul>\n<li>En particulier, nous utilisons tes donn\u00e9es pour fournir les produits et services que tu as demand\u00e9s et pour r\u00e9pondre aux \u00e9ventuels commentaires ou plaintes que tu peux nous envoyer<\/li>\n<li>Nous surveillons l\u2019utilisation de nos sites Web et services en ligne et utilisons tes donn\u00e9es pour contr\u00f4ler, am\u00e9liorer et prot\u00e9ger nos produits, contenus, services et sites Web aussi bien en ligne que hors ligne.<\/li>\n<li>Nous utilisons les donn\u00e9es que tu fournis pour personnaliser notre site Web, nos produits ou nos services \u00e0 ton intention.<\/li>\n<li>Nous utilisons les donn\u00e9es que tu fournis pour nous renseigner sur les plaintes, \u00e9mises par tu ou d\u2019autres personnes, concernant notre site Web, nos produits ou nos services.<\/li>\n<li>Nous utilisons des donn\u00e9es dans le cadre de r\u00e9clamations l\u00e9gales ainsi qu\u2019\u00e0 des fins r\u00e9glementaires, de conformit\u00e9 et d\u2019enqu\u00eates (y compris la divulgation de ces donn\u00e9es dans le cadre de proc\u00e9dures judiciaires ou de litiges).<\/li>\n<li>Nous utilisons les donn\u00e9es de certaines personnes pour les inviter \u00e0 participer \u00e0 des \u00e9tudes de march\u00e9 ou pour permettre un meilleur traitement des clients.<\/li>\n<\/ul>\n<\/li>\n<li>Pour effectuer les op\u00e9rations suivantes, moyennant ton consentement \u00e0 l\u2019utilisation des donn\u00e9es:\n<ul>\n<li>Nous t`envoyons du marketing direct concernant nos produits et services pertinents ou d\u2019autres produits et services que nous fournissons.<\/li>\n<li>Nous utilisons des cookies et des technologies similaires conform\u00e9ment aux param\u00e8tres de cookies que tu as choisi et aux informations qui te sont fournies lorsque ces technologies sont utilis\u00e9es.<\/li>\n<li>\u00c0 d\u2019autres occasions, nous te demandons ton consentement pour utiliser ces donn\u00e9es aux fins sp\u00e9cifi\u00e9es au moment de la demande.<\/li>\n<\/ul>\n<\/li>\n<li>Aux fins prescrites par la loi:\n<ul>\n<li>\u00c0 la demande des autorit\u00e9s ou des forces de l\u2019ordre dans le cadre d\u2019une enqu\u00eate.<\/li>\n<\/ul>\n<\/li>\n<li>Lorsque tu postules chez nous en r\u00e9ponse \u00e0 une offre d\u2019emploi ou sous la forme d\u2019une candidature spontan\u00e9e\n<ul>\n<li>Nous ne conservons tes donn\u00e9es que pour la dur\u00e9e du processus de candidature, apr\u00e8s quoi nous les supprimons.<\/li>\n<\/ul>\n<\/li>\n<\/ul>\n<\/div><\/div><div class=\"w-separator size_medium\"><\/div><div class=\"wpb_text_column\"><div class=\"wpb_wrapper\"><p><strong>Quelles donn\u00e9es dois-tu fournir?<\/strong><\/p>\n<p>Tu es tenu\u00b7e d\u2019indiquer ton pr\u00e9nom, nom, adresse et une adresse e-mail actuelle si tu souhaites passer une commande chez nous ou si tu souhaites participer \u00e0 un concours ou \u00e0 une promotion. Si tu ne nous fournis pas ces donn\u00e9es, nous ne pourrons pas ex\u00e9cuter les commandes ni permettre ta participation \u00e0 des jeux-concours ou \u00e0 des actions promotionnelles.<\/p>\n<p>Les autres donn\u00e9es sont facultatives. Si tu n\u2019indiques pas de num\u00e9ro de t\u00e9l\u00e9phone, il peut y avoir des retards dans les r\u00e9clamations et les demandes de service, par exemple lorsque nous ne pouvons pas te joindre par t\u00e9l\u00e9phone.<\/p>\n<p>Dans le cadre des candidatures \u00e0 des postes vacants, il peut arriver que tu fournisses des informations qui sont consid\u00e9r\u00e9es comme des \u00abdonn\u00e9es personnelles particuli\u00e8rement sensibles\u00bb.<\/p>\n<\/div><\/div><div class=\"w-separator size_medium\"><\/div><div class=\"wpb_text_column\"><div class=\"wpb_wrapper\"><p><strong>Comment peux-tu retirer un \u00e9ventuel consentement ou t`opposer \u00e0 l\u2019envoi de marketing direct?<\/strong><\/p>\n<p>Tu peux \u00e0 tout moment retirer les consentements, quels qu\u2019ils soient, que tu nous as donn\u00e9s. Dans ce cas, nous mettrons fin au traitement des donn\u00e9es recueillies sur la base de chaque consentement r\u00e9voqu\u00e9.<\/p>\n<p>Dans certains cas, nous pouvons t\u2019envoyer de la publicit\u00e9 directe sans ton consentement. Tu as alors le droit de t`opposer \u00e0 tout moment au marketing direct (\u00abopt-out\u00bb). Tu peux le faire en suivant les instructions qui figurent dans le message \u00e9lectronique, si le marketing direct s\u2019effectue sous la forme d\u2019un tel message. Tu peux \u00e9galement nous contacter en utilisant les informations ci-dessous.<\/p>\n<\/div><\/div><div class=\"w-separator size_medium\"><\/div><div class=\"wpb_text_column\"><div class=\"wpb_wrapper\"><p><strong>Avec qui, o\u00f9 et quand partageons-nous ces donn\u00e9es?<\/strong><\/p>\n<p>Nous pouvons transmettre tes donn\u00e9es personnelles pour l\u2019ex\u00e9cution de commandes, de concours ou d\u2019autres actions de marketing auxquelles tu t`es inscrit. Dans certains cas, nous transmettons tes donn\u00e9es \u00e0 des agences ou \u00e0 des prestataires de services pour l\u2019ex\u00e9cution de commandes, de concours ou d\u2019autres actions de marketing auxquelles tu t`es inscrit.<\/p>\n<p>Si les autorit\u00e9s administratives ou judiciaires nous le demandent, nous transmettons ces donn\u00e9es personnelles dans la mesure o\u00f9 la loi l\u2019exige ou si cela est n\u00e9cessaire pour prot\u00e9ger nos int\u00e9r\u00eats l\u00e9gitimes conform\u00e9ment aux lois applicables.<\/p>\n<p>Nous transmettons \u00e9galement tes donn\u00e9es personnelles \u00e0 des sous-traitants qui traitent ces donn\u00e9es pour le compte de Kolma SA aux fins susmentionn\u00e9es. Parmi ces sous-traitants, on trouve notamment les fournisseurs d\u2019h\u00e9bergement de sites Web et de maintenance, les agences de publicit\u00e9 ainsi que les fournisseurs de services d\u2019exp\u00e9dition, de logistique et d\u2019analyse.<\/p>\n<p>Si une division de notre soci\u00e9t\u00e9 est vendue ou int\u00e9gr\u00e9e dans une autre soci\u00e9t\u00e9, nous communiquerons dans certains cas tes donn\u00e9es \u00e0 nos conseillers et aux conseillers de l\u2019acheteur potentiel et nous les transmettrons aux nouveaux propri\u00e9taires de la soci\u00e9t\u00e9.<\/p>\n<p>Nous ne transmettrons des donn\u00e9es \u00e0 des destinataires en dehors de l\u2019Espace \u00e9conomique europ\u00e9en que si cela est n\u00e9cessaire \u00e0 l\u2019ex\u00e9cution d\u2019un contrat ou si une protection suffisante des donn\u00e9es est garantie; c\u2019est le cas, par exemple, lorsqu\u2019une d\u00e9cision d\u2019ad\u00e9quation de la Commission de l\u2019Union europ\u00e9enne s\u2019applique au pays concern\u00e9 ou que les donn\u00e9es sont prot\u00e9g\u00e9es de mani\u00e8re ad\u00e9quate par des clauses contractuelles types approuv\u00e9es par la Commission europ\u00e9enne, une certification Privacy Shield correspondante ou les r\u00e8gles d\u2019entreprise contraignantes du fournisseur de traitement.<\/p>\n<\/div><\/div><div class=\"w-separator size_medium\"><\/div><div class=\"wpb_text_column\"><div class=\"wpb_wrapper\"><p><strong>Suivi via Google Analytics<\/strong><\/p>\n<p>Nous avons recours \u00e0 Google Analytics pour analyser ton utilisation de nos sites Web. Dans ce cadre, nous transf\u00e9rons des donn\u00e9es pour l\u2019utilisation de nos sites Web \u00e0 notre sous-traitant Google Inc. Google Analytics est configur\u00e9 de mani\u00e8re \u00e0 ce que ton adresse IP soit transmise sous forme anonyme \u00e0 Google (anonymizeIP). Google cr\u00e9e pour nous des rapports statistiques sur l\u2019utilisation de nos sites Web.<\/p>\n<p>Si tu ne souhaites pas \u00eatre suivi par Google Analytics, tu peux installer une extension de navigateur qui bloque l\u2019activit\u00e9 de suivi.<\/p>\n<\/div><\/div><div class=\"w-separator size_medium\"><\/div><div class=\"wpb_text_column\"><div class=\"wpb_wrapper\"><p><strong>Quels sont mes droits?<\/strong><\/p>\n<p>Tu as des droits suivants:<\/p>\n<ul>\n<li>nous demander des informations sur le traitement de tes donn\u00e9es effectu\u00e9 par nos soins<\/li>\n<li>demander une copie de tes donn\u00e9es personnelles<\/li>\n<li>corriger, supprimer ou limiter le traitement de tes donn\u00e9es personnelles<\/li>\n<li>nous demander, si nous traitons tes donn\u00e9es sur la base de ton consentement ou pour l\u2019ex\u00e9cution du contrat qui nous lie, de te fournir dans un format structur\u00e9 et lisible par machine les donn\u00e9es personnelles que tu as mises \u00e0 disposition.<\/li>\n<\/ul>\n<p>En outre, tu peux t`opposer au traitement de tes donn\u00e9es personnelles dans certaines circonstances (en particulier si nous n\u2019avons pas besoin de traiter les donn\u00e9es pour satisfaire \u00e0 une exigence contractuelle ou autre exigence l\u00e9gale, ou si nous utilisons les donn\u00e9es \u00e0 des fins de marketing direct).<\/p>\n<p>Ces droits peuvent \u00eatre limit\u00e9s, par exemple, si des donn\u00e9es personnelles concernant une autre personne risquent d\u2019\u00eatre divulgu\u00e9es lors de l\u2019ex\u00e9cution de ta demande ou si vtu nous demandes de supprimer des donn\u00e9es dont la conservation est requise par la loi.<\/p>\n<p>Pour exercer ces droits, tu peux utiliser les coordonn\u00e9es indiqu\u00e9es ci-dessus pour prendre contact avec nous ou avec notre d\u00e9l\u00e9gu\u00e9 \u00e0 la protection des donn\u00e9es. Si tu as des pr\u00e9occupations non r\u00e9solues, tu as le droit de d\u00e9poser une plainte aupr\u00e8s d\u2019une autorit\u00e9 europ\u00e9enne de protection des donn\u00e9es sur ton lieu de r\u00e9sidence, sur ton lieu de travail ou \u00e0 l\u2019endroit o\u00f9 tu penses avoir constat\u00e9 une violation.<\/p>\n<\/div><\/div><div class=\"w-separator size_medium\"><\/div><div class=\"wpb_text_column\"><div class=\"wpb_wrapper\"><p><strong>Quel d\u00e9partement de Kolma SA est responsable de mes donn\u00e9es?<\/strong><\/p>\n<p>Tes donn\u00e9es sont g\u00e9n\u00e9ralement trait\u00e9es dans les services charg\u00e9s de remplir les objectifs sp\u00e9cifiques pour lesquels elles ont \u00e9t\u00e9 collect\u00e9es. Il peut s\u2019agir du d\u00e9partement des ventes, des achats, de la logistique, du marketing, de l\u2019informatique, des finances ou des ressources humaines.<\/p>\n<p>Dans certains cas, il peut arriver que d\u2019autres services acc\u00e8dent \u00e9galement \u00e0 vos donn\u00e9es, par exemple le service juridique en cas de litige.<\/p>\n<\/div><\/div><div class=\"w-separator size_medium\"><\/div><div class=\"wpb_text_column\"><div class=\"wpb_wrapper\"><p><strong>Combien de temps conservez-vous mes donn\u00e9es?<\/strong><\/p>\n<p>Lorsque nous traitons des donn\u00e9es d\u2019inscription, nous le faisons tant que tu utilises activement nos sites Web. Si nous traitons des donn\u00e9es personnelles \u00e0 des fins de marketing ou avec ton consentement, nous le faisons jusqu\u2019\u00e0 ce que tu nous demandes de cesser le traitement, ainsi que pour une courte p\u00e9riode par la suite (afin que nous puissions r\u00e9pondre \u00e0 tes demandes). Nous prenons \u00e9galement note, pour une dur\u00e9e ind\u00e9termin\u00e9e, que tu nous as demand\u00e9 de ne pas vous envoyer de marketing direct et de ne pas traiter tes donn\u00e9es, afin que nous puissions r\u00e9pondre \u00e0 ta demande \u00e0 l\u2019avenir.<\/p>\n<p>Lorsque nous traitons des donn\u00e9es personnelles en vue d\u2019assurer la s\u00e9curit\u00e9 de nos sites Web, nous conservons celles-ci tant que tu utilises activement nos sites.<\/p>\n<\/div><\/div><div class=\"w-separator size_medium\"><\/div><div class=\"wpb_text_column\"><div class=\"wpb_wrapper\"><p>Pour g\u00e9rer les cookies utilis\u00e9s et les technologies similaires (pixels de suivi, balises Web, etc.) et les consentements correspondants, nous utilisons l&#8217;outil de consentement \u00abReal Cookie Banner\u00bb. Tu trouveras des d\u00e9tails sur le fonctionnement de \u00abReal Cookie Banner\u00bb sur <a href=\"https:\/\/devowl.io\/de\/rcb\/datenverarbeitung\/\">https:\/\/devowl.io\/de\/rcb\/datenverarbeitung\/.<\/a><\/p>\n<p>Les bases l\u00e9gales pour le traitement des donn\u00e9es personnelles dans ce contexte sont l&#8217;art.\u00a06 par.\u00a0 1 let.\u00a0c du RGPD et l&#8217;art.\u00a06 par.\u00a0 1 let.\u00a0f du RGPD. Notre int\u00e9r\u00eat l\u00e9gitime est la gestion des cookies utilis\u00e9s et des technologies similaires ainsi que des consentements correspondants.<\/p>\n<p>La mise \u00e0 disposition des donn\u00e9es personnelles n&#8217;est ni prescrite contractuellement ni n\u00e9cessaire pour la conclusion d&#8217;un contrat. Tu n&#8217;es pas oblig\u00e9\u00b7e de fournir tes donn\u00e9es personnelles. Si tu ne les fournis pas, nous ne pourrons pas g\u00e9rer tes consentements.<\/p>\n<p>Kolma AG, 3084 Wabern<\/p>\n<\/div><\/div><\/div><\/div><\/div><\/div><\/section>\n","protected":false},"excerpt":{"rendered":"La protection des donn\u00e9es Kolma SA attache une grande importance \u00e0 la protection de ta vie priv\u00e9e. Dans ce document explicatif sur la protection des donn\u00e9es, nous t`informons sur la mani\u00e8re dont nous pouvons au besoin collecter, g\u00e9rer et utiliser tes donn\u00e9es personnelles. Nous y indiquons \u00e9galement comment tu peux g\u00e9rer ces donn\u00e9es. Tu peux...","protected":false},"author":1,"featured_media":0,"parent":0,"menu_order":0,"comment_status":"closed","ping_status":"closed","template":"","meta":{"_acf_changed":false,"footnotes":""},"acf":[],"yoast_head":"<!-- This site is optimized with the Yoast SEO plugin v22.5 - https:\/\/yoast.com\/wordpress\/plugins\/seo\/ -->\n<title>Protection des donn\u00e9es - Kolma Style<\/title>\n<meta name=\"robots\" content=\"index, follow, max-snippet:-1, max-image-preview:large, max-video-preview:-1\" \/>\n<meta property=\"og:locale\" content=\"fr_FR\" \/>\n<meta property=\"og:type\" content=\"article\" \/>\n<meta property=\"og:title\" content=\"Protection des donn\u00e9es - Kolma Style\" \/>\n<meta property=\"og:url\" content=\"https:\/\/kolma.style\/fr\/protection-des-donnees\/\" \/>\n<meta property=\"og:site_name\" content=\"Kolma Style\" \/>\n<meta property=\"article:publisher\" content=\"https:\/\/www.facebook.com\/profile.php?id=61556920808920\" \/>\n<meta property=\"article:modified_time\" content=\"2024-05-22T08:38:28+00:00\" \/>\n<meta name=\"twitter:card\" content=\"summary_large_image\" \/>\n<meta name=\"twitter:label1\" content=\"Dur\u00e9e de lecture estim\u00e9e\" \/>\n\t<meta name=\"twitter:data1\" content=\"12 minutes\" \/>\n<script type=\"application\/ld+json\" class=\"yoast-schema-graph\">{\"@context\":\"https:\/\/schema.org\",\"@graph\":[{\"@type\":\"WebPage\",\"@id\":\"https:\/\/kolma.style\/fr\/protection-des-donnees\/\",\"url\":\"https:\/\/kolma.style\/fr\/protection-des-donnees\/\",\"name\":\"Protection des donn\u00e9es - Kolma Style\",\"isPartOf\":{\"@id\":\"https:\/\/kolma.style\/#website\"},\"datePublished\":\"2024-04-03T07:58:17+00:00\",\"dateModified\":\"2024-05-22T08:38:28+00:00\",\"breadcrumb\":{\"@id\":\"https:\/\/kolma.style\/fr\/protection-des-donnees\/#breadcrumb\"},\"inLanguage\":\"fr-FR\",\"potentialAction\":[{\"@type\":\"ReadAction\",\"target\":[\"https:\/\/kolma.style\/fr\/protection-des-donnees\/\"]}]},{\"@type\":\"BreadcrumbList\",\"@id\":\"https:\/\/kolma.style\/fr\/protection-des-donnees\/#breadcrumb\",\"itemListElement\":[{\"@type\":\"ListItem\",\"position\":1,\"name\":\"Startseite\",\"item\":\"https:\/\/kolma.style\/\"},{\"@type\":\"ListItem\",\"position\":2,\"name\":\"Protection des donn\u00e9es\"}]},{\"@type\":\"WebSite\",\"@id\":\"https:\/\/kolma.style\/#website\",\"url\":\"https:\/\/kolma.style\/\",\"name\":\"Kolma Style\",\"description\":\"Entspannung und \u00adErholung mit Stil\",\"publisher\":{\"@id\":\"https:\/\/kolma.style\/#organization\"},\"potentialAction\":[{\"@type\":\"SearchAction\",\"target\":{\"@type\":\"EntryPoint\",\"urlTemplate\":\"https:\/\/kolma.style\/?s={search_term_string}\"},\"query-input\":\"required name=search_term_string\"}],\"inLanguage\":\"fr-FR\"},{\"@type\":\"Organization\",\"@id\":\"https:\/\/kolma.style\/#organization\",\"name\":\"Kolma Style\",\"url\":\"https:\/\/kolma.style\/\",\"logo\":{\"@type\":\"ImageObject\",\"inLanguage\":\"fr-FR\",\"@id\":\"https:\/\/kolma.style\/#\/schema\/logo\/image\/\",\"url\":\"https:\/\/kolma.style\/wp-content\/uploads\/2024\/02\/kolma_Logo_CMYK_mit-R_negativ.png\",\"contentUrl\":\"https:\/\/kolma.style\/wp-content\/uploads\/2024\/02\/kolma_Logo_CMYK_mit-R_negativ.png\",\"width\":978,\"height\":385,\"caption\":\"Kolma Style\"},\"image\":{\"@id\":\"https:\/\/kolma.style\/#\/schema\/logo\/image\/\"},\"sameAs\":[\"https:\/\/www.facebook.com\/profile.php?id=61556920808920\",\"https:\/\/www.instagram.com\/kolma.style\/?fbclid=IwAR0eh-ysiGmHlhMTTXWvRwIwA3CvXlQh5dpJIE-jZ6fIvW2vXcgQSl0Y-ys\"]}]}<\/script>\n<!-- \/ Yoast SEO plugin. -->","yoast_head_json":{"title":"Protection des donn\u00e9es - Kolma Style","robots":{"index":"index","follow":"follow","max-snippet":"max-snippet:-1","max-image-preview":"max-image-preview:large","max-video-preview":"max-video-preview:-1"},"og_locale":"fr_FR","og_type":"article","og_title":"Protection des donn\u00e9es - Kolma Style","og_url":"https:\/\/kolma.style\/fr\/protection-des-donnees\/","og_site_name":"Kolma Style","article_publisher":"https:\/\/www.facebook.com\/profile.php?id=61556920808920","article_modified_time":"2024-05-22T08:38:28+00:00","twitter_card":"summary_large_image","twitter_misc":{"Dur\u00e9e de lecture estim\u00e9e":"12 minutes"},"schema":{"@context":"https:\/\/schema.org","@graph":[{"@type":"WebPage","@id":"https:\/\/kolma.style\/fr\/protection-des-donnees\/","url":"https:\/\/kolma.style\/fr\/protection-des-donnees\/","name":"Protection des donn\u00e9es - Kolma Style","isPartOf":{"@id":"https:\/\/kolma.style\/#website"},"datePublished":"2024-04-03T07:58:17+00:00","dateModified":"2024-05-22T08:38:28+00:00","breadcrumb":{"@id":"https:\/\/kolma.style\/fr\/protection-des-donnees\/#breadcrumb"},"inLanguage":"fr-FR","potentialAction":[{"@type":"ReadAction","target":["https:\/\/kolma.style\/fr\/protection-des-donnees\/"]}]},{"@type":"BreadcrumbList","@id":"https:\/\/kolma.style\/fr\/protection-des-donnees\/#breadcrumb","itemListElement":[{"@type":"ListItem","position":1,"name":"Startseite","item":"https:\/\/kolma.style\/"},{"@type":"ListItem","position":2,"name":"Protection des donn\u00e9es"}]},{"@type":"WebSite","@id":"https:\/\/kolma.style\/#website","url":"https:\/\/kolma.style\/","name":"Kolma Style","description":"Entspannung und \u00adErholung mit Stil","publisher":{"@id":"https:\/\/kolma.style\/#organization"},"potentialAction":[{"@type":"SearchAction","target":{"@type":"EntryPoint","urlTemplate":"https:\/\/kolma.style\/?s={search_term_string}"},"query-input":"required name=search_term_string"}],"inLanguage":"fr-FR"},{"@type":"Organization","@id":"https:\/\/kolma.style\/#organization","name":"Kolma Style","url":"https:\/\/kolma.style\/","logo":{"@type":"ImageObject","inLanguage":"fr-FR","@id":"https:\/\/kolma.style\/#\/schema\/logo\/image\/","url":"https:\/\/kolma.style\/wp-content\/uploads\/2024\/02\/kolma_Logo_CMYK_mit-R_negativ.png","contentUrl":"https:\/\/kolma.style\/wp-content\/uploads\/2024\/02\/kolma_Logo_CMYK_mit-R_negativ.png","width":978,"height":385,"caption":"Kolma Style"},"image":{"@id":"https:\/\/kolma.style\/#\/schema\/logo\/image\/"},"sameAs":["https:\/\/www.facebook.com\/profile.php?id=61556920808920","https:\/\/www.instagram.com\/kolma.style\/?fbclid=IwAR0eh-ysiGmHlhMTTXWvRwIwA3CvXlQh5dpJIE-jZ6fIvW2vXcgQSl0Y-ys"]}]}},"_links":{"self":[{"href":"https:\/\/kolma.style\/fr\/wp-json\/wp\/v2\/pages\/959"}],"collection":[{"href":"https:\/\/kolma.style\/fr\/wp-json\/wp\/v2\/pages"}],"about":[{"href":"https:\/\/kolma.style\/fr\/wp-json\/wp\/v2\/types\/page"}],"author":[{"embeddable":true,"href":"https:\/\/kolma.style\/fr\/wp-json\/wp\/v2\/users\/1"}],"replies":[{"embeddable":true,"href":"https:\/\/kolma.style\/fr\/wp-json\/wp\/v2\/comments?post=959"}],"version-history":[{"count":0,"href":"https:\/\/kolma.style\/fr\/wp-json\/wp\/v2\/pages\/959\/revisions"}],"wp:attachment":[{"href":"https:\/\/kolma.style\/fr\/wp-json\/wp\/v2\/media?parent=959"}],"curies":[{"name":"wp","href":"https:\/\/api.w.org\/{rel}","templated":true}]}}