{"id":1820,"date":"2024-04-04T07:35:28","date_gmt":"2024-04-04T05:35:28","guid":{"rendered":"https:\/\/kolma.style\/agb\/"},"modified":"2025-09-16T15:14:11","modified_gmt":"2025-09-16T13:14:11","slug":"cgv","status":"publish","type":"page","link":"https:\/\/kolma.style\/fr\/cgv\/","title":{"rendered":"CGV"},"content":{"rendered":"<section class=\"l-section wpb_row agb height_medium\"><div class=\"l-section-h i-cf\"><div class=\"g-cols vc_row via_grid cols_1 laptops-cols_inherit tablets-cols_inherit mobiles-cols_1 valign_top type_default stacking_default\"><div class=\"wpb_column vc_column_container\"><div class=\"vc_column-inner\"><div class=\"wpb_text_column\"><div class=\"wpb_wrapper\"><h1><span style=\"color: #85957b;\">CGV<\/span><\/h1>\n<\/div><\/div><div class=\"w-separator size_medium\"><\/div><div class=\"wpb_text_column\"><div class=\"wpb_wrapper\"><p>Les Conditions g\u00e9n\u00e9rales de vente (ci-apr\u00e8s CGV) font partie int\u00e9grante du contrat entre Kolma AG (ci-apr\u00e8s Kolma) et le client. En commandant, tu confirmes avoir lu et accept\u00e9 les Conditions g\u00e9n\u00e9rales de vente. La version des CGV en vigueur au moment de la conclusion du contrat s&#8217;applique.<\/p>\n<\/div><\/div><div class=\"w-separator size_medium\"><\/div><div class=\"wpb_text_column\"><div class=\"wpb_wrapper\"><p><strong>Offre, commandes<\/strong><\/p>\n<p>Tous les prix incluent la TVA. Les prix, illustrations de produits et descriptions de produits indiqu\u00e9s sont sans garantie. Sous r\u00e9serve de d\u00e9lais de livraison, de disponibilit\u00e9 et d&#8217;erreur.<\/p>\n<\/div><\/div><div class=\"w-separator size_medium\"><\/div><div class=\"wpb_text_column\"><div class=\"wpb_wrapper\"><p><strong>D\u00e9lais de livraison<\/strong><\/p>\n<p>Les produits en stock chez nous sont trait\u00e9s et livr\u00e9s par nos soins imm\u00e9diatement apr\u00e8s r\u00e9ception de la commande et du paiement. Les retards dus \u00e0 l&#8217;indisponibilit\u00e9 d&#8217;un produit ne donnent lieu \u00e0 aucune r\u00e9clamation de la part du client.<\/p>\n<\/div><\/div><div class=\"w-separator size_medium\"><\/div><div class=\"wpb_text_column\"><div class=\"wpb_wrapper\"><p><strong>Exp\u00e9dition<\/strong><\/p>\n<p><strong>Suisse:<\/strong><br \/>\nL&#8217;exp\u00e9dition est gratuite pour les commandes dont la valeur d\u00e9passe les 50 CHF. En dessous de ce montant, une participation aux frais d&#8217;exp\u00e9dition de 4.50 CHF est factur\u00e9e.<\/p>\n<p><strong>\u00c9tranger:<\/strong><br \/>\nLe client doit prendre en charge les frais de transport effectifs, qui peuvent comprendre des droits d&#8217;importation ou des taxes en fonction du pays et du montant de la commande.<\/p>\n<\/div><\/div><div class=\"w-separator size_medium\"><\/div><div class=\"wpb_text_column\"><div class=\"wpb_wrapper\"><p><strong>Transfert des risques<\/strong><\/p>\n<p>Les avantages et les risques des articles command\u00e9s sont transf\u00e9r\u00e9s au client d\u00e8s la remise de l&#8217;envoi \u00e0 l&#8217;entreprise responsable du transport.<\/p>\n<\/div><\/div><div class=\"w-separator size_medium\"><\/div><div class=\"wpb_text_column\"><div class=\"wpb_wrapper\"><p><strong>Paiement<\/strong><\/p>\n<p class=\"P68B1DB1-Standard4\" style=\"margin-bottom: 11.25pt; line-height: normal;\"><span lang=\"FR\">Le paiement des produits command\u00e9s dans la boutique en ligne s&#8217;effectue \u00e0 l&#8217;avance, les options de paiement disponibles sont publi\u00e9es dans la boutique en ligne.<\/span><\/p>\n<\/div><\/div><div class=\"w-separator size_medium\"><\/div><div class=\"wpb_text_column\"><div class=\"wpb_wrapper\"><p><strong> Garantie<\/strong><\/p>\n<p class=\"P68B1DB1-Standard4\" style=\"margin-bottom: 11.25pt; line-height: normal;\"><span lang=\"FR\">Kolma s&#8217;engage \u00e0 faire preuve de diligence et \u00e0 livrer des produits de bonne qualit\u00e9. La p\u00e9riode de garantie dure un an. La garantie exclut les d\u00e9fauts dont Kolma n&#8217;est pas responsable, tels que l&#8217;usure naturelle, la force majeure, la manipulation inad\u00e9quate, les interventions du client ou de tiers, la sollicitation excessive, l&#8217;utilisation inappropri\u00e9e ou les influences environnementales extr\u00eames.<\/span><\/p>\n<\/div><\/div><div class=\"w-separator size_medium\"><\/div><div class=\"wpb_text_column\"><div class=\"wpb_wrapper\"><p><strong>Droit de retour<\/strong><\/p>\n<p>Il n&#8217;y a pas de droit de retour des produits.<\/p>\n<p>Les produits pr\u00e9sentant des d\u00e9fauts de qualit\u00e9 doivent nous \u00eatre retourn\u00e9s non utilis\u00e9s dans un d\u00e9lai de 7\u00a0jours et dans leur emballage d&#8217;origine, apr\u00e8s accord pr\u00e9alable. Nous t&#8217;envoyons alors un produit de remplacement.<\/p>\n<\/div><\/div><div class=\"w-separator size_medium\"><\/div><div class=\"wpb_text_column\"><div class=\"wpb_wrapper\"><p><strong>Protection des donn\u00e9es<\/strong><\/p>\n<p>Kolma s&#8217;engage \u00e0 respecter les exigences l\u00e9gales sur la protection des donn\u00e9es en traitant les informations concernant les clients. La d\u00e9claration de protection des donn\u00e9es, dans un document s\u00e9par\u00e9, fournit de plus amples informations sur le traitement des donn\u00e9es des clients.<\/p>\n<\/div><\/div><div class=\"w-separator size_medium\"><\/div><div class=\"wpb_text_column\"><div class=\"wpb_wrapper\"><p><strong>Mentions l\u00e9gales<\/strong><\/p>\n<p>Si une disposition des pr\u00e9sentes Conditions g\u00e9n\u00e9rales est invalide ou ne s&#8217;applique pas, cela n&#8217;affecte pas la validit\u00e9 des Conditions g\u00e9n\u00e9rales dans leur ensemble.<\/p>\n<p>Le lieu de juridiction exclusif pour tout litige est le si\u00e8ge de Kolma.<\/p>\n<p>Wabern, le 01.05.2024<\/p>\n<\/div><\/div><\/div><\/div><\/div><\/div><\/section>\n","protected":false},"excerpt":{"rendered":"CGV Les Conditions g\u00e9n\u00e9rales de vente (ci-apr\u00e8s CGV) font partie int\u00e9grante du contrat entre Kolma AG (ci-apr\u00e8s Kolma) et le client. En commandant, tu confirmes avoir lu et accept\u00e9 les Conditions g\u00e9n\u00e9rales de vente. La version des CGV en vigueur au moment de la conclusion du contrat s&#8217;applique. Offre, commandes Tous les prix incluent la...","protected":false},"author":1,"featured_media":0,"parent":0,"menu_order":0,"comment_status":"closed","ping_status":"closed","template":"","meta":{"_acf_changed":false,"footnotes":""},"acf":[],"yoast_head":"<!-- This site is optimized with the Yoast SEO plugin v22.5 - https:\/\/yoast.com\/wordpress\/plugins\/seo\/ -->\n<title>CGV - Kolma Style<\/title>\n<meta name=\"robots\" content=\"index, follow, max-snippet:-1, max-image-preview:large, max-video-preview:-1\" \/>\n<meta property=\"og:locale\" content=\"fr_FR\" \/>\n<meta property=\"og:type\" content=\"article\" \/>\n<meta property=\"og:title\" content=\"CGV - Kolma Style\" \/>\n<meta property=\"og:url\" content=\"https:\/\/kolma.style\/fr\/cgv\/\" \/>\n<meta property=\"og:site_name\" content=\"Kolma Style\" \/>\n<meta property=\"article:publisher\" content=\"https:\/\/www.facebook.com\/profile.php?id=61556920808920\" \/>\n<meta property=\"article:modified_time\" content=\"2025-09-16T13:14:11+00:00\" \/>\n<meta name=\"twitter:card\" content=\"summary_large_image\" \/>\n<meta name=\"twitter:label1\" content=\"Dur\u00e9e de lecture estim\u00e9e\" \/>\n\t<meta name=\"twitter:data1\" content=\"3 minutes\" \/>\n<script type=\"application\/ld+json\" class=\"yoast-schema-graph\">{\"@context\":\"https:\/\/schema.org\",\"@graph\":[{\"@type\":\"WebPage\",\"@id\":\"https:\/\/kolma.style\/fr\/cgv\/\",\"url\":\"https:\/\/kolma.style\/fr\/cgv\/\",\"name\":\"CGV - Kolma Style\",\"isPartOf\":{\"@id\":\"https:\/\/kolma.style\/#website\"},\"datePublished\":\"2024-04-04T05:35:28+00:00\",\"dateModified\":\"2025-09-16T13:14:11+00:00\",\"breadcrumb\":{\"@id\":\"https:\/\/kolma.style\/fr\/cgv\/#breadcrumb\"},\"inLanguage\":\"fr-FR\",\"potentialAction\":[{\"@type\":\"ReadAction\",\"target\":[\"https:\/\/kolma.style\/fr\/cgv\/\"]}]},{\"@type\":\"BreadcrumbList\",\"@id\":\"https:\/\/kolma.style\/fr\/cgv\/#breadcrumb\",\"itemListElement\":[{\"@type\":\"ListItem\",\"position\":1,\"name\":\"Startseite\",\"item\":\"https:\/\/kolma.style\/\"},{\"@type\":\"ListItem\",\"position\":2,\"name\":\"CGV\"}]},{\"@type\":\"WebSite\",\"@id\":\"https:\/\/kolma.style\/#website\",\"url\":\"https:\/\/kolma.style\/\",\"name\":\"Kolma Style\",\"description\":\"Entspannung und \u00adErholung mit Stil\",\"publisher\":{\"@id\":\"https:\/\/kolma.style\/#organization\"},\"potentialAction\":[{\"@type\":\"SearchAction\",\"target\":{\"@type\":\"EntryPoint\",\"urlTemplate\":\"https:\/\/kolma.style\/?s={search_term_string}\"},\"query-input\":\"required name=search_term_string\"}],\"inLanguage\":\"fr-FR\"},{\"@type\":\"Organization\",\"@id\":\"https:\/\/kolma.style\/#organization\",\"name\":\"Kolma Style\",\"url\":\"https:\/\/kolma.style\/\",\"logo\":{\"@type\":\"ImageObject\",\"inLanguage\":\"fr-FR\",\"@id\":\"https:\/\/kolma.style\/#\/schema\/logo\/image\/\",\"url\":\"https:\/\/kolma.style\/wp-content\/uploads\/2024\/02\/kolma_Logo_CMYK_mit-R_negativ.png\",\"contentUrl\":\"https:\/\/kolma.style\/wp-content\/uploads\/2024\/02\/kolma_Logo_CMYK_mit-R_negativ.png\",\"width\":978,\"height\":385,\"caption\":\"Kolma Style\"},\"image\":{\"@id\":\"https:\/\/kolma.style\/#\/schema\/logo\/image\/\"},\"sameAs\":[\"https:\/\/www.facebook.com\/profile.php?id=61556920808920\",\"https:\/\/www.instagram.com\/kolma.style\/?fbclid=IwAR0eh-ysiGmHlhMTTXWvRwIwA3CvXlQh5dpJIE-jZ6fIvW2vXcgQSl0Y-ys\"]}]}<\/script>\n<!-- \/ Yoast SEO plugin. -->","yoast_head_json":{"title":"CGV - Kolma Style","robots":{"index":"index","follow":"follow","max-snippet":"max-snippet:-1","max-image-preview":"max-image-preview:large","max-video-preview":"max-video-preview:-1"},"og_locale":"fr_FR","og_type":"article","og_title":"CGV - Kolma Style","og_url":"https:\/\/kolma.style\/fr\/cgv\/","og_site_name":"Kolma Style","article_publisher":"https:\/\/www.facebook.com\/profile.php?id=61556920808920","article_modified_time":"2025-09-16T13:14:11+00:00","twitter_card":"summary_large_image","twitter_misc":{"Dur\u00e9e de lecture estim\u00e9e":"3 minutes"},"schema":{"@context":"https:\/\/schema.org","@graph":[{"@type":"WebPage","@id":"https:\/\/kolma.style\/fr\/cgv\/","url":"https:\/\/kolma.style\/fr\/cgv\/","name":"CGV - Kolma Style","isPartOf":{"@id":"https:\/\/kolma.style\/#website"},"datePublished":"2024-04-04T05:35:28+00:00","dateModified":"2025-09-16T13:14:11+00:00","breadcrumb":{"@id":"https:\/\/kolma.style\/fr\/cgv\/#breadcrumb"},"inLanguage":"fr-FR","potentialAction":[{"@type":"ReadAction","target":["https:\/\/kolma.style\/fr\/cgv\/"]}]},{"@type":"BreadcrumbList","@id":"https:\/\/kolma.style\/fr\/cgv\/#breadcrumb","itemListElement":[{"@type":"ListItem","position":1,"name":"Startseite","item":"https:\/\/kolma.style\/"},{"@type":"ListItem","position":2,"name":"CGV"}]},{"@type":"WebSite","@id":"https:\/\/kolma.style\/#website","url":"https:\/\/kolma.style\/","name":"Kolma Style","description":"Entspannung und \u00adErholung mit Stil","publisher":{"@id":"https:\/\/kolma.style\/#organization"},"potentialAction":[{"@type":"SearchAction","target":{"@type":"EntryPoint","urlTemplate":"https:\/\/kolma.style\/?s={search_term_string}"},"query-input":"required name=search_term_string"}],"inLanguage":"fr-FR"},{"@type":"Organization","@id":"https:\/\/kolma.style\/#organization","name":"Kolma Style","url":"https:\/\/kolma.style\/","logo":{"@type":"ImageObject","inLanguage":"fr-FR","@id":"https:\/\/kolma.style\/#\/schema\/logo\/image\/","url":"https:\/\/kolma.style\/wp-content\/uploads\/2024\/02\/kolma_Logo_CMYK_mit-R_negativ.png","contentUrl":"https:\/\/kolma.style\/wp-content\/uploads\/2024\/02\/kolma_Logo_CMYK_mit-R_negativ.png","width":978,"height":385,"caption":"Kolma Style"},"image":{"@id":"https:\/\/kolma.style\/#\/schema\/logo\/image\/"},"sameAs":["https:\/\/www.facebook.com\/profile.php?id=61556920808920","https:\/\/www.instagram.com\/kolma.style\/?fbclid=IwAR0eh-ysiGmHlhMTTXWvRwIwA3CvXlQh5dpJIE-jZ6fIvW2vXcgQSl0Y-ys"]}]}},"_links":{"self":[{"href":"https:\/\/kolma.style\/fr\/wp-json\/wp\/v2\/pages\/1820"}],"collection":[{"href":"https:\/\/kolma.style\/fr\/wp-json\/wp\/v2\/pages"}],"about":[{"href":"https:\/\/kolma.style\/fr\/wp-json\/wp\/v2\/types\/page"}],"author":[{"embeddable":true,"href":"https:\/\/kolma.style\/fr\/wp-json\/wp\/v2\/users\/1"}],"replies":[{"embeddable":true,"href":"https:\/\/kolma.style\/fr\/wp-json\/wp\/v2\/comments?post=1820"}],"version-history":[{"count":1,"href":"https:\/\/kolma.style\/fr\/wp-json\/wp\/v2\/pages\/1820\/revisions"}],"predecessor-version":[{"id":3339,"href":"https:\/\/kolma.style\/fr\/wp-json\/wp\/v2\/pages\/1820\/revisions\/3339"}],"wp:attachment":[{"href":"https:\/\/kolma.style\/fr\/wp-json\/wp\/v2\/media?parent=1820"}],"curies":[{"name":"wp","href":"https:\/\/api.w.org\/{rel}","templated":true}]}}