{"id":1419,"date":"2024-04-12T13:41:26","date_gmt":"2024-04-12T11:41:26","guid":{"rendered":"https:\/\/kolma.style\/versandinformationen\/"},"modified":"2025-12-18T11:14:44","modified_gmt":"2025-12-18T09:14:44","slug":"informations-sur-lexpedition","status":"publish","type":"page","link":"https:\/\/kolma.style\/fr\/informations-sur-lexpedition\/","title":{"rendered":"Informations sur l&#8217;exp\u00e9dition"},"content":{"rendered":"<section class=\"l-section wpb_row height_medium\"><div class=\"l-section-h i-cf\"><div class=\"g-cols vc_row via_grid cols_1 laptops-cols_inherit tablets-cols_inherit mobiles-cols_1 valign_top type_default stacking_default\"><div class=\"wpb_column vc_column_container\"><div class=\"vc_column-inner\"><div class=\"wpb_text_column\"><div class=\"wpb_wrapper\"><h1><span style=\"color: #85957b;\">Informations sur l&#8217;exp\u00e9dition<\/span><\/h1>\n<\/div><\/div><div class=\"w-separator size_medium\"><\/div><div class=\"wpb_text_column\"><div class=\"wpb_wrapper\"><p>Tu trouveras ici les informations les plus importantes concernant l&#8217;exp\u00e9dition de ta commande.<\/p>\n<p><strong>Options d&#8217;exp\u00e9dition<\/strong><\/p>\n<p>La livraison de ta commande est effectu\u00e9e par La Poste Suisse \u2013 colis standard.<\/p>\n<p><strong>D\u00e9lais de livraison<\/strong><\/p>\n<p>Ta commande est livr\u00e9e dans les 2 \u00e0 3\u00a0jours ouvrables. Tu recevras une notification d\u00e8s que la commande aura quitt\u00e9 notre entrep\u00f4t.<\/p>\n<p>Ces d\u00e9lais de livraison sont sans engagement. Toutefois, en cas de retard, nous ferons notre possible pour t&#8217;informer par e-mail de l&#8217;\u00e9tat actuel de ta commande.<\/p>\n<p><strong>Frais d&#8217;exp\u00e9dition<\/strong><\/p>\n<p>Les commandes dont la valeur d\u00e9passe les 50 CHF sont exp\u00e9di\u00e9es gratuitement en Suisse. Si la valeur de la commande est inf\u00e9rieure, une participation aux frais d&#8217;exp\u00e9dition 4.50 CHF sera factur\u00e9e.<\/p>\n<p><strong>O\u00f9 livrons-nous?<\/strong><\/p>\n<p>Nous livrons dans toute la Suisse et l&#8217;UE. Autres pays sur demande.<\/p>\n<p>La livraison peut \u00eatre ou devenir impossible en raison de circonstances impr\u00e9vues, notamment si un produit ne peut plus \u00eatre fabriqu\u00e9 ou livr\u00e9. Dans un tel cas, Kolma AG peut se retirer enti\u00e8rement ou partiellement du contrat, sans qu&#8217;il existe un droit du client \u00e0 une livraison de remplacement ou \u00e0 des dommages-int\u00e9r\u00eats. Dans ce cas, les paiements d\u00e9j\u00e0 effectu\u00e9s par le client seront rembours\u00e9s sans int\u00e9r\u00eats.<\/p>\n<\/div><\/div><\/div><\/div><\/div><\/div><\/section>\n","protected":false},"excerpt":{"rendered":"Informations sur l&#8217;exp\u00e9dition Tu trouveras ici les informations les plus importantes concernant l&#8217;exp\u00e9dition de ta commande. Options d&#8217;exp\u00e9dition La livraison de ta commande est effectu\u00e9e par La Poste Suisse \u2013 colis standard. D\u00e9lais de livraison Ta commande est livr\u00e9e dans les 2 \u00e0 3\u00a0jours ouvrables. Tu recevras une notification d\u00e8s que la commande aura quitt\u00e9...","protected":false},"author":1,"featured_media":0,"parent":0,"menu_order":0,"comment_status":"closed","ping_status":"closed","template":"","meta":{"_acf_changed":false,"footnotes":""},"acf":[],"yoast_head":"<!-- This site is optimized with the Yoast SEO plugin v22.5 - https:\/\/yoast.com\/wordpress\/plugins\/seo\/ -->\n<title>Informations sur l&#039;exp\u00e9dition - Kolma Style<\/title>\n<meta name=\"robots\" content=\"index, follow, max-snippet:-1, max-image-preview:large, max-video-preview:-1\" \/>\n<meta property=\"og:locale\" content=\"fr_FR\" \/>\n<meta property=\"og:type\" content=\"article\" \/>\n<meta property=\"og:title\" content=\"Informations sur l&#039;exp\u00e9dition - Kolma Style\" \/>\n<meta property=\"og:url\" content=\"https:\/\/kolma.style\/fr\/informations-sur-lexpedition\/\" \/>\n<meta property=\"og:site_name\" content=\"Kolma Style\" \/>\n<meta property=\"article:publisher\" content=\"https:\/\/www.facebook.com\/profile.php?id=61556920808920\" \/>\n<meta property=\"article:modified_time\" content=\"2025-12-18T09:14:44+00:00\" \/>\n<meta name=\"twitter:card\" content=\"summary_large_image\" \/>\n<meta name=\"twitter:label1\" content=\"Dur\u00e9e de lecture estim\u00e9e\" \/>\n\t<meta name=\"twitter:data1\" content=\"2 minutes\" \/>\n<script type=\"application\/ld+json\" class=\"yoast-schema-graph\">{\"@context\":\"https:\/\/schema.org\",\"@graph\":[{\"@type\":\"WebPage\",\"@id\":\"https:\/\/kolma.style\/fr\/informations-sur-lexpedition\/\",\"url\":\"https:\/\/kolma.style\/fr\/informations-sur-lexpedition\/\",\"name\":\"Informations sur l'exp\u00e9dition - Kolma Style\",\"isPartOf\":{\"@id\":\"https:\/\/kolma.style\/#website\"},\"datePublished\":\"2024-04-12T11:41:26+00:00\",\"dateModified\":\"2025-12-18T09:14:44+00:00\",\"breadcrumb\":{\"@id\":\"https:\/\/kolma.style\/fr\/informations-sur-lexpedition\/#breadcrumb\"},\"inLanguage\":\"fr-FR\",\"potentialAction\":[{\"@type\":\"ReadAction\",\"target\":[\"https:\/\/kolma.style\/fr\/informations-sur-lexpedition\/\"]}]},{\"@type\":\"BreadcrumbList\",\"@id\":\"https:\/\/kolma.style\/fr\/informations-sur-lexpedition\/#breadcrumb\",\"itemListElement\":[{\"@type\":\"ListItem\",\"position\":1,\"name\":\"Startseite\",\"item\":\"https:\/\/kolma.style\/\"},{\"@type\":\"ListItem\",\"position\":2,\"name\":\"Informations sur l&#8217;exp\u00e9dition\"}]},{\"@type\":\"WebSite\",\"@id\":\"https:\/\/kolma.style\/#website\",\"url\":\"https:\/\/kolma.style\/\",\"name\":\"Kolma Style\",\"description\":\"Entspannung und \u00adErholung mit Stil\",\"publisher\":{\"@id\":\"https:\/\/kolma.style\/#organization\"},\"potentialAction\":[{\"@type\":\"SearchAction\",\"target\":{\"@type\":\"EntryPoint\",\"urlTemplate\":\"https:\/\/kolma.style\/?s={search_term_string}\"},\"query-input\":\"required name=search_term_string\"}],\"inLanguage\":\"fr-FR\"},{\"@type\":\"Organization\",\"@id\":\"https:\/\/kolma.style\/#organization\",\"name\":\"Kolma Style\",\"url\":\"https:\/\/kolma.style\/\",\"logo\":{\"@type\":\"ImageObject\",\"inLanguage\":\"fr-FR\",\"@id\":\"https:\/\/kolma.style\/#\/schema\/logo\/image\/\",\"url\":\"https:\/\/kolma.style\/wp-content\/uploads\/2024\/02\/kolma_Logo_CMYK_mit-R_negativ.png\",\"contentUrl\":\"https:\/\/kolma.style\/wp-content\/uploads\/2024\/02\/kolma_Logo_CMYK_mit-R_negativ.png\",\"width\":978,\"height\":385,\"caption\":\"Kolma Style\"},\"image\":{\"@id\":\"https:\/\/kolma.style\/#\/schema\/logo\/image\/\"},\"sameAs\":[\"https:\/\/www.facebook.com\/profile.php?id=61556920808920\",\"https:\/\/www.instagram.com\/kolma.style\/?fbclid=IwAR0eh-ysiGmHlhMTTXWvRwIwA3CvXlQh5dpJIE-jZ6fIvW2vXcgQSl0Y-ys\"]}]}<\/script>\n<!-- \/ Yoast SEO plugin. -->","yoast_head_json":{"title":"Informations sur l'exp\u00e9dition - Kolma Style","robots":{"index":"index","follow":"follow","max-snippet":"max-snippet:-1","max-image-preview":"max-image-preview:large","max-video-preview":"max-video-preview:-1"},"og_locale":"fr_FR","og_type":"article","og_title":"Informations sur l'exp\u00e9dition - Kolma Style","og_url":"https:\/\/kolma.style\/fr\/informations-sur-lexpedition\/","og_site_name":"Kolma Style","article_publisher":"https:\/\/www.facebook.com\/profile.php?id=61556920808920","article_modified_time":"2025-12-18T09:14:44+00:00","twitter_card":"summary_large_image","twitter_misc":{"Dur\u00e9e de lecture estim\u00e9e":"2 minutes"},"schema":{"@context":"https:\/\/schema.org","@graph":[{"@type":"WebPage","@id":"https:\/\/kolma.style\/fr\/informations-sur-lexpedition\/","url":"https:\/\/kolma.style\/fr\/informations-sur-lexpedition\/","name":"Informations sur l'exp\u00e9dition - Kolma Style","isPartOf":{"@id":"https:\/\/kolma.style\/#website"},"datePublished":"2024-04-12T11:41:26+00:00","dateModified":"2025-12-18T09:14:44+00:00","breadcrumb":{"@id":"https:\/\/kolma.style\/fr\/informations-sur-lexpedition\/#breadcrumb"},"inLanguage":"fr-FR","potentialAction":[{"@type":"ReadAction","target":["https:\/\/kolma.style\/fr\/informations-sur-lexpedition\/"]}]},{"@type":"BreadcrumbList","@id":"https:\/\/kolma.style\/fr\/informations-sur-lexpedition\/#breadcrumb","itemListElement":[{"@type":"ListItem","position":1,"name":"Startseite","item":"https:\/\/kolma.style\/"},{"@type":"ListItem","position":2,"name":"Informations sur l&#8217;exp\u00e9dition"}]},{"@type":"WebSite","@id":"https:\/\/kolma.style\/#website","url":"https:\/\/kolma.style\/","name":"Kolma Style","description":"Entspannung und \u00adErholung mit Stil","publisher":{"@id":"https:\/\/kolma.style\/#organization"},"potentialAction":[{"@type":"SearchAction","target":{"@type":"EntryPoint","urlTemplate":"https:\/\/kolma.style\/?s={search_term_string}"},"query-input":"required name=search_term_string"}],"inLanguage":"fr-FR"},{"@type":"Organization","@id":"https:\/\/kolma.style\/#organization","name":"Kolma Style","url":"https:\/\/kolma.style\/","logo":{"@type":"ImageObject","inLanguage":"fr-FR","@id":"https:\/\/kolma.style\/#\/schema\/logo\/image\/","url":"https:\/\/kolma.style\/wp-content\/uploads\/2024\/02\/kolma_Logo_CMYK_mit-R_negativ.png","contentUrl":"https:\/\/kolma.style\/wp-content\/uploads\/2024\/02\/kolma_Logo_CMYK_mit-R_negativ.png","width":978,"height":385,"caption":"Kolma Style"},"image":{"@id":"https:\/\/kolma.style\/#\/schema\/logo\/image\/"},"sameAs":["https:\/\/www.facebook.com\/profile.php?id=61556920808920","https:\/\/www.instagram.com\/kolma.style\/?fbclid=IwAR0eh-ysiGmHlhMTTXWvRwIwA3CvXlQh5dpJIE-jZ6fIvW2vXcgQSl0Y-ys"]}]}},"_links":{"self":[{"href":"https:\/\/kolma.style\/fr\/wp-json\/wp\/v2\/pages\/1419"}],"collection":[{"href":"https:\/\/kolma.style\/fr\/wp-json\/wp\/v2\/pages"}],"about":[{"href":"https:\/\/kolma.style\/fr\/wp-json\/wp\/v2\/types\/page"}],"author":[{"embeddable":true,"href":"https:\/\/kolma.style\/fr\/wp-json\/wp\/v2\/users\/1"}],"replies":[{"embeddable":true,"href":"https:\/\/kolma.style\/fr\/wp-json\/wp\/v2\/comments?post=1419"}],"version-history":[{"count":1,"href":"https:\/\/kolma.style\/fr\/wp-json\/wp\/v2\/pages\/1419\/revisions"}],"predecessor-version":[{"id":3356,"href":"https:\/\/kolma.style\/fr\/wp-json\/wp\/v2\/pages\/1419\/revisions\/3356"}],"wp:attachment":[{"href":"https:\/\/kolma.style\/fr\/wp-json\/wp\/v2\/media?parent=1419"}],"curies":[{"name":"wp","href":"https:\/\/api.w.org\/{rel}","templated":true}]}}