{"id":1277,"date":"2024-02-27T13:50:00","date_gmt":"2024-02-27T11:50:00","guid":{"rendered":"https:\/\/kolma.style\/luftmatratzen-kollektion-entspannung-und-erholung-mit-stil\/"},"modified":"2026-01-28T14:19:44","modified_gmt":"2026-01-28T12:19:44","slug":"luftmatratzen-kollektion-entspannung-und-erholung-mit-stil","status":"publish","type":"page","link":"https:\/\/kolma.style\/fr\/","title":{"rendered":"Home"},"content":{"rendered":"<section class=\"l-section wpb_row hide_on_tablets hide_on_mobiles height_auto width_full\"><div class=\"l-section-h i-cf\"><div class=\"g-cols vc_row via_grid cols_1 laptops-cols_inherit tablets-cols_inherit mobiles-cols_1 valign_top type_default stacking_default\"><div class=\"wpb_column vc_column_container\"><div class=\"vc_column-inner\"><div class=\"wpb_text_column\"><div class=\"wpb_wrapper\">\n<\/div><\/div><\/div><\/div><\/div><\/div><\/section><section class=\"l-section wpb_row hide_on_default hide_on_laptops height_auto width_full\"><div class=\"l-section-h i-cf\"><div class=\"g-cols vc_row via_grid cols_1 laptops-cols_inherit tablets-cols_inherit mobiles-cols_1 valign_top type_default stacking_default\"><div class=\"wpb_column vc_column_container\"><div class=\"vc_column-inner\"><div class=\"w-separator size_custom\" style=\"height:5rem\"><\/div><div class=\"wpb_text_column\"><div class=\"wpb_wrapper\">\n<\/div><\/div><\/div><\/div><\/div><\/div><\/section><section class=\"l-section wpb_row us_custom_b77bd06e height_medium\"><div class=\"l-section-h i-cf\"><div class=\"g-cols vc_row via_grid cols_1 laptops-cols_inherit tablets-cols_inherit mobiles-cols_1 valign_top type_default stacking_default\"><div class=\"wpb_column vc_column_container\"><div class=\"vc_column-inner\"><div class=\"g-cols wpb_row via_grid cols_2 laptops-cols_inherit tablets-cols_inherit mobiles-cols_1 valign_top type_default stacking_default\" style=\"--gap:45px;\"><div class=\"wpb_column vc_column_container\"><div class=\"vc_column-inner\"><div class=\"w-image align_none\"><div class=\"w-image-h\"><img loading=\"lazy\" decoding=\"async\" width=\"2560\" height=\"1707\" src=\"https:\/\/kolma.style\/wp-content\/uploads\/2024\/04\/Kolma15.04-1255-scaled.jpg\" class=\"attachment-full size-full\" alt=\"\" srcset=\"https:\/\/kolma.style\/wp-content\/uploads\/2024\/04\/Kolma15.04-1255-scaled.jpg 2560w, https:\/\/kolma.style\/wp-content\/uploads\/2024\/04\/Kolma15.04-1255-scaled-600x400.jpg 600w, https:\/\/kolma.style\/wp-content\/uploads\/2024\/04\/Kolma15.04-1255-300x200.jpg 300w, https:\/\/kolma.style\/wp-content\/uploads\/2024\/04\/Kolma15.04-1255-1024x683.jpg 1024w, https:\/\/kolma.style\/wp-content\/uploads\/2024\/04\/Kolma15.04-1255-50x33.jpg 50w\" sizes=\"(max-width: 2560px) 100vw, 2560px\" \/><\/div><\/div><div class=\"w-separator size_medium\"><\/div><div class=\"wpb_text_column us_custom_debf951b\"><div class=\"wpb_wrapper\"><h1>Kolma Style<\/h1>\n<p class=\"lead\">Le Kolma Style allie le design suisse \u00e0 la plus haute expertise dans le traitement des plastiques, et ses produits de haute qualit\u00e9 apportent \u00e9l\u00e9gance, style et d\u00e9tente \u00e0 tes loisirs.<\/p>\n<\/div><\/div><div class=\"w-separator size_huge\"><\/div><div class=\"w-btn-wrapper align_none\"><a class=\"w-btn us-btn-style_8\" target=\"_blank\" href=\"https:\/\/kolma.style\/fr\/about\/\"><span class=\"w-btn-label\">About<\/span><\/a><\/div><\/div><\/div><div class=\"wpb_column vc_column_container\"><div class=\"vc_column-inner\"><div class=\"w-image align_none\"><div class=\"w-image-h\"><img loading=\"lazy\" decoding=\"async\" width=\"2560\" height=\"1707\" src=\"https:\/\/kolma.style\/wp-content\/uploads\/2024\/04\/Kolma-16.04-69-1-scaled.jpg\" class=\"attachment-full size-full\" alt=\"\" srcset=\"https:\/\/kolma.style\/wp-content\/uploads\/2024\/04\/Kolma-16.04-69-1-scaled.jpg 2560w, https:\/\/kolma.style\/wp-content\/uploads\/2024\/04\/Kolma-16.04-69-1-scaled-600x400.jpg 600w, https:\/\/kolma.style\/wp-content\/uploads\/2024\/04\/Kolma-16.04-69-1-300x200.jpg 300w, https:\/\/kolma.style\/wp-content\/uploads\/2024\/04\/Kolma-16.04-69-1-1024x683.jpg 1024w, https:\/\/kolma.style\/wp-content\/uploads\/2024\/04\/Kolma-16.04-69-1-50x33.jpg 50w\" sizes=\"(max-width: 2560px) 100vw, 2560px\" \/><\/div><\/div><div class=\"w-separator size_medium\"><\/div><div class=\"wpb_text_column us_custom_debf951b\"><div class=\"wpb_wrapper\"><h1>Collections<\/h1>\n<p class=\"lead\" style=\"margin-bottom: 6.0pt; line-height: normal;\">Nos collections de produits ont \u00e9t\u00e9 d\u00e9velopp\u00e9es avec le souci du d\u00e9tail et un accent clair sur la qualit\u00e9 et le design. Que ce soit \u00e0 la plage, \u00e0 la piscine, lors d&#8217;une excursion ou au quotidien, nos produits haut de gamme allient fonctionnalit\u00e9 et style pour des moments inoubliables.<\/p>\n<\/div><\/div><div class=\"w-separator size_huge\"><\/div><div class=\"w-btn-wrapper align_none\"><a class=\"w-btn us-btn-style_7\" href=\"https:\/\/kolma.style\/fr\/collections\/\"><span class=\"w-btn-label\">Collections<\/span><\/a><\/div><\/div><\/div><\/div><\/div><\/div><\/div><\/div><\/section><section class=\"l-section wpb_row height_medium\"><div class=\"l-section-h i-cf\"><div class=\"g-cols vc_row via_grid cols_1 laptops-cols_inherit tablets-cols_inherit mobiles-cols_1 valign_top type_default stacking_default\"><div class=\"wpb_column vc_column_container\"><div class=\"vc_column-inner\"><div class=\"wpb_text_column\"><div class=\"wpb_wrapper\"><h1>Qu&#8217;est-ce qui rend le Kolma Style si sp\u00e9cial?<\/h1>\n<\/div><\/div><div class=\"w-separator size_custom\" style=\"height:40px\"><\/div><div class=\"g-cols wpb_row auflistunglogos hide_on_mobiles via_grid cols_4 laptops-cols_inherit tablets-cols_inherit mobiles-cols_1 valign_top type_default stacking_default\" style=\"--gap:3rem;\"><div class=\"wpb_column vc_column_container\"><div class=\"vc_column-inner\"><div class=\"w-image align_none\"><div class=\"w-image-h\"><img loading=\"lazy\" decoding=\"async\" width=\"104\" height=\"102\" src=\"https:\/\/kolma.style\/wp-content\/uploads\/2024\/02\/star.png\" class=\"attachment-full size-full\" alt=\"\" \/><\/div><\/div><div class=\"w-separator size_custom\" style=\"height:40px\"><\/div><div class=\"wpb_text_column\"><div class=\"wpb_wrapper\"><h5>High<br \/>\nQuality<\/h5>\n<\/div><\/div><\/div><\/div><div class=\"wpb_column vc_column_container\"><div class=\"vc_column-inner\"><div class=\"w-image align_none\"><div class=\"w-image-h\"><img loading=\"lazy\" decoding=\"async\" width=\"99\" height=\"97\" src=\"https:\/\/kolma.style\/wp-content\/uploads\/2024\/02\/cross.png\" class=\"attachment-full size-full\" alt=\"\" \/><\/div><\/div><div class=\"w-separator size_custom\" style=\"height:40px\"><\/div><div class=\"wpb_text_column\"><div class=\"wpb_wrapper\"><h5>Swiss<br \/>\nDesign<\/h5>\n<\/div><\/div><\/div><\/div><div class=\"wpb_column vc_column_container\"><div class=\"vc_column-inner\"><div class=\"w-image align_none\"><div class=\"w-image-h\"><img loading=\"lazy\" decoding=\"async\" width=\"100\" height=\"97\" src=\"https:\/\/kolma.style\/wp-content\/uploads\/2024\/02\/recycle.png\" class=\"attachment-full size-full\" alt=\"\" \/><\/div><\/div><div class=\"w-separator size_custom\" style=\"height:40px\"><\/div><div class=\"wpb_text_column\"><div class=\"wpb_wrapper\"><h5>Sustainability<\/h5>\n<\/div><\/div><\/div><\/div><div class=\"wpb_column vc_column_container\"><div class=\"vc_column-inner\"><div class=\"w-image align_none\"><div class=\"w-image-h\"><img loading=\"lazy\" decoding=\"async\" width=\"768\" height=\"178\" src=\"https:\/\/kolma.style\/wp-content\/uploads\/2024\/02\/Kolma-logo-weiss-kompakt.png\" class=\"attachment-full size-full\" alt=\"\" srcset=\"https:\/\/kolma.style\/wp-content\/uploads\/2024\/02\/Kolma-logo-weiss-kompakt.png 768w, https:\/\/kolma.style\/wp-content\/uploads\/2024\/02\/Kolma-logo-weiss-kompakt-600x139.png 600w, https:\/\/kolma.style\/wp-content\/uploads\/2024\/02\/Kolma-logo-weiss-kompakt-300x70.png 300w\" sizes=\"(max-width: 768px) 100vw, 768px\" \/><\/div><\/div><div class=\"w-separator size_custom\" style=\"height:40px\"><\/div><div class=\"wpb_text_column\"><div class=\"wpb_wrapper\"><h5>Kolma<br \/>\nsince 1952<\/h5>\n<\/div><\/div><\/div><\/div><\/div><div class=\"g-cols wpb_row auflistunglogos auflistungmobile hide_on_default hide_on_laptops hide_on_tablets via_grid cols_1 laptops-cols_inherit tablets-cols_inherit mobiles-cols_1 valign_top type_default stacking_default\" style=\"--gap:3rem;\"><div class=\"wpb_column vc_column_container\"><div class=\"vc_column-inner\"><div class=\"w-image align_none\"><div class=\"w-image-h\"><img loading=\"lazy\" decoding=\"async\" width=\"104\" height=\"102\" src=\"https:\/\/kolma.style\/wp-content\/uploads\/2024\/02\/star.png\" class=\"attachment-full size-full\" alt=\"\" \/><\/div><\/div><div class=\"w-separator size_custom\" style=\"height:10px\"><\/div><div class=\"wpb_text_column\"><div class=\"wpb_wrapper\"><h5>High Quality<\/h5>\n<\/div><\/div><div class=\"w-separator size_custom\" style=\"height:40px\"><\/div><div class=\"w-image align_none\"><div class=\"w-image-h\"><img loading=\"lazy\" decoding=\"async\" width=\"100\" height=\"97\" src=\"https:\/\/kolma.style\/wp-content\/uploads\/2024\/02\/recycle.png\" class=\"attachment-full size-full\" alt=\"\" \/><\/div><\/div><div class=\"w-separator size_custom\" style=\"height:10px\"><\/div><div class=\"wpb_text_column\"><div class=\"wpb_wrapper\"><h5>Sustainability<\/h5>\n<\/div><\/div><\/div><\/div><\/div><div class=\"g-cols wpb_row auflistunglogos auflistungmobile hide_on_default hide_on_laptops hide_on_tablets via_grid cols_1 laptops-cols_inherit tablets-cols_inherit mobiles-cols_1 valign_top type_default stacking_default\" style=\"--gap:3rem;\"><div class=\"wpb_column vc_column_container\"><div class=\"vc_column-inner\"><div class=\"w-image align_none\"><div class=\"w-image-h\"><img loading=\"lazy\" decoding=\"async\" width=\"99\" height=\"97\" src=\"https:\/\/kolma.style\/wp-content\/uploads\/2024\/02\/cross.png\" class=\"attachment-full size-full\" alt=\"\" \/><\/div><\/div><div class=\"w-separator size_custom\" style=\"height:10px\"><\/div><div class=\"wpb_text_column\"><div class=\"wpb_wrapper\"><h5>Swiss Design<\/h5>\n<\/div><\/div><div class=\"w-separator size_custom\" style=\"height:40px\"><\/div><div class=\"w-image align_none\"><div class=\"w-image-h\"><img loading=\"lazy\" decoding=\"async\" width=\"768\" height=\"178\" src=\"https:\/\/kolma.style\/wp-content\/uploads\/2024\/02\/Kolma-logo-weiss-kompakt.png\" class=\"attachment-full size-full\" alt=\"\" srcset=\"https:\/\/kolma.style\/wp-content\/uploads\/2024\/02\/Kolma-logo-weiss-kompakt.png 768w, https:\/\/kolma.style\/wp-content\/uploads\/2024\/02\/Kolma-logo-weiss-kompakt-600x139.png 600w, https:\/\/kolma.style\/wp-content\/uploads\/2024\/02\/Kolma-logo-weiss-kompakt-300x70.png 300w\" sizes=\"(max-width: 768px) 100vw, 768px\" \/><\/div><\/div><div class=\"w-separator size_custom\" style=\"height:10px\"><\/div><div class=\"wpb_text_column\"><div class=\"wpb_wrapper\"><h5>Kolma since 1952<\/h5>\n<\/div><\/div><\/div><\/div><\/div><\/div><\/div><\/div><\/div><\/section>\n","protected":false},"excerpt":{"rendered":"Kolma Style Le Kolma Style allie le design suisse \u00e0 la plus haute expertise dans le traitement des plastiques, et ses produits de haute qualit\u00e9 apportent \u00e9l\u00e9gance, style et d\u00e9tente \u00e0 tes loisirs. AboutCollections Nos collections de produits ont \u00e9t\u00e9 d\u00e9velopp\u00e9es avec le souci du d\u00e9tail et un accent clair sur la qualit\u00e9 et le...","protected":false},"author":1,"featured_media":0,"parent":0,"menu_order":0,"comment_status":"closed","ping_status":"closed","template":"","meta":{"_acf_changed":false,"footnotes":""},"acf":[],"yoast_head":"<!-- This site is optimized with the Yoast SEO plugin v22.5 - https:\/\/yoast.com\/wordpress\/plugins\/seo\/ -->\n<title>Kolma Style - Hochwertige Luftmatratzen<\/title>\n<meta name=\"description\" content=\"Kolma Style vereint Schweizer Design mit h\u00f6chster Expertise in der Kunststoffverarbeitung und l\u00e4sst dich mit hochwertigen Produkten f\u00fcr deine Freizeit in eine Welt voller Eleganz, Stil und Entspannung eintauchen.\" \/>\n<meta name=\"robots\" content=\"index, follow, max-snippet:-1, max-image-preview:large, max-video-preview:-1\" \/>\n<meta property=\"og:locale\" content=\"fr_FR\" \/>\n<meta property=\"og:type\" content=\"article\" \/>\n<meta property=\"og:title\" content=\"Kolma Style - Hochwertige Luftmatratzen\" \/>\n<meta property=\"og:description\" content=\"Kolma Style vereint Schweizer Design mit h\u00f6chster Expertise in der Kunststoffverarbeitung und l\u00e4sst dich mit hochwertigen Produkten f\u00fcr deine Freizeit in eine Welt voller Eleganz, Stil und Entspannung eintauchen.\" \/>\n<meta property=\"og:url\" content=\"https:\/\/kolma.style\/\" \/>\n<meta property=\"og:site_name\" content=\"Kolma Style\" \/>\n<meta property=\"article:publisher\" content=\"https:\/\/www.facebook.com\/profile.php?id=61556920808920\" \/>\n<meta property=\"article:modified_time\" content=\"2026-01-28T12:19:44+00:00\" \/>\n<meta name=\"twitter:card\" content=\"summary_large_image\" \/>\n<meta name=\"twitter:label1\" content=\"Dur\u00e9e de lecture estim\u00e9e\" \/>\n\t<meta name=\"twitter:data1\" content=\"2 minutes\" \/>\n<script type=\"application\/ld+json\" class=\"yoast-schema-graph\">{\"@context\":\"https:\/\/schema.org\",\"@graph\":[{\"@type\":\"WebPage\",\"@id\":\"https:\/\/kolma.style\/\",\"url\":\"https:\/\/kolma.style\/\",\"name\":\"Kolma Style - Hochwertige Luftmatratzen\",\"isPartOf\":{\"@id\":\"https:\/\/kolma.style\/#website\"},\"datePublished\":\"2024-02-27T11:50:00+00:00\",\"dateModified\":\"2026-01-28T12:19:44+00:00\",\"description\":\"Kolma Style vereint Schweizer Design mit h\u00f6chster Expertise in der Kunststoffverarbeitung und l\u00e4sst dich mit hochwertigen Produkten f\u00fcr deine Freizeit in eine Welt voller Eleganz, Stil und Entspannung eintauchen.\",\"breadcrumb\":{\"@id\":\"https:\/\/kolma.style\/#breadcrumb\"},\"inLanguage\":\"fr-FR\",\"potentialAction\":[{\"@type\":\"ReadAction\",\"target\":[\"https:\/\/kolma.style\/\"]}]},{\"@type\":\"BreadcrumbList\",\"@id\":\"https:\/\/kolma.style\/#breadcrumb\",\"itemListElement\":[{\"@type\":\"ListItem\",\"position\":1,\"name\":\"Startseite\",\"item\":\"https:\/\/kolma.style\/\"},{\"@type\":\"ListItem\",\"position\":2,\"name\":\"Home\"}]},{\"@type\":\"WebSite\",\"@id\":\"https:\/\/kolma.style\/#website\",\"url\":\"https:\/\/kolma.style\/\",\"name\":\"Kolma Style\",\"description\":\"Entspannung und \u00adErholung mit Stil\",\"publisher\":{\"@id\":\"https:\/\/kolma.style\/#organization\"},\"potentialAction\":[{\"@type\":\"SearchAction\",\"target\":{\"@type\":\"EntryPoint\",\"urlTemplate\":\"https:\/\/kolma.style\/?s={search_term_string}\"},\"query-input\":\"required name=search_term_string\"}],\"inLanguage\":\"fr-FR\"},{\"@type\":\"Organization\",\"@id\":\"https:\/\/kolma.style\/#organization\",\"name\":\"Kolma Style\",\"url\":\"https:\/\/kolma.style\/\",\"logo\":{\"@type\":\"ImageObject\",\"inLanguage\":\"fr-FR\",\"@id\":\"https:\/\/kolma.style\/#\/schema\/logo\/image\/\",\"url\":\"https:\/\/kolma.style\/wp-content\/uploads\/2024\/02\/kolma_Logo_CMYK_mit-R_negativ.png\",\"contentUrl\":\"https:\/\/kolma.style\/wp-content\/uploads\/2024\/02\/kolma_Logo_CMYK_mit-R_negativ.png\",\"width\":978,\"height\":385,\"caption\":\"Kolma Style\"},\"image\":{\"@id\":\"https:\/\/kolma.style\/#\/schema\/logo\/image\/\"},\"sameAs\":[\"https:\/\/www.facebook.com\/profile.php?id=61556920808920\",\"https:\/\/www.instagram.com\/kolma.style\/?fbclid=IwAR0eh-ysiGmHlhMTTXWvRwIwA3CvXlQh5dpJIE-jZ6fIvW2vXcgQSl0Y-ys\"]}]}<\/script>\n<!-- \/ Yoast SEO plugin. -->","yoast_head_json":{"title":"Kolma Style - Hochwertige Luftmatratzen","description":"Kolma Style vereint Schweizer Design mit h\u00f6chster Expertise in der Kunststoffverarbeitung und l\u00e4sst dich mit hochwertigen Produkten f\u00fcr deine Freizeit in eine Welt voller Eleganz, Stil und Entspannung eintauchen.","robots":{"index":"index","follow":"follow","max-snippet":"max-snippet:-1","max-image-preview":"max-image-preview:large","max-video-preview":"max-video-preview:-1"},"og_locale":"fr_FR","og_type":"article","og_title":"Kolma Style - Hochwertige Luftmatratzen","og_description":"Kolma Style vereint Schweizer Design mit h\u00f6chster Expertise in der Kunststoffverarbeitung und l\u00e4sst dich mit hochwertigen Produkten f\u00fcr deine Freizeit in eine Welt voller Eleganz, Stil und Entspannung eintauchen.","og_url":"https:\/\/kolma.style\/","og_site_name":"Kolma Style","article_publisher":"https:\/\/www.facebook.com\/profile.php?id=61556920808920","article_modified_time":"2026-01-28T12:19:44+00:00","twitter_card":"summary_large_image","twitter_misc":{"Dur\u00e9e de lecture estim\u00e9e":"2 minutes"},"schema":{"@context":"https:\/\/schema.org","@graph":[{"@type":"WebPage","@id":"https:\/\/kolma.style\/","url":"https:\/\/kolma.style\/","name":"Kolma Style - Hochwertige Luftmatratzen","isPartOf":{"@id":"https:\/\/kolma.style\/#website"},"datePublished":"2024-02-27T11:50:00+00:00","dateModified":"2026-01-28T12:19:44+00:00","description":"Kolma Style vereint Schweizer Design mit h\u00f6chster Expertise in der Kunststoffverarbeitung und l\u00e4sst dich mit hochwertigen Produkten f\u00fcr deine Freizeit in eine Welt voller Eleganz, Stil und Entspannung eintauchen.","breadcrumb":{"@id":"https:\/\/kolma.style\/#breadcrumb"},"inLanguage":"fr-FR","potentialAction":[{"@type":"ReadAction","target":["https:\/\/kolma.style\/"]}]},{"@type":"BreadcrumbList","@id":"https:\/\/kolma.style\/#breadcrumb","itemListElement":[{"@type":"ListItem","position":1,"name":"Startseite","item":"https:\/\/kolma.style\/"},{"@type":"ListItem","position":2,"name":"Home"}]},{"@type":"WebSite","@id":"https:\/\/kolma.style\/#website","url":"https:\/\/kolma.style\/","name":"Kolma Style","description":"Entspannung und \u00adErholung mit Stil","publisher":{"@id":"https:\/\/kolma.style\/#organization"},"potentialAction":[{"@type":"SearchAction","target":{"@type":"EntryPoint","urlTemplate":"https:\/\/kolma.style\/?s={search_term_string}"},"query-input":"required name=search_term_string"}],"inLanguage":"fr-FR"},{"@type":"Organization","@id":"https:\/\/kolma.style\/#organization","name":"Kolma Style","url":"https:\/\/kolma.style\/","logo":{"@type":"ImageObject","inLanguage":"fr-FR","@id":"https:\/\/kolma.style\/#\/schema\/logo\/image\/","url":"https:\/\/kolma.style\/wp-content\/uploads\/2024\/02\/kolma_Logo_CMYK_mit-R_negativ.png","contentUrl":"https:\/\/kolma.style\/wp-content\/uploads\/2024\/02\/kolma_Logo_CMYK_mit-R_negativ.png","width":978,"height":385,"caption":"Kolma Style"},"image":{"@id":"https:\/\/kolma.style\/#\/schema\/logo\/image\/"},"sameAs":["https:\/\/www.facebook.com\/profile.php?id=61556920808920","https:\/\/www.instagram.com\/kolma.style\/?fbclid=IwAR0eh-ysiGmHlhMTTXWvRwIwA3CvXlQh5dpJIE-jZ6fIvW2vXcgQSl0Y-ys"]}]}},"_links":{"self":[{"href":"https:\/\/kolma.style\/fr\/wp-json\/wp\/v2\/pages\/1277"}],"collection":[{"href":"https:\/\/kolma.style\/fr\/wp-json\/wp\/v2\/pages"}],"about":[{"href":"https:\/\/kolma.style\/fr\/wp-json\/wp\/v2\/types\/page"}],"author":[{"embeddable":true,"href":"https:\/\/kolma.style\/fr\/wp-json\/wp\/v2\/users\/1"}],"replies":[{"embeddable":true,"href":"https:\/\/kolma.style\/fr\/wp-json\/wp\/v2\/comments?post=1277"}],"version-history":[{"count":4,"href":"https:\/\/kolma.style\/fr\/wp-json\/wp\/v2\/pages\/1277\/revisions"}],"predecessor-version":[{"id":3365,"href":"https:\/\/kolma.style\/fr\/wp-json\/wp\/v2\/pages\/1277\/revisions\/3365"}],"wp:attachment":[{"href":"https:\/\/kolma.style\/fr\/wp-json\/wp\/v2\/media?parent=1277"}],"curies":[{"name":"wp","href":"https:\/\/api.w.org\/{rel}","templated":true}]}}