{"id":1199,"date":"2024-04-26T08:01:20","date_gmt":"2024-04-26T06:01:20","guid":{"rendered":"https:\/\/kolma.style\/faq-allgemeines\/"},"modified":"2025-05-08T15:16:17","modified_gmt":"2025-05-08T13:16:17","slug":"faq-produits","status":"publish","type":"page","link":"https:\/\/kolma.style\/fr\/faq-produits\/","title":{"rendered":"Foire aux questions &#8211;"},"content":{"rendered":"<section class=\"l-section wpb_row height_medium\"><div class=\"l-section-h i-cf\"><div class=\"g-cols vc_row via_grid cols_1 laptops-cols_inherit tablets-cols_inherit mobiles-cols_1 valign_top type_default stacking_default\"><div class=\"wpb_column vc_column_container\"><div class=\"vc_column-inner\"><div class=\"wpb_text_column\"><div class=\"wpb_wrapper\"><h1><span style=\"color: #85957b;\">Foire aux questions<\/span><\/h1>\n<h4>Produits<\/h4>\n<\/div><\/div><div class=\"w-separator size_custom\" style=\"height:15px\"><\/div><div class=\"w-separator size_medium\"><\/div><div class=\"wpb_text_column\"><div class=\"wpb_wrapper\"><p><strong>Matelas gonflable\u00a0<\/strong><\/p>\n<\/div><\/div><div class=\"w-separator size_small\"><\/div><div class=\"w-tabs faqakkordion style_default switch_click accordion has_scrolling\" style=\"--sections-title-size:inherit\"><div class=\"w-tabs-sections titles-align_none icon_plus cpos_left\"><div class=\"w-tabs-section\" id=\"p6a5\"><button class=\"w-tabs-section-header\" aria-controls=\"content-p6a5\" aria-expanded=\"false\"><div class=\"w-tabs-section-title\">Pourquoi le matelas gonflable Kolma co\u00fbte-t-il plus cher que les autres matelas gonflables?<\/div><div class=\"w-tabs-section-control\"><\/div><\/button><div  class=\"w-tabs-section-content\" id=\"content-p6a5\"><div class=\"w-tabs-section-content-h i-cf\"><div class=\"wpb_text_column\"><div class=\"wpb_wrapper\"><p>Le matelas pneumatique Kolma est fabriqu\u00e9 dans des mat\u00e9riaux de premi\u00e8re qualit\u00e9 et extr\u00eamement r\u00e9sistants qui assurent sa long\u00e9vit\u00e9. Il est dot\u00e9 d&#8217;un rev\u00eatement en polyester qui garantit un confort suppl\u00e9mentaire. Le matelas pneumatique est r\u00e9sistant aux UV, il a \u00e9t\u00e9 con\u00e7u en Suisse, il est \u00e9quip\u00e9 de 4 \u0153illets pratiques et nous le livrons dans un sac de sport en coton de haute qualit\u00e9 avec une sangle pour la suspension et le transport. Le clapet bidirectionnel anti-retour emp\u00eache l&#8217;air de s&#8217;\u00e9chapper lors du gonflage et permet une vidange rapide et compl\u00e8te du matelas pneumatique.<\/p>\n<\/div><\/div><\/div><\/div><\/div><div class=\"w-tabs-section\" id=\"y7f0\"><button class=\"w-tabs-section-header\" aria-controls=\"content-y7f0\" aria-expanded=\"false\"><div class=\"w-tabs-section-title\">Peut-on acheter le sac de sport s\u00e9par\u00e9ment?<\/div><div class=\"w-tabs-section-control\"><\/div><\/button><div  class=\"w-tabs-section-content\" id=\"content-y7f0\"><div class=\"w-tabs-section-content-h i-cf\"><div class=\"wpb_text_column\"><div class=\"wpb_wrapper\"><p>Non, le sac de sport est livr\u00e9 gratuitement avec le matelas pneumatique. Il ne se vend pas s\u00e9par\u00e9ment.<\/p>\n<\/div><\/div><\/div><\/div><\/div><div class=\"w-tabs-section\" id=\"y931\"><button class=\"w-tabs-section-header\" aria-controls=\"content-y931\" aria-expanded=\"false\"><div class=\"w-tabs-section-title\">\u00abHigh quality\u00bb: en quoi consiste exactement la haute qualit\u00e9 du matelas gonflable?<\/div><div class=\"w-tabs-section-control\"><\/div><\/button><div  class=\"w-tabs-section-content\" id=\"content-y931\"><div class=\"w-tabs-section-content-h i-cf\"><div class=\"wpb_text_column\"><div class=\"wpb_wrapper\"><p>Les matelas pneumatiques sont fabriqu\u00e9s dans un mat\u00e9riau tr\u00e8s r\u00e9sistant, ils ont une protection contre les UV et sont hydrofuges. Ainsi, ils s\u00e8chent tr\u00e8s rapidement. Le syst\u00e8me sophistiqu\u00e9 de chambres \u00e0 air 5+1 assure \u00e9galement une position optimale sur l&#8217;eau. Le clapet bidirectionnel anti-retour emp\u00eache l&#8217;air de s&#8217;\u00e9chapper lors du gonflage et permet une vidange rapide et compl\u00e8te du matelas pneumatique.<\/p>\n<\/div><\/div><\/div><\/div><\/div><div class=\"w-tabs-section\" id=\"ga62\"><button class=\"w-tabs-section-header\" aria-controls=\"content-ga62\" aria-expanded=\"false\"><div class=\"w-tabs-section-title\">De quel mat\u00e9riau est compos\u00e9 le matelas gonflable?<\/div><div class=\"w-tabs-section-control\"><\/div><\/button><div  class=\"w-tabs-section-content\" id=\"content-ga62\"><div class=\"w-tabs-section-content-h i-cf\"><div class=\"wpb_text_column\"><div class=\"wpb_wrapper\"><p>Le matelas pneumatique est fabriqu\u00e9 en polyester et en PVC robuste et sans phtalates. Gr\u00e2ce au mat\u00e9riau r\u00e9sistant aux UV et hydrofuge, le matelas pneumatique s\u00e8che rapidement apr\u00e8s utilisation et chauffe \u00e0 peine au soleil.<\/p>\n<\/div><\/div><\/div><\/div><\/div><div class=\"w-tabs-section\" id=\"xc11\"><button class=\"w-tabs-section-header\" aria-controls=\"content-xc11\" aria-expanded=\"false\"><div class=\"w-tabs-section-title\">Comment gonfler correctement le matelas gonflable?<\/div><div class=\"w-tabs-section-control\"><\/div><\/button><div  class=\"w-tabs-section-content\" id=\"content-xc11\"><div class=\"w-tabs-section-content-h i-cf\"><div class=\"wpb_text_column\"><div class=\"wpb_wrapper\"><p>Regarde la <strong><a href=\"https:\/\/www.youtube.com\/watch?v=PneduGOY1us\"><span style=\"color: #85957b;\">vid\u00e9o<\/span><\/a> <\/strong>\u00e0 ce sujet.<\/p>\n<\/div><\/div><\/div><\/div><\/div><div class=\"w-tabs-section\" id=\"ud4a\"><button class=\"w-tabs-section-header\" aria-controls=\"content-ud4a\" aria-expanded=\"false\"><div class=\"w-tabs-section-title\">Quelle est la particularit\u00e9 de la vanne du matelas gonflable Kolma?<\/div><div class=\"w-tabs-section-control\"><\/div><\/button><div  class=\"w-tabs-section-content\" id=\"content-ud4a\"><div class=\"w-tabs-section-content-h i-cf\"><div class=\"wpb_text_column\"><div class=\"wpb_wrapper\"><p>La vanne bidirectionnelle sophistiqu\u00e9e permet de gonfler rapidement et sans effort le matelas gonflable, et de le d\u00e9gonfler tout aussi rapidement. Le clapet anti-retour int\u00e9gr\u00e9 emp\u00eache l&#8217;air de s&#8217;\u00e9chapper lors du gonflage. Pour \u00e9vacuer l&#8217;air apr\u00e8s utilisation, il suffit d&#8217;ouvrir compl\u00e8tement la vanne.<\/p>\n<\/div><\/div><\/div><\/div><\/div><div class=\"w-tabs-section\" id=\"fe84\"><button class=\"w-tabs-section-header\" aria-controls=\"content-fe84\" aria-expanded=\"false\"><div class=\"w-tabs-section-title\">La pompe est-elle livr\u00e9e avec le matelas?<\/div><div class=\"w-tabs-section-control\"><\/div><\/button><div  class=\"w-tabs-section-content\" id=\"content-fe84\"><div class=\"w-tabs-section-content-h i-cf\"><div class=\"wpb_text_column\"><div class=\"wpb_wrapper\"><p>Non, il n&#8217;y a pas de pompe dans la livraison. Tu peux utiliser une pompe disponible dans le commerce pour le gonflage. Regarde aussi la vid\u00e9o d&#8217;instructions <strong><a href=\"https:\/\/www.youtube.com\/watch?v=PneduGOY1us\"><span style=\"color: #85957b;\">ici<\/span><\/a><\/strong>.<\/p>\n<\/div><\/div><\/div><\/div><\/div><div class=\"w-tabs-section\" id=\"bfaf\"><button class=\"w-tabs-section-header\" aria-controls=\"content-bfaf\" aria-expanded=\"false\"><div class=\"w-tabs-section-title\">Que peut-on dire de la r\u00e9sistance aux UV? <\/div><div class=\"w-tabs-section-control\"><\/div><\/button><div  class=\"w-tabs-section-content\" id=\"content-bfaf\"><div class=\"w-tabs-section-content-h i-cf\"><div class=\"wpb_text_column\"><div class=\"wpb_wrapper\"><p>R\u00e9sistant aux UV signifie qu&#8217;un mat\u00e9riau est r\u00e9sistant aux rayons UV (lumi\u00e8re ultraviolette). Par rapport aux produits qui ne sont pas r\u00e9sistants aux UV, ils se fragilisent et perdent moins de qualit\u00e9 lorsqu&#8217;ils sont expos\u00e9s au soleil pendant une p\u00e9riode prolong\u00e9e.<\/p>\n<\/div><\/div><\/div><\/div><\/div><\/div><\/div><div class=\"w-separator size_medium\"><\/div><div class=\"wpb_text_column\"><div class=\"wpb_wrapper\"><p><strong>Serviette de bain<\/strong><\/p>\n<\/div><\/div><div class=\"w-separator size_small\"><\/div><div class=\"w-tabs faqakkordion style_default switch_click accordion has_scrolling\" style=\"--sections-title-size:inherit\"><div class=\"w-tabs-sections titles-align_none icon_plus cpos_left\"><div class=\"w-tabs-section\" id=\"s0dc\"><button class=\"w-tabs-section-header\" aria-controls=\"content-s0dc\" aria-expanded=\"false\"><div class=\"w-tabs-section-title\">\u00abHigh quality\u00bb: en quoi consiste exactement la haute qualit\u00e9 des serviettes de bain?<\/div><div class=\"w-tabs-section-control\"><\/div><\/button><div  class=\"w-tabs-section-content\" id=\"content-s0dc\"><div class=\"w-tabs-section-content-h i-cf\"><div class=\"wpb_text_column\"><div class=\"wpb_wrapper\"><p>Les serviettes de bain sont fabriqu\u00e9es en tissu \u00e9ponge de premi\u00e8re qualit\u00e9 500gr\/m2 100 % coton et gr\u00e2ce \u00e0 une anse cousue, elles peuvent \u00eatre suspendues pour s\u00e9cher. En outre, ils disposent d&#8217;une surface de couchage exceptionnellement grande (100 x 180 cm) et sont certifi\u00e9s Oekotex.<\/p>\n<\/div><\/div><\/div><\/div><\/div><div class=\"w-tabs-section\" id=\"s225\"><button class=\"w-tabs-section-header\" aria-controls=\"content-s225\" aria-expanded=\"false\"><div class=\"w-tabs-section-title\">De quel mat\u00e9riau son compos\u00e9 les serviettes de bain?<\/div><div class=\"w-tabs-section-control\"><\/div><\/button><div  class=\"w-tabs-section-content\" id=\"content-s225\"><div class=\"w-tabs-section-content-h i-cf\"><div class=\"wpb_text_column\"><div class=\"wpb_wrapper\"><p>Les serviettes de bain sont compos\u00e9es \u00e0 100 % de coton.<\/p>\n<\/div><\/div><\/div><\/div><\/div><div class=\"w-tabs-section\" id=\"u35b\"><button class=\"w-tabs-section-header\" aria-controls=\"content-u35b\" aria-expanded=\"false\"><div class=\"w-tabs-section-title\">Existe-t-il des conseils d&#8217;entretien sp\u00e9cifiques pour la serviette de bain? <\/div><div class=\"w-tabs-section-control\"><\/div><\/button><div  class=\"w-tabs-section-content\" id=\"content-u35b\"><div class=\"w-tabs-section-content-h i-cf\"><div class=\"wpb_text_column\"><div class=\"wpb_wrapper\"><p>Oui, pour que le serviette de bain reste longtemps belle et fonctionnelle, nous recommandons l&#8217;entretien suivant : elle peut \u00eatre lav\u00e9e \u00e0 60 \u00b0C dans la machine \u00e0 laver. Pour le s\u00e9chage, le s\u00e8che-linge \u00e0 basse temp\u00e9rature est id\u00e9al. Ne pas repasser et ne pas utiliser d&#8217;agents blanchissants.<\/p>\n<\/div><\/div><\/div><\/div><\/div><\/div><\/div><div class=\"w-separator size_medium\"><\/div><div class=\"wpb_text_column\"><div class=\"wpb_wrapper\"><p><strong>N\u00e9cessaire<\/strong><\/p>\n<\/div><\/div><div class=\"w-separator size_small\"><\/div><div class=\"w-tabs faqakkordion style_default switch_click accordion has_scrolling\" style=\"--sections-title-size:inherit\"><div class=\"w-tabs-sections titles-align_none icon_plus cpos_left\"><div class=\"w-tabs-section\" id=\"bca2\"><button class=\"w-tabs-section-header\" aria-controls=\"content-bca2\" aria-expanded=\"false\"><div class=\"w-tabs-section-title\">\u00abHigh quality\u00bb: en quoi consiste exactement la haute qualit\u00e9 des n\u00e9cessaires?<\/div><div class=\"w-tabs-section-control\"><\/div><\/button><div  class=\"w-tabs-section-content\" id=\"content-bca2\"><div class=\"w-tabs-section-content-h i-cf\"><div class=\"wpb_text_column\"><div class=\"wpb_wrapper\"><p>Les N\u00e9cessaires sont fabriqu\u00e9s en tissu \u00e9ponge 500gr\/m2 100 % coton de premi\u00e8re qualit\u00e9 et peuvent \u00eatre ferm\u00e9s par une fermeture \u00e9clair. Gr\u00e2ce au rev\u00eatement int\u00e9rieur plastifi\u00e9, ton sac reste sec, m\u00eame en cas de fuite, et le contenu est prot\u00e9g\u00e9 du sable et des liquides ext\u00e9rieurs. Les n\u00e9cessaires sont en outre certifi\u00e9s Oekotex.<\/p>\n<\/div><\/div><\/div><\/div><\/div><div class=\"w-tabs-section\" id=\"qdda\"><button class=\"w-tabs-section-header\" aria-controls=\"content-qdda\" aria-expanded=\"false\"><div class=\"w-tabs-section-title\">De quel mat\u00e9riau son compos\u00e9 les n\u00e9cessaires?<\/div><div class=\"w-tabs-section-control\"><\/div><\/button><div  class=\"w-tabs-section-content\" id=\"content-qdda\"><div class=\"w-tabs-section-content-h i-cf\"><div class=\"wpb_text_column\"><div class=\"wpb_wrapper\"><p>L&#8217;ext\u00e9rieur des n\u00e9cessaires est en 100 % coton et l&#8217;int\u00e9rieur en PVC.<\/p>\n<\/div><\/div><\/div><\/div><\/div><div class=\"w-tabs-section\" id=\"uf10\"><button class=\"w-tabs-section-header\" aria-controls=\"content-uf10\" aria-expanded=\"false\"><div class=\"w-tabs-section-title\">Existe-t-il des conseils d&#8217;entretien sp\u00e9cifiques pour le n\u00e9cessaire? <\/div><div class=\"w-tabs-section-control\"><\/div><\/button><div  class=\"w-tabs-section-content\" id=\"content-uf10\"><div class=\"w-tabs-section-content-h i-cf\"><div class=\"wpb_text_column\"><div class=\"wpb_wrapper\"><p>Oui, pour que le n\u00e9cessaire reste longtemps beau et fonctionnel, nous recommandons les soins suivants : il peut \u00eatre lav\u00e9 \u00e0 40 \u00b0C dans la machine \u00e0 laver. Pour le s\u00e9chage, le s\u00e8che-linge \u00e0 basse temp\u00e9rature est id\u00e9al. Ne pas repasser et ne pas utiliser d&#8217;agents blanchissants.<\/p>\n<\/div><\/div><\/div><\/div><\/div><\/div><\/div><div class=\"w-separator size_medium\"><\/div><div class=\"wpb_text_column\"><div class=\"wpb_wrapper\"><p><strong>Parapluie<\/strong><\/p>\n<\/div><\/div><div class=\"w-separator size_small\"><\/div><div class=\"w-tabs faqakkordion style_default switch_click accordion has_scrolling\" style=\"--sections-title-size:inherit\"><div class=\"w-tabs-sections titles-align_none icon_plus cpos_left\"><div class=\"w-tabs-section\" id=\"k851\"><button class=\"w-tabs-section-header\" aria-controls=\"content-k851\" aria-expanded=\"false\"><div class=\"w-tabs-section-title\">\u00abHigh quality\u00bb: en quoi consiste exactement la haute qualit\u00e9 des parapluies?<\/div><div class=\"w-tabs-section-control\"><\/div><\/button><div  class=\"w-tabs-section-content\" id=\"content-k851\"><div class=\"w-tabs-section-content-h i-cf\"><div class=\"wpb_text_column\"><div class=\"wpb_wrapper\"><p>Avec un diam\u00e8tre d&#8217;un m\u00e8tre, les parapluies offrent une protection g\u00e9n\u00e9reuse contre la pluie. Sa construction bien pens\u00e9e le rend particuli\u00e8rement r\u00e9sistant aux temp\u00eates et si le vent est tout de m\u00eame trop fort, le parapluie peut \u00eatre remis en forme d&#8217;une simple pression sur un bouton, sans aucun dommage. Le bouton automatique pratique permet en outre d&#8217;ouvrir et de fermer le parapluie d&#8217;un seul geste. Le parapluie est livr\u00e9 avec une housse de protection adapt\u00e9e, afin qu&#8217;il reste bien rang\u00e9 m\u00eame lorsqu&#8217;il est ferm\u00e9.<\/p>\n<\/div><\/div><\/div><\/div><\/div><div class=\"w-tabs-section\" id=\"q98e\"><button class=\"w-tabs-section-header\" aria-controls=\"content-q98e\" aria-expanded=\"false\"><div class=\"w-tabs-section-title\">De quel mat\u00e9riau son compos\u00e9 les parapluies?<\/div><div class=\"w-tabs-section-control\"><\/div><\/button><div  class=\"w-tabs-section-content\" id=\"content-q98e\"><div class=\"w-tabs-section-content-h i-cf\"><div class=\"wpb_text_column\"><div class=\"wpb_wrapper\"><p>La toile des parapluies est en RPET durable (PET recycl\u00e9).<\/p>\n<\/div><\/div><\/div><\/div><\/div><div class=\"w-tabs-section\" id=\"bac2\"><button class=\"w-tabs-section-header\" aria-controls=\"content-bac2\" aria-expanded=\"false\"><div class=\"w-tabs-section-title\">Quelle est la fonction du bouton sur la poign\u00e9e du parapluie?<\/div><div class=\"w-tabs-section-control\"><\/div><\/button><div  class=\"w-tabs-section-content\" id=\"content-bac2\"><div class=\"w-tabs-section-content-h i-cf\"><div class=\"wpb_text_column\"><div class=\"wpb_wrapper\"><p>Le bouton automatique permet d&#8217;une part d&#8217;ouvrir et de fermer le parapluie et d&#8217;autre part de le remettre en forme si un vent violent l&#8217;a retourn\u00e9.<\/p>\n<\/div><\/div><\/div><\/div><\/div><\/div><\/div><div class=\"w-separator size_medium\"><\/div><div class=\"wpb_text_column\"><div class=\"wpb_wrapper\"><p><strong>Carnet de notes<\/strong><\/p>\n<\/div><\/div><div class=\"w-separator size_small\"><\/div><div class=\"w-tabs faqakkordion style_default switch_click accordion has_scrolling\" style=\"--sections-title-size:inherit\"><div class=\"w-tabs-sections titles-align_none icon_plus cpos_left\"><div class=\"w-tabs-section\" id=\"y3f1\"><button class=\"w-tabs-section-header\" aria-controls=\"content-y3f1\" aria-expanded=\"false\"><div class=\"w-tabs-section-title\">\u00abHigh quality\u00bb: en quoi consiste exactement la haute qualit\u00e9 des carnets de notes?<\/div><div class=\"w-tabs-section-control\"><\/div><\/button><div  class=\"w-tabs-section-content\" id=\"content-y3f1\"><div class=\"w-tabs-section-content-h i-cf\"><div class=\"wpb_text_column\"><div class=\"wpb_wrapper\"><p>Tous les carnets de notes disposent d&#8217;une pochette de rangement dans la couverture arri\u00e8re, d&#8217;un rabat de livre et se ferment avec un \u00e9lastique. En outre, ils disposent de 144 pages carr\u00e9es sur lesquelles on peut \u00e9crire.<\/p>\n<\/div><\/div><\/div><\/div><\/div><\/div><\/div><\/div><\/div><\/div><\/div><\/section>\n","protected":false},"excerpt":{"rendered":"Foire aux questions Produits Matelas gonflable\u00a0 Pourquoi le matelas gonflable Kolma co\u00fbte-t-il plus cher que les autres matelas gonflables?Le matelas pneumatique Kolma est fabriqu\u00e9 dans des mat\u00e9riaux de premi\u00e8re qualit\u00e9 et extr\u00eamement r\u00e9sistants qui assurent sa long\u00e9vit\u00e9. Il est dot\u00e9 d&#8217;un rev\u00eatement en polyester qui garantit un confort suppl\u00e9mentaire. Le matelas pneumatique est r\u00e9sistant aux...","protected":false},"author":5,"featured_media":0,"parent":0,"menu_order":0,"comment_status":"closed","ping_status":"closed","template":"","meta":{"_acf_changed":false,"footnotes":""},"acf":[],"yoast_head":"<!-- This site is optimized with the Yoast SEO plugin v22.5 - https:\/\/yoast.com\/wordpress\/plugins\/seo\/ -->\n<title>Foire aux questions - Kolma Style<\/title>\n<meta name=\"robots\" content=\"index, follow, max-snippet:-1, max-image-preview:large, max-video-preview:-1\" \/>\n<meta property=\"og:locale\" content=\"fr_FR\" \/>\n<meta property=\"og:type\" content=\"article\" \/>\n<meta property=\"og:title\" content=\"Foire aux questions - Kolma Style\" \/>\n<meta property=\"og:url\" content=\"https:\/\/kolma.style\/fr\/faq-produits\/\" \/>\n<meta property=\"og:site_name\" content=\"Kolma Style\" \/>\n<meta property=\"article:publisher\" content=\"https:\/\/www.facebook.com\/profile.php?id=61556920808920\" \/>\n<meta property=\"article:modified_time\" content=\"2025-05-08T13:16:17+00:00\" \/>\n<meta name=\"twitter:card\" content=\"summary_large_image\" \/>\n<meta name=\"twitter:label1\" content=\"Dur\u00e9e de lecture estim\u00e9e\" \/>\n\t<meta name=\"twitter:data1\" content=\"6 minutes\" \/>\n<script type=\"application\/ld+json\" class=\"yoast-schema-graph\">{\"@context\":\"https:\/\/schema.org\",\"@graph\":[{\"@type\":\"WebPage\",\"@id\":\"https:\/\/kolma.style\/fr\/faq-produits\/\",\"url\":\"https:\/\/kolma.style\/fr\/faq-produits\/\",\"name\":\"Foire aux questions - Kolma Style\",\"isPartOf\":{\"@id\":\"https:\/\/kolma.style\/#website\"},\"datePublished\":\"2024-04-26T06:01:20+00:00\",\"dateModified\":\"2025-05-08T13:16:17+00:00\",\"breadcrumb\":{\"@id\":\"https:\/\/kolma.style\/fr\/faq-produits\/#breadcrumb\"},\"inLanguage\":\"fr-FR\",\"potentialAction\":[{\"@type\":\"ReadAction\",\"target\":[\"https:\/\/kolma.style\/fr\/faq-produits\/\"]}]},{\"@type\":\"BreadcrumbList\",\"@id\":\"https:\/\/kolma.style\/fr\/faq-produits\/#breadcrumb\",\"itemListElement\":[{\"@type\":\"ListItem\",\"position\":1,\"name\":\"Startseite\",\"item\":\"https:\/\/kolma.style\/\"},{\"@type\":\"ListItem\",\"position\":2,\"name\":\"Foire aux questions &#8211;\"}]},{\"@type\":\"WebSite\",\"@id\":\"https:\/\/kolma.style\/#website\",\"url\":\"https:\/\/kolma.style\/\",\"name\":\"Kolma Style\",\"description\":\"Entspannung und \u00adErholung mit Stil\",\"publisher\":{\"@id\":\"https:\/\/kolma.style\/#organization\"},\"potentialAction\":[{\"@type\":\"SearchAction\",\"target\":{\"@type\":\"EntryPoint\",\"urlTemplate\":\"https:\/\/kolma.style\/?s={search_term_string}\"},\"query-input\":\"required name=search_term_string\"}],\"inLanguage\":\"fr-FR\"},{\"@type\":\"Organization\",\"@id\":\"https:\/\/kolma.style\/#organization\",\"name\":\"Kolma Style\",\"url\":\"https:\/\/kolma.style\/\",\"logo\":{\"@type\":\"ImageObject\",\"inLanguage\":\"fr-FR\",\"@id\":\"https:\/\/kolma.style\/#\/schema\/logo\/image\/\",\"url\":\"https:\/\/kolma.style\/wp-content\/uploads\/2024\/02\/kolma_Logo_CMYK_mit-R_negativ.png\",\"contentUrl\":\"https:\/\/kolma.style\/wp-content\/uploads\/2024\/02\/kolma_Logo_CMYK_mit-R_negativ.png\",\"width\":978,\"height\":385,\"caption\":\"Kolma Style\"},\"image\":{\"@id\":\"https:\/\/kolma.style\/#\/schema\/logo\/image\/\"},\"sameAs\":[\"https:\/\/www.facebook.com\/profile.php?id=61556920808920\",\"https:\/\/www.instagram.com\/kolma.style\/?fbclid=IwAR0eh-ysiGmHlhMTTXWvRwIwA3CvXlQh5dpJIE-jZ6fIvW2vXcgQSl0Y-ys\"]}]}<\/script>\n<!-- \/ Yoast SEO plugin. -->","yoast_head_json":{"title":"Foire aux questions - Kolma Style","robots":{"index":"index","follow":"follow","max-snippet":"max-snippet:-1","max-image-preview":"max-image-preview:large","max-video-preview":"max-video-preview:-1"},"og_locale":"fr_FR","og_type":"article","og_title":"Foire aux questions - Kolma Style","og_url":"https:\/\/kolma.style\/fr\/faq-produits\/","og_site_name":"Kolma Style","article_publisher":"https:\/\/www.facebook.com\/profile.php?id=61556920808920","article_modified_time":"2025-05-08T13:16:17+00:00","twitter_card":"summary_large_image","twitter_misc":{"Dur\u00e9e de lecture estim\u00e9e":"6 minutes"},"schema":{"@context":"https:\/\/schema.org","@graph":[{"@type":"WebPage","@id":"https:\/\/kolma.style\/fr\/faq-produits\/","url":"https:\/\/kolma.style\/fr\/faq-produits\/","name":"Foire aux questions - Kolma Style","isPartOf":{"@id":"https:\/\/kolma.style\/#website"},"datePublished":"2024-04-26T06:01:20+00:00","dateModified":"2025-05-08T13:16:17+00:00","breadcrumb":{"@id":"https:\/\/kolma.style\/fr\/faq-produits\/#breadcrumb"},"inLanguage":"fr-FR","potentialAction":[{"@type":"ReadAction","target":["https:\/\/kolma.style\/fr\/faq-produits\/"]}]},{"@type":"BreadcrumbList","@id":"https:\/\/kolma.style\/fr\/faq-produits\/#breadcrumb","itemListElement":[{"@type":"ListItem","position":1,"name":"Startseite","item":"https:\/\/kolma.style\/"},{"@type":"ListItem","position":2,"name":"Foire aux questions &#8211;"}]},{"@type":"WebSite","@id":"https:\/\/kolma.style\/#website","url":"https:\/\/kolma.style\/","name":"Kolma Style","description":"Entspannung und \u00adErholung mit Stil","publisher":{"@id":"https:\/\/kolma.style\/#organization"},"potentialAction":[{"@type":"SearchAction","target":{"@type":"EntryPoint","urlTemplate":"https:\/\/kolma.style\/?s={search_term_string}"},"query-input":"required name=search_term_string"}],"inLanguage":"fr-FR"},{"@type":"Organization","@id":"https:\/\/kolma.style\/#organization","name":"Kolma Style","url":"https:\/\/kolma.style\/","logo":{"@type":"ImageObject","inLanguage":"fr-FR","@id":"https:\/\/kolma.style\/#\/schema\/logo\/image\/","url":"https:\/\/kolma.style\/wp-content\/uploads\/2024\/02\/kolma_Logo_CMYK_mit-R_negativ.png","contentUrl":"https:\/\/kolma.style\/wp-content\/uploads\/2024\/02\/kolma_Logo_CMYK_mit-R_negativ.png","width":978,"height":385,"caption":"Kolma Style"},"image":{"@id":"https:\/\/kolma.style\/#\/schema\/logo\/image\/"},"sameAs":["https:\/\/www.facebook.com\/profile.php?id=61556920808920","https:\/\/www.instagram.com\/kolma.style\/?fbclid=IwAR0eh-ysiGmHlhMTTXWvRwIwA3CvXlQh5dpJIE-jZ6fIvW2vXcgQSl0Y-ys"]}]}},"_links":{"self":[{"href":"https:\/\/kolma.style\/fr\/wp-json\/wp\/v2\/pages\/1199"}],"collection":[{"href":"https:\/\/kolma.style\/fr\/wp-json\/wp\/v2\/pages"}],"about":[{"href":"https:\/\/kolma.style\/fr\/wp-json\/wp\/v2\/types\/page"}],"author":[{"embeddable":true,"href":"https:\/\/kolma.style\/fr\/wp-json\/wp\/v2\/users\/5"}],"replies":[{"embeddable":true,"href":"https:\/\/kolma.style\/fr\/wp-json\/wp\/v2\/comments?post=1199"}],"version-history":[{"count":2,"href":"https:\/\/kolma.style\/fr\/wp-json\/wp\/v2\/pages\/1199\/revisions"}],"predecessor-version":[{"id":2664,"href":"https:\/\/kolma.style\/fr\/wp-json\/wp\/v2\/pages\/1199\/revisions\/2664"}],"wp:attachment":[{"href":"https:\/\/kolma.style\/fr\/wp-json\/wp\/v2\/media?parent=1199"}],"curies":[{"name":"wp","href":"https:\/\/api.w.org\/{rel}","templated":true}]}}