{"id":1185,"date":"2024-02-27T10:33:06","date_gmt":"2024-02-27T08:33:06","guid":{"rendered":"https:\/\/kolma.style\/products\/"},"modified":"2025-05-22T15:14:54","modified_gmt":"2025-05-22T13:14:54","slug":"collections","status":"publish","type":"page","link":"https:\/\/kolma.style\/fr\/collections\/","title":{"rendered":"Collections"},"content":{"rendered":"<section class=\"l-section wpb_row height_medium\"><div class=\"l-section-h i-cf\"><div class=\"g-cols vc_row via_grid cols_1 laptops-cols_inherit tablets-cols_inherit mobiles-cols_1 valign_top type_default stacking_default\"><div class=\"wpb_column vc_column_container\"><div class=\"vc_column-inner\"><div class=\"g-cols wpb_row via_grid cols_1 laptops-cols_inherit tablets-cols_inherit mobiles-cols_1 valign_top type_default stacking_default\" style=\"--gap:3rem;\"><div class=\"wpb_column vc_column_container\"><div class=\"vc_column-inner\"><div class=\"wpb_text_column\"><div class=\"wpb_wrapper\"><h1><span style=\"color: #f97cc5;\">Des compagnons styl\u00e9s pour tes temps libres <\/span><\/h1>\n<div class=\"wpb_text_column us_custom_debf951b\">\n<div class=\"wpb_wrapper\">\n<p class=\"lead\">Nos collections de produits ont \u00e9t\u00e9 d\u00e9velopp\u00e9es avec le souci du d\u00e9tail et un accent clair sur la qualit\u00e9 et le design. Que ce soit \u00e0 la plage, \u00e0 la piscine, lors d\u2019une excursion ou au quotidien, nos produits haut de gamme allient fonctionnalit\u00e9 et style pour des moments inoubliables.<\/p>\n<\/div>\n<\/div>\n<\/div><\/div><div class=\"w-separator size_medium\"><\/div><div class=\"w-image align_none\"><div class=\"w-image-h\"><img loading=\"lazy\" decoding=\"async\" width=\"2560\" height=\"1707\" src=\"https:\/\/kolma.style\/wp-content\/uploads\/2024\/04\/Kolma-16.04-69-scaled.jpg\" class=\"attachment-full size-full\" alt=\"\" srcset=\"https:\/\/kolma.style\/wp-content\/uploads\/2024\/04\/Kolma-16.04-69-scaled.jpg 2560w, https:\/\/kolma.style\/wp-content\/uploads\/2024\/04\/Kolma-16.04-69-scaled-600x400.jpg 600w, https:\/\/kolma.style\/wp-content\/uploads\/2024\/04\/Kolma-16.04-69-300x200.jpg 300w, https:\/\/kolma.style\/wp-content\/uploads\/2024\/04\/Kolma-16.04-69-1024x683.jpg 1024w, https:\/\/kolma.style\/wp-content\/uploads\/2024\/04\/Kolma-16.04-69-50x33.jpg 50w\" sizes=\"(max-width: 2560px) 100vw, 2560px\" \/><\/div><\/div><div class=\"w-separator size_medium\"><\/div><\/div><\/div><\/div><div class=\"g-cols wpb_row hide_on_tablets hide_on_mobiles via_grid cols_2 laptops-cols_inherit tablets-cols_inherit mobiles-cols_1 valign_top type_default stacking_default\" style=\"--gap:3rem;\"><div class=\"wpb_column vc_column_container\"><div class=\"vc_column-inner\"><div class=\"wpb_text_column\"><div class=\"wpb_wrapper\"><p><strong>Matelas gonflables &#8211; Laisse-toi porter<\/strong><br \/>\nFais l&#8217;exp\u00e9rience du plus grand confort sur l&#8217;eau ! Nos matelas pneumatiques sont fabriqu\u00e9s \u00e0 partir de mat\u00e9riaux de haute qualit\u00e9, offrent un design suisse \u00e9l\u00e9gant et sont extr\u00eamement robustes, id\u00e9aux pour des heures de d\u00e9tente \u00e0 la piscine, au lac ou \u00e0 la mer. Une qualit\u00e9 qui dure tout l&#8217;\u00e9t\u00e9 &#8211; ann\u00e9e apr\u00e8s ann\u00e9e.<\/p>\n<\/div><\/div><div class=\"w-separator size_large\"><\/div><div class=\"w-separator size_medium\"><\/div><div class=\"w-image align_none\"><div class=\"w-image-h\"><img loading=\"lazy\" decoding=\"async\" width=\"2560\" height=\"1707\" src=\"https:\/\/kolma.style\/wp-content\/uploads\/2025\/05\/Stimmungsbild-Badetuch-1.png\" class=\"attachment-full size-full\" alt=\"\" srcset=\"https:\/\/kolma.style\/wp-content\/uploads\/2025\/05\/Stimmungsbild-Badetuch-1.png 2560w, https:\/\/kolma.style\/wp-content\/uploads\/2025\/05\/Stimmungsbild-Badetuch-1-300x200.png 300w, https:\/\/kolma.style\/wp-content\/uploads\/2025\/05\/Stimmungsbild-Badetuch-1-1024x683.png 1024w, https:\/\/kolma.style\/wp-content\/uploads\/2025\/05\/Stimmungsbild-Badetuch-1-50x33.png 50w, https:\/\/kolma.style\/wp-content\/uploads\/2025\/05\/Stimmungsbild-Badetuch-1-600x400.png 600w\" sizes=\"(max-width: 2560px) 100vw, 2560px\" \/><\/div><\/div><div class=\"w-separator size_small\"><\/div><div class=\"w-separator size_medium\"><\/div><div class=\"wpb_text_column\"><div class=\"wpb_wrapper\"><p><strong>N\u00e9cessaires &#8211; \u00e9l\u00e9gants, pratiques et toujours \u00e0 port\u00e9e de main<\/strong><br \/>\nNos n\u00e9cessaires sont un must pour les voyages ! Que ce soit pour les voyages, le quotidien ou la prochaine visite au spa, elles sont le compagnon id\u00e9al pour \u00eatre \u00e0 la fois styl\u00e9 et pratique. L&#8217;ext\u00e9rieur est doux et moelleux en \u00e9ponge 100 % coton, l&#8217;int\u00e9rieur est recouvert d&#8217;un rev\u00eatement plastifi\u00e9 astucieux, tout reste bien rang\u00e9 et \u00e0 port\u00e9e de main.<\/p>\n<\/div><\/div><div class=\"w-separator size_small\"><\/div><div class=\"w-separator size_medium\"><\/div><div class=\"w-image align_none\"><div class=\"w-image-h\"><img loading=\"lazy\" decoding=\"async\" width=\"2560\" height=\"1707\" src=\"https:\/\/kolma.style\/wp-content\/uploads\/2025\/05\/Stimmungsbild-Regenschirm.png\" class=\"attachment-full size-full\" alt=\"\" srcset=\"https:\/\/kolma.style\/wp-content\/uploads\/2025\/05\/Stimmungsbild-Regenschirm.png 2560w, https:\/\/kolma.style\/wp-content\/uploads\/2025\/05\/Stimmungsbild-Regenschirm-300x200.png 300w, https:\/\/kolma.style\/wp-content\/uploads\/2025\/05\/Stimmungsbild-Regenschirm-1024x683.png 1024w, https:\/\/kolma.style\/wp-content\/uploads\/2025\/05\/Stimmungsbild-Regenschirm-50x33.png 50w, https:\/\/kolma.style\/wp-content\/uploads\/2025\/05\/Stimmungsbild-Regenschirm-600x400.png 600w\" sizes=\"(max-width: 2560px) 100vw, 2560px\" \/><\/div><\/div><div class=\"w-separator size_small\"><\/div><div class=\"w-separator size_medium\"><\/div><div class=\"wpb_text_column\"><div class=\"wpb_wrapper\"><p><strong>Carnets de notes &#8211; pour des id\u00e9es cr\u00e9atives qui restent<\/strong><br \/>\nNos carnets de notes styl\u00e9s sont le compagnon id\u00e9al pour les pens\u00e9es, les id\u00e9es ou les listes de choses \u00e0 faire. Avec un marque-page pratique, un papier quadrill\u00e9 et une finition durable, \u00e9crire devient un plaisir &#8211; que ce soit en d\u00e9placement, au bureau ou \u00e0 la maison.<\/p>\n<\/div><\/div><div class=\"w-separator size_small\"><\/div><div class=\"wpb_text_column\"><div class=\"wpb_wrapper\"><p><strong>D\u00e9couvre une qualit\u00e9 premium qui allie fonctionnalit\u00e9 et style &#8211; pour un plaisir de loisirs sans compromis.<\/strong><\/p>\n<\/div><\/div><div class=\"w-separator size_small\"><\/div><div class=\"w-btn-wrapper align_none\"><a class=\"w-btn us-btn-style_4 us_custom_1e0e9307\" target=\"_blank\" href=\"\/fr\/shop\/\"><span class=\"w-btn-label\">Vers le Shop<\/span><\/a><\/div><\/div><\/div><div class=\"wpb_column vc_column_container\"><div class=\"vc_column-inner\"><div class=\"w-image align_none\"><div class=\"w-image-h\"><img loading=\"lazy\" decoding=\"async\" width=\"2560\" height=\"1707\" src=\"https:\/\/kolma.style\/wp-content\/uploads\/2025\/05\/Kolma15.04-388-scaled.jpg\" class=\"attachment-full size-full\" alt=\"\" srcset=\"https:\/\/kolma.style\/wp-content\/uploads\/2025\/05\/Kolma15.04-388-scaled.jpg 2560w, https:\/\/kolma.style\/wp-content\/uploads\/2025\/05\/Kolma15.04-388-300x200.jpg 300w, https:\/\/kolma.style\/wp-content\/uploads\/2025\/05\/Kolma15.04-388-1024x683.jpg 1024w, https:\/\/kolma.style\/wp-content\/uploads\/2025\/05\/Kolma15.04-388-50x33.jpg 50w, https:\/\/kolma.style\/wp-content\/uploads\/2025\/05\/Kolma15.04-388-600x400.jpg 600w\" sizes=\"(max-width: 2560px) 100vw, 2560px\" \/><\/div><\/div><div class=\"w-separator size_small\"><\/div><div class=\"w-separator size_medium\"><\/div><div class=\"wpb_text_column\"><div class=\"wpb_wrapper\"><p><strong>Serviettes de bain &#8211; la rencontre du design et du bien-\u00eatre<\/strong><br \/>\nQue ce soit \u00e0 la plage, au parc ou apr\u00e8s la douche, nos serviettes de bain sont faites pour toutes les petites pauses du quotidien. Ils sont agr\u00e9ablement doux au toucher, absorbent l&#8217;humidit\u00e9 de mani\u00e8re fiable et apportent une touche de style avec leurs couleurs et leurs rayures &#8211; pour un moment de bien-\u00eatre r\u00e9ussi \u00e0 tous les niveaux.<\/p>\n<\/div><\/div><div class=\"w-separator size_small\"><\/div><div class=\"w-separator size_medium\"><\/div><div class=\"w-image align_none\"><div class=\"w-image-h\"><img loading=\"lazy\" decoding=\"async\" width=\"2560\" height=\"1707\" src=\"https:\/\/kolma.style\/wp-content\/uploads\/2025\/05\/Stimmungsbild-Necessaire.png\" class=\"attachment-full size-full\" alt=\"\" srcset=\"https:\/\/kolma.style\/wp-content\/uploads\/2025\/05\/Stimmungsbild-Necessaire.png 2560w, https:\/\/kolma.style\/wp-content\/uploads\/2025\/05\/Stimmungsbild-Necessaire-300x200.png 300w, https:\/\/kolma.style\/wp-content\/uploads\/2025\/05\/Stimmungsbild-Necessaire-1024x683.png 1024w, https:\/\/kolma.style\/wp-content\/uploads\/2025\/05\/Stimmungsbild-Necessaire-50x33.png 50w, https:\/\/kolma.style\/wp-content\/uploads\/2025\/05\/Stimmungsbild-Necessaire-600x400.png 600w\" sizes=\"(max-width: 2560px) 100vw, 2560px\" \/><\/div><\/div><div class=\"w-separator size_small\"><\/div><div class=\"w-separator size_medium\"><\/div><div class=\"wpb_text_column\"><div class=\"wpb_wrapper\"><p><strong>Parapluies &#8211; un design qui r\u00e9siste aux intemp\u00e9ries<\/strong><br \/>\nNe te laisse pas surprendre par une pluie soudaine ! Nos parapluies offrent une protection maximale dans un design \u00e9l\u00e9gant. Avec des d\u00e9tails bien pens\u00e9s et des mat\u00e9riaux de haute qualit\u00e9, ils t&#8217;accompagnent de mani\u00e8re fiable par tous les temps et r\u00e9pandent en plus la bonne humeur avec leurs couleurs vives.<\/p>\n<\/div><\/div><div class=\"w-separator size_small\"><\/div><div class=\"w-separator size_medium\"><\/div><div class=\"w-image align_none\"><div class=\"w-image-h\"><img loading=\"lazy\" decoding=\"async\" width=\"2560\" height=\"1707\" src=\"https:\/\/kolma.style\/wp-content\/uploads\/2025\/05\/Stimmungsbild-Notizbuch-1.png\" class=\"attachment-full size-full\" alt=\"\" srcset=\"https:\/\/kolma.style\/wp-content\/uploads\/2025\/05\/Stimmungsbild-Notizbuch-1.png 2560w, https:\/\/kolma.style\/wp-content\/uploads\/2025\/05\/Stimmungsbild-Notizbuch-1-300x200.png 300w, https:\/\/kolma.style\/wp-content\/uploads\/2025\/05\/Stimmungsbild-Notizbuch-1-1024x683.png 1024w, https:\/\/kolma.style\/wp-content\/uploads\/2025\/05\/Stimmungsbild-Notizbuch-1-50x33.png 50w, https:\/\/kolma.style\/wp-content\/uploads\/2025\/05\/Stimmungsbild-Notizbuch-1-600x400.png 600w\" sizes=\"(max-width: 2560px) 100vw, 2560px\" \/><\/div><\/div><\/div><\/div><\/div><div class=\"g-cols wpb_row hide_on_default hide_on_laptops via_grid cols_1 laptops-cols_inherit tablets-cols_inherit mobiles-cols_1 valign_top type_default stacking_default\" style=\"--gap:3rem;\"><div class=\"wpb_column vc_column_container\"><div class=\"vc_column-inner\"><div class=\"wpb_text_column\"><div class=\"wpb_wrapper\"><p><strong>Matelas gonflables &#8211; Laisse-toi porter<\/strong><br \/>\nFais l&#8217;exp\u00e9rience du plus grand confort sur l&#8217;eau ! Nos matelas pneumatiques sont fabriqu\u00e9s \u00e0 partir de mat\u00e9riaux de haute qualit\u00e9, offrent un design suisse \u00e9l\u00e9gant et sont extr\u00eamement robustes, id\u00e9aux pour des heures de d\u00e9tente \u00e0 la piscine, au lac ou \u00e0 la mer. Une qualit\u00e9 qui dure tout l&#8217;\u00e9t\u00e9 &#8211; ann\u00e9e apr\u00e8s ann\u00e9e.<\/p>\n<\/div><\/div><div class=\"w-separator size_small\"><\/div><div class=\"w-image align_none\"><div class=\"w-image-h\"><img loading=\"lazy\" decoding=\"async\" width=\"2560\" height=\"1707\" src=\"https:\/\/kolma.style\/wp-content\/uploads\/2025\/05\/Kolma15.04-388-scaled.jpg\" class=\"attachment-full size-full\" alt=\"\" srcset=\"https:\/\/kolma.style\/wp-content\/uploads\/2025\/05\/Kolma15.04-388-scaled.jpg 2560w, https:\/\/kolma.style\/wp-content\/uploads\/2025\/05\/Kolma15.04-388-300x200.jpg 300w, https:\/\/kolma.style\/wp-content\/uploads\/2025\/05\/Kolma15.04-388-1024x683.jpg 1024w, https:\/\/kolma.style\/wp-content\/uploads\/2025\/05\/Kolma15.04-388-50x33.jpg 50w, https:\/\/kolma.style\/wp-content\/uploads\/2025\/05\/Kolma15.04-388-600x400.jpg 600w\" sizes=\"(max-width: 2560px) 100vw, 2560px\" \/><\/div><\/div><div class=\"w-separator size_small\"><\/div><div class=\"wpb_text_column\"><div class=\"wpb_wrapper\"><p><strong>Serviettes de bain &#8211; la rencontre du design et du bien-\u00eatre<\/strong><br \/>\nQue ce soit \u00e0 la plage, au parc ou apr\u00e8s la douche, nos serviettes de bain sont faites pour toutes les petites pauses du quotidien. Ils sont agr\u00e9ablement doux au toucher, absorbent l&#8217;humidit\u00e9 de mani\u00e8re fiable et apportent une touche de style avec leurs couleurs et leurs rayures &#8211; pour un moment de bien-\u00eatre r\u00e9ussi \u00e0 tous les niveaux.<\/p>\n<\/div><\/div><div class=\"w-separator size_small\"><\/div><div class=\"w-image align_none\"><div class=\"w-image-h\"><img loading=\"lazy\" decoding=\"async\" width=\"2560\" height=\"1707\" src=\"https:\/\/kolma.style\/wp-content\/uploads\/2025\/05\/Stimmungsbild-Badetuch-1.png\" class=\"attachment-full size-full\" alt=\"\" srcset=\"https:\/\/kolma.style\/wp-content\/uploads\/2025\/05\/Stimmungsbild-Badetuch-1.png 2560w, https:\/\/kolma.style\/wp-content\/uploads\/2025\/05\/Stimmungsbild-Badetuch-1-300x200.png 300w, https:\/\/kolma.style\/wp-content\/uploads\/2025\/05\/Stimmungsbild-Badetuch-1-1024x683.png 1024w, https:\/\/kolma.style\/wp-content\/uploads\/2025\/05\/Stimmungsbild-Badetuch-1-50x33.png 50w, https:\/\/kolma.style\/wp-content\/uploads\/2025\/05\/Stimmungsbild-Badetuch-1-600x400.png 600w\" sizes=\"(max-width: 2560px) 100vw, 2560px\" \/><\/div><\/div><div class=\"w-separator size_small\"><\/div><div class=\"wpb_text_column\"><div class=\"wpb_wrapper\"><p><strong>N\u00e9cessaires &#8211; \u00e9l\u00e9gants, pratiques et toujours \u00e0 port\u00e9e de main<\/strong><br \/>\nNos n\u00e9cessaires sont un must pour les voyages ! Que ce soit pour les voyages, le quotidien ou la prochaine visite au spa, elles sont le compagnon id\u00e9al pour \u00eatre \u00e0 la fois styl\u00e9 et pratique. L&#8217;ext\u00e9rieur est doux et moelleux en \u00e9ponge 100 % coton, l&#8217;int\u00e9rieur est recouvert d&#8217;un rev\u00eatement plastifi\u00e9 astucieux, tout reste bien rang\u00e9 et \u00e0 port\u00e9e de main.<\/p>\n<\/div><\/div><div class=\"w-separator size_small\"><\/div><div class=\"w-image align_none\"><div class=\"w-image-h\"><img loading=\"lazy\" decoding=\"async\" width=\"2560\" height=\"1707\" src=\"https:\/\/kolma.style\/wp-content\/uploads\/2025\/05\/Stimmungsbild-Necessaire.png\" class=\"attachment-full size-full\" alt=\"\" srcset=\"https:\/\/kolma.style\/wp-content\/uploads\/2025\/05\/Stimmungsbild-Necessaire.png 2560w, https:\/\/kolma.style\/wp-content\/uploads\/2025\/05\/Stimmungsbild-Necessaire-300x200.png 300w, https:\/\/kolma.style\/wp-content\/uploads\/2025\/05\/Stimmungsbild-Necessaire-1024x683.png 1024w, https:\/\/kolma.style\/wp-content\/uploads\/2025\/05\/Stimmungsbild-Necessaire-50x33.png 50w, https:\/\/kolma.style\/wp-content\/uploads\/2025\/05\/Stimmungsbild-Necessaire-600x400.png 600w\" sizes=\"(max-width: 2560px) 100vw, 2560px\" \/><\/div><\/div><div class=\"w-separator size_small\"><\/div><div class=\"wpb_text_column\"><div class=\"wpb_wrapper\"><p><strong>Parapluies &#8211; un design qui r\u00e9siste aux intemp\u00e9ries<\/strong><br \/>\nNe te laisse pas surprendre par une pluie soudaine ! Nos parapluies offrent une protection maximale dans un design \u00e9l\u00e9gant. Avec des d\u00e9tails bien pens\u00e9s et des mat\u00e9riaux de haute qualit\u00e9, ils t&#8217;accompagnent de mani\u00e8re fiable par tous les temps et r\u00e9pandent en plus la bonne humeur avec leurs couleurs vives.<\/p>\n<\/div><\/div><div class=\"w-separator size_small\"><\/div><div class=\"w-image align_none\"><div class=\"w-image-h\"><img loading=\"lazy\" decoding=\"async\" width=\"2560\" height=\"1707\" src=\"https:\/\/kolma.style\/wp-content\/uploads\/2025\/05\/Stimmungsbild-Regenschirm.png\" class=\"attachment-full size-full\" alt=\"\" srcset=\"https:\/\/kolma.style\/wp-content\/uploads\/2025\/05\/Stimmungsbild-Regenschirm.png 2560w, https:\/\/kolma.style\/wp-content\/uploads\/2025\/05\/Stimmungsbild-Regenschirm-300x200.png 300w, https:\/\/kolma.style\/wp-content\/uploads\/2025\/05\/Stimmungsbild-Regenschirm-1024x683.png 1024w, https:\/\/kolma.style\/wp-content\/uploads\/2025\/05\/Stimmungsbild-Regenschirm-50x33.png 50w, https:\/\/kolma.style\/wp-content\/uploads\/2025\/05\/Stimmungsbild-Regenschirm-600x400.png 600w\" sizes=\"(max-width: 2560px) 100vw, 2560px\" \/><\/div><\/div><div class=\"w-separator size_small\"><\/div><div class=\"wpb_text_column\"><div class=\"wpb_wrapper\"><p><strong>Carnets de notes &#8211; pour des id\u00e9es cr\u00e9atives qui restent<\/strong><br \/>\nNos carnets de notes styl\u00e9s sont le compagnon id\u00e9al pour les pens\u00e9es, les id\u00e9es ou les listes de choses \u00e0 faire. Avec un marque-page pratique, un papier quadrill\u00e9 et une finition durable, \u00e9crire devient un plaisir &#8211; que ce soit en d\u00e9placement, au bureau ou \u00e0 la maison.<\/p>\n<\/div><\/div><div class=\"w-separator size_small\"><\/div><div class=\"w-image align_none\"><div class=\"w-image-h\"><img loading=\"lazy\" decoding=\"async\" width=\"2560\" height=\"1707\" src=\"https:\/\/kolma.style\/wp-content\/uploads\/2025\/05\/Stimmungsbild-Notizbuch-1.png\" class=\"attachment-full size-full\" alt=\"\" srcset=\"https:\/\/kolma.style\/wp-content\/uploads\/2025\/05\/Stimmungsbild-Notizbuch-1.png 2560w, https:\/\/kolma.style\/wp-content\/uploads\/2025\/05\/Stimmungsbild-Notizbuch-1-300x200.png 300w, https:\/\/kolma.style\/wp-content\/uploads\/2025\/05\/Stimmungsbild-Notizbuch-1-1024x683.png 1024w, https:\/\/kolma.style\/wp-content\/uploads\/2025\/05\/Stimmungsbild-Notizbuch-1-50x33.png 50w, https:\/\/kolma.style\/wp-content\/uploads\/2025\/05\/Stimmungsbild-Notizbuch-1-600x400.png 600w\" sizes=\"(max-width: 2560px) 100vw, 2560px\" \/><\/div><\/div><div class=\"w-separator size_small\"><\/div><div class=\"wpb_text_column\"><div class=\"wpb_wrapper\"><p><strong>D\u00e9couvre une qualit\u00e9 premium qui allie fonctionnalit\u00e9 et style &#8211; pour un plaisir de loisirs sans compromis.<\/strong><\/p>\n<\/div><\/div><div class=\"w-separator size_small\"><\/div><div class=\"w-btn-wrapper align_none\"><a class=\"w-btn us-btn-style_4 us_custom_1e0e9307 mobilebutton\" href=\"\/fr\/shop\/\"><span class=\"w-btn-label\">Vers le Shop<\/span><\/a><\/div><\/div><\/div><\/div><\/div><\/div><\/div><\/div><\/section>\n","protected":false},"excerpt":{"rendered":"Des compagnons styl\u00e9s pour tes temps libres Nos collections de produits ont \u00e9t\u00e9 d\u00e9velopp\u00e9es avec le souci du d\u00e9tail et un accent clair sur la qualit\u00e9 et le design. Que ce soit \u00e0 la plage, \u00e0 la piscine, lors d\u2019une excursion ou au quotidien, nos produits haut de gamme allient fonctionnalit\u00e9 et style pour des...","protected":false},"author":1,"featured_media":0,"parent":0,"menu_order":0,"comment_status":"closed","ping_status":"closed","template":"","meta":{"_acf_changed":false,"footnotes":""},"acf":[],"yoast_head":"<!-- This site is optimized with the Yoast SEO plugin v22.5 - https:\/\/yoast.com\/wordpress\/plugins\/seo\/ -->\n<title>Collections - Kolma Style<\/title>\n<meta name=\"robots\" content=\"index, follow, max-snippet:-1, max-image-preview:large, max-video-preview:-1\" \/>\n<meta property=\"og:locale\" content=\"fr_FR\" \/>\n<meta property=\"og:type\" content=\"article\" \/>\n<meta property=\"og:title\" content=\"Collections - Kolma Style\" \/>\n<meta property=\"og:url\" content=\"https:\/\/kolma.style\/fr\/collections\/\" \/>\n<meta property=\"og:site_name\" content=\"Kolma Style\" \/>\n<meta property=\"article:publisher\" content=\"https:\/\/www.facebook.com\/profile.php?id=61556920808920\" \/>\n<meta property=\"article:modified_time\" content=\"2025-05-22T13:14:54+00:00\" \/>\n<meta name=\"twitter:card\" content=\"summary_large_image\" \/>\n<meta name=\"twitter:label1\" content=\"Dur\u00e9e de lecture estim\u00e9e\" \/>\n\t<meta name=\"twitter:data1\" content=\"6 minutes\" \/>\n<script type=\"application\/ld+json\" class=\"yoast-schema-graph\">{\"@context\":\"https:\/\/schema.org\",\"@graph\":[{\"@type\":\"WebPage\",\"@id\":\"https:\/\/kolma.style\/fr\/collections\/\",\"url\":\"https:\/\/kolma.style\/fr\/collections\/\",\"name\":\"Collections - Kolma Style\",\"isPartOf\":{\"@id\":\"https:\/\/kolma.style\/#website\"},\"datePublished\":\"2024-02-27T08:33:06+00:00\",\"dateModified\":\"2025-05-22T13:14:54+00:00\",\"breadcrumb\":{\"@id\":\"https:\/\/kolma.style\/fr\/collections\/#breadcrumb\"},\"inLanguage\":\"fr-FR\",\"potentialAction\":[{\"@type\":\"ReadAction\",\"target\":[\"https:\/\/kolma.style\/fr\/collections\/\"]}]},{\"@type\":\"BreadcrumbList\",\"@id\":\"https:\/\/kolma.style\/fr\/collections\/#breadcrumb\",\"itemListElement\":[{\"@type\":\"ListItem\",\"position\":1,\"name\":\"Startseite\",\"item\":\"https:\/\/kolma.style\/\"},{\"@type\":\"ListItem\",\"position\":2,\"name\":\"Collections\"}]},{\"@type\":\"WebSite\",\"@id\":\"https:\/\/kolma.style\/#website\",\"url\":\"https:\/\/kolma.style\/\",\"name\":\"Kolma Style\",\"description\":\"Entspannung und \u00adErholung mit Stil\",\"publisher\":{\"@id\":\"https:\/\/kolma.style\/#organization\"},\"potentialAction\":[{\"@type\":\"SearchAction\",\"target\":{\"@type\":\"EntryPoint\",\"urlTemplate\":\"https:\/\/kolma.style\/?s={search_term_string}\"},\"query-input\":\"required name=search_term_string\"}],\"inLanguage\":\"fr-FR\"},{\"@type\":\"Organization\",\"@id\":\"https:\/\/kolma.style\/#organization\",\"name\":\"Kolma Style\",\"url\":\"https:\/\/kolma.style\/\",\"logo\":{\"@type\":\"ImageObject\",\"inLanguage\":\"fr-FR\",\"@id\":\"https:\/\/kolma.style\/#\/schema\/logo\/image\/\",\"url\":\"https:\/\/kolma.style\/wp-content\/uploads\/2024\/02\/kolma_Logo_CMYK_mit-R_negativ.png\",\"contentUrl\":\"https:\/\/kolma.style\/wp-content\/uploads\/2024\/02\/kolma_Logo_CMYK_mit-R_negativ.png\",\"width\":978,\"height\":385,\"caption\":\"Kolma Style\"},\"image\":{\"@id\":\"https:\/\/kolma.style\/#\/schema\/logo\/image\/\"},\"sameAs\":[\"https:\/\/www.facebook.com\/profile.php?id=61556920808920\",\"https:\/\/www.instagram.com\/kolma.style\/?fbclid=IwAR0eh-ysiGmHlhMTTXWvRwIwA3CvXlQh5dpJIE-jZ6fIvW2vXcgQSl0Y-ys\"]}]}<\/script>\n<!-- \/ Yoast SEO plugin. -->","yoast_head_json":{"title":"Collections - Kolma Style","robots":{"index":"index","follow":"follow","max-snippet":"max-snippet:-1","max-image-preview":"max-image-preview:large","max-video-preview":"max-video-preview:-1"},"og_locale":"fr_FR","og_type":"article","og_title":"Collections - Kolma Style","og_url":"https:\/\/kolma.style\/fr\/collections\/","og_site_name":"Kolma Style","article_publisher":"https:\/\/www.facebook.com\/profile.php?id=61556920808920","article_modified_time":"2025-05-22T13:14:54+00:00","twitter_card":"summary_large_image","twitter_misc":{"Dur\u00e9e de lecture estim\u00e9e":"6 minutes"},"schema":{"@context":"https:\/\/schema.org","@graph":[{"@type":"WebPage","@id":"https:\/\/kolma.style\/fr\/collections\/","url":"https:\/\/kolma.style\/fr\/collections\/","name":"Collections - Kolma Style","isPartOf":{"@id":"https:\/\/kolma.style\/#website"},"datePublished":"2024-02-27T08:33:06+00:00","dateModified":"2025-05-22T13:14:54+00:00","breadcrumb":{"@id":"https:\/\/kolma.style\/fr\/collections\/#breadcrumb"},"inLanguage":"fr-FR","potentialAction":[{"@type":"ReadAction","target":["https:\/\/kolma.style\/fr\/collections\/"]}]},{"@type":"BreadcrumbList","@id":"https:\/\/kolma.style\/fr\/collections\/#breadcrumb","itemListElement":[{"@type":"ListItem","position":1,"name":"Startseite","item":"https:\/\/kolma.style\/"},{"@type":"ListItem","position":2,"name":"Collections"}]},{"@type":"WebSite","@id":"https:\/\/kolma.style\/#website","url":"https:\/\/kolma.style\/","name":"Kolma Style","description":"Entspannung und \u00adErholung mit Stil","publisher":{"@id":"https:\/\/kolma.style\/#organization"},"potentialAction":[{"@type":"SearchAction","target":{"@type":"EntryPoint","urlTemplate":"https:\/\/kolma.style\/?s={search_term_string}"},"query-input":"required name=search_term_string"}],"inLanguage":"fr-FR"},{"@type":"Organization","@id":"https:\/\/kolma.style\/#organization","name":"Kolma Style","url":"https:\/\/kolma.style\/","logo":{"@type":"ImageObject","inLanguage":"fr-FR","@id":"https:\/\/kolma.style\/#\/schema\/logo\/image\/","url":"https:\/\/kolma.style\/wp-content\/uploads\/2024\/02\/kolma_Logo_CMYK_mit-R_negativ.png","contentUrl":"https:\/\/kolma.style\/wp-content\/uploads\/2024\/02\/kolma_Logo_CMYK_mit-R_negativ.png","width":978,"height":385,"caption":"Kolma Style"},"image":{"@id":"https:\/\/kolma.style\/#\/schema\/logo\/image\/"},"sameAs":["https:\/\/www.facebook.com\/profile.php?id=61556920808920","https:\/\/www.instagram.com\/kolma.style\/?fbclid=IwAR0eh-ysiGmHlhMTTXWvRwIwA3CvXlQh5dpJIE-jZ6fIvW2vXcgQSl0Y-ys"]}]}},"_links":{"self":[{"href":"https:\/\/kolma.style\/fr\/wp-json\/wp\/v2\/pages\/1185"}],"collection":[{"href":"https:\/\/kolma.style\/fr\/wp-json\/wp\/v2\/pages"}],"about":[{"href":"https:\/\/kolma.style\/fr\/wp-json\/wp\/v2\/types\/page"}],"author":[{"embeddable":true,"href":"https:\/\/kolma.style\/fr\/wp-json\/wp\/v2\/users\/1"}],"replies":[{"embeddable":true,"href":"https:\/\/kolma.style\/fr\/wp-json\/wp\/v2\/comments?post=1185"}],"version-history":[{"count":8,"href":"https:\/\/kolma.style\/fr\/wp-json\/wp\/v2\/pages\/1185\/revisions"}],"predecessor-version":[{"id":2736,"href":"https:\/\/kolma.style\/fr\/wp-json\/wp\/v2\/pages\/1185\/revisions\/2736"}],"wp:attachment":[{"href":"https:\/\/kolma.style\/fr\/wp-json\/wp\/v2\/media?parent=1185"}],"curies":[{"name":"wp","href":"https:\/\/api.w.org\/{rel}","templated":true}]}}