{"id":1176,"date":"2024-02-27T10:33:15","date_gmt":"2024-02-27T08:33:15","guid":{"rendered":"https:\/\/kolma.style\/about\/"},"modified":"2025-05-22T15:07:59","modified_gmt":"2025-05-22T13:07:59","slug":"about","status":"publish","type":"page","link":"https:\/\/kolma.style\/fr\/about\/","title":{"rendered":"About"},"content":{"rendered":"<section class=\"l-section wpb_row height_medium\"><div class=\"l-section-h i-cf\"><div class=\"g-cols vc_row via_grid cols_1 laptops-cols_inherit tablets-cols_inherit mobiles-cols_1 valign_top type_default stacking_default\"><div class=\"wpb_column vc_column_container\"><div class=\"vc_column-inner\"><div class=\"g-cols wpb_row via_grid cols_1 laptops-cols_inherit tablets-cols_inherit mobiles-cols_1 valign_top type_default stacking_default\" style=\"--gap:3rem;\"><div class=\"wpb_column vc_column_container\"><div class=\"vc_column-inner\"><div class=\"wpb_text_column\"><div class=\"wpb_wrapper\"><h1><span style=\"color: #f0da77;\">Kolma Style \u2013 un design suisse pour les plus exigeants<\/span><\/h1>\n<p class=\"lead\">La plus haute qualit\u00e9 pour un confort maximal, le design suisse pour une esth\u00e9tique raffin\u00e9e, des technologies de fabrication ultramodernes inspir\u00e9es \u00e0 la fois par des tendances \u00e9prouv\u00e9es et les tout derniers d\u00e9fis: c&#8217;est cela, le Kolma Style.<\/p>\n<\/div><\/div><div class=\"w-separator size_medium\"><\/div><div class=\"w-image align_center\"><div class=\"w-image-h\"><img loading=\"lazy\" decoding=\"async\" width=\"998\" height=\"745\" src=\"https:\/\/kolma.style\/wp-content\/uploads\/2024\/08\/Bild-Luftmatratzen-Spaghetti.jpg\" class=\"attachment-full size-full\" alt=\"\" srcset=\"https:\/\/kolma.style\/wp-content\/uploads\/2024\/08\/Bild-Luftmatratzen-Spaghetti.jpg 998w, https:\/\/kolma.style\/wp-content\/uploads\/2024\/08\/Bild-Luftmatratzen-Spaghetti-300x224.jpg 300w, https:\/\/kolma.style\/wp-content\/uploads\/2024\/08\/Bild-Luftmatratzen-Spaghetti-50x37.jpg 50w, https:\/\/kolma.style\/wp-content\/uploads\/2024\/08\/Bild-Luftmatratzen-Spaghetti-600x448.jpg 600w\" sizes=\"(max-width: 998px) 100vw, 998px\" \/><\/div><\/div><div class=\"w-separator size_medium\"><\/div><\/div><\/div><\/div><div class=\"g-cols wpb_row hide_on_tablets hide_on_mobiles via_grid cols_2 laptops-cols_inherit tablets-cols_inherit mobiles-cols_1 valign_top type_default stacking_default\" style=\"--gap:3rem;\"><div class=\"wpb_column vc_column_container\"><div class=\"vc_column-inner\"><div class=\"wpb_text_column\"><div class=\"wpb_wrapper\"><p><span class=\"bold\">Notre mission<\/span><br \/>\nLe temps libre est plus qu&#8217;une simple d\u00e9tente &#8211; c&#8217;est l&#8217;occasion de profiter pleinement de la vie. C&#8217;est pourquoi nous combinons notre longue exp\u00e9rience et notre grand savoir-faire avec un design suisse innovant pour te proposer des produits de qualit\u00e9 et styl\u00e9s qui te permettront de laisser le quotidien derri\u00e8re toi et d&#8217;enrichir ton pr\u00e9cieux temps libre.<\/p>\n<\/div><\/div><div class=\"w-separator size_small\"><\/div><div class=\"wpb_text_column\"><div class=\"wpb_wrapper\"><p><strong><span class=\"bold\">Notre <\/span>promesse<\/strong><br \/>\nAvec chacun de nos produits, tu ne re\u00e7ois pas seulement un accessoire \u00e9l\u00e9gant, mais aussi un compagnon fiable pour tes plus beaux moments. Du matelas gonflable robuste pour se laisser aller \u00e0 la d\u00e9tente au parapluie r\u00e9sistant aux intemp\u00e9ries pour une protection fiable contre la pluie, notre collection allie une fonctionnalit\u00e9 de premier ordre \u00e0 un look intemporel.<\/p>\n<\/div><\/div><div class=\"w-separator size_small\"><\/div><div class=\"w-image align_none\"><div class=\"w-image-h\"><img loading=\"lazy\" decoding=\"async\" width=\"2052\" height=\"2560\" src=\"https:\/\/kolma.style\/wp-content\/uploads\/2024\/04\/shutterstock_92419471-1-scaled.jpg\" class=\"attachment-full size-full\" alt=\"\" srcset=\"https:\/\/kolma.style\/wp-content\/uploads\/2024\/04\/shutterstock_92419471-1-scaled.jpg 2052w, https:\/\/kolma.style\/wp-content\/uploads\/2024\/04\/shutterstock_92419471-1-scaled-600x749.jpg 600w, https:\/\/kolma.style\/wp-content\/uploads\/2024\/04\/shutterstock_92419471-1-240x300.jpg 240w, https:\/\/kolma.style\/wp-content\/uploads\/2024\/04\/shutterstock_92419471-1-821x1024.jpg 821w, https:\/\/kolma.style\/wp-content\/uploads\/2024\/04\/shutterstock_92419471-1-40x50.jpg 40w\" sizes=\"(max-width: 2052px) 100vw, 2052px\" \/><\/div><\/div><\/div><\/div><div class=\"wpb_column vc_column_container\"><div class=\"vc_column-inner\"><div class=\"wpb_text_column\"><div class=\"wpb_wrapper\"><p><span class=\"bold\">Notre histoire<br \/>\n<\/span>Depuis plus de 70 ans, la marque Kolma est synonyme de qualit\u00e9 suisse sup\u00e9rieure et de pr\u00e9cision dans le traitement des mati\u00e8res plastiques. Fond\u00e9e en 1952 par Max K\u00f6ller et \u00e9tablie \u00e9galement en tant que marque avec la premi\u00e8re production interne de poches en 1960, Kolma s&#8217;est impos\u00e9e sur le march\u00e9 du mat\u00e9riel de bureau haut de gamme gr\u00e2ce \u00e0 sa force d&#8217;innovation, son solide savoir-faire et ses exigences de qualit\u00e9 les plus \u00e9lev\u00e9es.<\/p>\n<p>\u00c0 la recherche d&#8217;une touche d&#8217;italianit\u00e0 et de bon go\u00fbt, nous sommes tomb\u00e9s sur les magnifiques matelas pneumatiques des ann\u00e9es 50 et 60. Avec leur surface agr\u00e9able en coton, ces matelas classiques offraient un confort de couchage que les mod\u00e8les actuels ne peuvent \u00e9galer. Nous voulions faire revivre ce design embl\u00e9matique et avons commenc\u00e9 \u00e0 d\u00e9velopper, en \u00e9troite collaboration avec un fournisseur de confiance, une collection tendance et de qualit\u00e9 &#8211; le premier produit de Kolma Style.<\/p>\n<\/div><\/div><div class=\"w-separator size_small\"><\/div><div class=\"wpb_text_column\"><div class=\"wpb_wrapper\"><p><strong>Kolma Style aujourd&#8217;hui<\/strong><br \/>\nAvec l&#8217;ambition d&#8217;allier design, qualit\u00e9 et confort, nous cr\u00e9ons des produits qui s\u00e9duisent tant par leur esth\u00e9tique que par leur fonctionnalit\u00e9. Notre collection ne comprend d\u00e9sormais plus seulement des matelas gonflables, mais aussi des serviettes de bain, des n\u00e9cessaires, des parapluies et des carnets de notes &#8211; autant de produits qui t&#8217;aident \u00e0 profiter de tes loisirs avec style et d\u00e9tente.<\/p>\n<p><strong>Kolma Style &#8211; Pour des moments qui durent.<\/strong><\/p>\n<\/div><\/div><div class=\"w-separator size_small\"><\/div><div class=\"w-btn-wrapper align_none\"><a class=\"w-btn us-btn-style_3 us_custom_1e0e9307 mobilebutton\" href=\"\/fr\/shop\/\"><span class=\"w-btn-label\">Vers le Shop<\/span><\/a><\/div><div class=\"w-btn-wrapper align_none\"><a class=\"w-btn us-btn-style_3 us_custom_1e0e9307 mobilebutton\" target=\"_blank\" href=\"https:\/\/kolma.swiss\/fr\"><span class=\"w-btn-label\">Vers Kolma Office<\/span><\/a><\/div><\/div><\/div><\/div><div class=\"g-cols wpb_row hide_on_default hide_on_laptops via_grid cols_1 laptops-cols_inherit tablets-cols_inherit mobiles-cols_1 valign_top type_default stacking_default\" style=\"--gap:3rem;\"><div class=\"wpb_column vc_column_container\"><div class=\"vc_column-inner\"><div class=\"wpb_text_column\"><div class=\"wpb_wrapper\"><p><span class=\"bold\">Notre mission<\/span><br \/>\nLe temps libre est plus qu&#8217;une simple d\u00e9tente &#8211; c&#8217;est l&#8217;occasion de profiter pleinement de la vie. C&#8217;est pourquoi nous combinons notre longue exp\u00e9rience et notre grand savoir-faire avec un design suisse innovant pour te proposer des produits de qualit\u00e9 et styl\u00e9s qui te permettront de laisser le quotidien derri\u00e8re toi et d&#8217;enrichir ton pr\u00e9cieux temps libre.<\/p>\n<\/div><\/div><div class=\"w-separator size_small\"><\/div><div class=\"wpb_text_column\"><div class=\"wpb_wrapper\"><p><strong><span class=\"bold\">Notre <\/span>promesse<\/strong><br \/>\nAvec chacun de nos produits, tu ne re\u00e7ois pas seulement un accessoire \u00e9l\u00e9gant, mais aussi un compagnon fiable pour tes plus beaux moments. Du matelas gonflable robuste pour se laisser aller \u00e0 la d\u00e9tente au parapluie r\u00e9sistant aux intemp\u00e9ries pour une protection fiable contre la pluie, notre collection allie une fonctionnalit\u00e9 de premier ordre \u00e0 un look intemporel.<\/p>\n<\/div><\/div><div class=\"w-separator size_small\"><\/div><div class=\"w-image align_none\"><div class=\"w-image-h\"><img loading=\"lazy\" decoding=\"async\" width=\"2052\" height=\"2560\" src=\"https:\/\/kolma.style\/wp-content\/uploads\/2024\/04\/shutterstock_92419471-scaled.jpg\" class=\"attachment-full size-full\" alt=\"\" srcset=\"https:\/\/kolma.style\/wp-content\/uploads\/2024\/04\/shutterstock_92419471-scaled.jpg 2052w, https:\/\/kolma.style\/wp-content\/uploads\/2024\/04\/shutterstock_92419471-scaled-600x749.jpg 600w, https:\/\/kolma.style\/wp-content\/uploads\/2024\/04\/shutterstock_92419471-240x300.jpg 240w, https:\/\/kolma.style\/wp-content\/uploads\/2024\/04\/shutterstock_92419471-821x1024.jpg 821w, https:\/\/kolma.style\/wp-content\/uploads\/2024\/04\/shutterstock_92419471-40x50.jpg 40w\" sizes=\"(max-width: 2052px) 100vw, 2052px\" \/><\/div><\/div><div class=\"w-separator size_small\"><\/div><div class=\"wpb_text_column\"><div class=\"wpb_wrapper\"><p><span class=\"bold\">Notre histoire<br \/>\n<\/span>Depuis plus de 70 ans, la marque Kolma est synonyme de la plus haute qualit\u00e9 suisse et de la plus grande pr\u00e9cision dans le traitement des mati\u00e8res plastiques. Fond\u00e9e en 1952 par Max K\u00f6ller, Kolma s&#8217;est \u00e9tablie d\u00e8s 1960 en tant que marque en produisant ses propres chemises transparentes. Au fil des ans, Kolma a su s&#8217;imposer sur le march\u00e9 des fournitures de bureau haute qualit\u00e9 et maintenir son site de production en Suisse gr\u00e2ce \u00e0 son \u00e9norme capacit\u00e9 d&#8217;innovation, son savoir-faire approfondi et ses exigences de qualit\u00e9 \u00e9prouv\u00e9es. Kolma jouit de partenariats de longue date avec ses fournisseurs, qui l&#8217;accompagnent dans ses efforts constants d&#8217;innovation.<\/p>\n<p>\u00c0 la recherche d&#8217;une touche d&#8217;italianit\u00e9 et de bon go\u00fbt, nous avons red\u00e9couvert les beaux matelas pneumatiques du milieu du si\u00e8cle dernier qui, avec leur surface agr\u00e9able en coton, offraient un confort que les mod\u00e8les actuels ne peuvent \u00e9galer. Nous voulions donner une nouvelle vie \u00e0 ces matelas pneumatiques classiques, et c&#8217;est gr\u00e2ce \u00e0 un partenariat existant que nous avons pu concr\u00e9tiser cette id\u00e9e. En \u00e9troite collaboration avec ce fournisseur de confiance, nous revisitons les matelas gonflable et lan\u00e7ons sur le march\u00e9 le premier produit Kolma Style, avec une collection tendance et de haute qualit\u00e9.<\/p>\n<\/div><\/div><div class=\"w-separator size_small\"><\/div><div class=\"wpb_text_column\"><div class=\"wpb_wrapper\"><p><strong>Kolma Style aujourd&#8217;hui<\/strong><br \/>\nAvec l&#8217;ambition d&#8217;allier design, qualit\u00e9 et confort, nous cr\u00e9ons des produits qui s\u00e9duisent tant par leur esth\u00e9tique que par leur fonctionnalit\u00e9. Notre collection ne comprend d\u00e9sormais plus seulement des matelas gonflables, mais aussi des serviettes de bain, des n\u00e9cessaires, des parapluies et des carnets de notes &#8211; autant de produits qui t&#8217;aident \u00e0 profiter de tes loisirs avec style et d\u00e9tente.<\/p>\n<p><strong>Kolma Style &#8211; Pour des moments qui durent.<\/strong><\/p>\n<\/div><\/div><div class=\"w-separator size_small\"><\/div><div class=\"w-btn-wrapper align_none\"><a mobilebutton=\"mobilebutton\" class=\"w-btn us-btn-style_3 us_custom_8f38b794 mobilebutton\" href=\"\/fr\/shop\/\"><span class=\"w-btn-label\">Vers le shop<\/span><\/a><\/div><div class=\"w-btn-wrapper align_none\"><a class=\"w-btn us-btn-style_3 us_custom_1e0e9307 mobilebutton\" target=\"_blank\" href=\"https:\/\/kolma.swiss\/\"><span class=\"w-btn-label\">Vers Kolma Office<\/span><\/a><\/div><\/div><\/div><\/div><\/div><\/div><\/div><\/div><\/section>\n","protected":false},"excerpt":{"rendered":"Kolma Style \u2013 un design suisse pour les plus exigeants La plus haute qualit\u00e9 pour un confort maximal, le design suisse pour une esth\u00e9tique raffin\u00e9e, des technologies de fabrication ultramodernes inspir\u00e9es \u00e0 la fois par des tendances \u00e9prouv\u00e9es et les tout derniers d\u00e9fis: c&#8217;est cela, le Kolma Style. Notre mission Le temps libre est plus...","protected":false},"author":1,"featured_media":0,"parent":0,"menu_order":0,"comment_status":"closed","ping_status":"closed","template":"","meta":{"_acf_changed":false,"footnotes":""},"acf":[],"yoast_head":"<!-- This site is optimized with the Yoast SEO plugin v22.5 - https:\/\/yoast.com\/wordpress\/plugins\/seo\/ -->\n<title>About - Kolma Style<\/title>\n<meta name=\"robots\" content=\"index, follow, max-snippet:-1, max-image-preview:large, max-video-preview:-1\" \/>\n<meta property=\"og:locale\" content=\"fr_FR\" \/>\n<meta property=\"og:type\" content=\"article\" \/>\n<meta property=\"og:title\" content=\"About - Kolma Style\" \/>\n<meta property=\"og:url\" content=\"https:\/\/kolma.style\/fr\/about\/\" \/>\n<meta property=\"og:site_name\" content=\"Kolma Style\" \/>\n<meta property=\"article:publisher\" content=\"https:\/\/www.facebook.com\/profile.php?id=61556920808920\" \/>\n<meta property=\"article:modified_time\" content=\"2025-05-22T13:07:59+00:00\" \/>\n<meta name=\"twitter:card\" content=\"summary_large_image\" \/>\n<meta name=\"twitter:label1\" content=\"Dur\u00e9e de lecture estim\u00e9e\" \/>\n\t<meta name=\"twitter:data1\" content=\"5 minutes\" \/>\n<script type=\"application\/ld+json\" class=\"yoast-schema-graph\">{\"@context\":\"https:\/\/schema.org\",\"@graph\":[{\"@type\":\"WebPage\",\"@id\":\"https:\/\/kolma.style\/fr\/about\/\",\"url\":\"https:\/\/kolma.style\/fr\/about\/\",\"name\":\"About - Kolma Style\",\"isPartOf\":{\"@id\":\"https:\/\/kolma.style\/#website\"},\"datePublished\":\"2024-02-27T08:33:15+00:00\",\"dateModified\":\"2025-05-22T13:07:59+00:00\",\"breadcrumb\":{\"@id\":\"https:\/\/kolma.style\/fr\/about\/#breadcrumb\"},\"inLanguage\":\"fr-FR\",\"potentialAction\":[{\"@type\":\"ReadAction\",\"target\":[\"https:\/\/kolma.style\/fr\/about\/\"]}]},{\"@type\":\"BreadcrumbList\",\"@id\":\"https:\/\/kolma.style\/fr\/about\/#breadcrumb\",\"itemListElement\":[{\"@type\":\"ListItem\",\"position\":1,\"name\":\"Startseite\",\"item\":\"https:\/\/kolma.style\/\"},{\"@type\":\"ListItem\",\"position\":2,\"name\":\"About\"}]},{\"@type\":\"WebSite\",\"@id\":\"https:\/\/kolma.style\/#website\",\"url\":\"https:\/\/kolma.style\/\",\"name\":\"Kolma Style\",\"description\":\"Entspannung und \u00adErholung mit Stil\",\"publisher\":{\"@id\":\"https:\/\/kolma.style\/#organization\"},\"potentialAction\":[{\"@type\":\"SearchAction\",\"target\":{\"@type\":\"EntryPoint\",\"urlTemplate\":\"https:\/\/kolma.style\/?s={search_term_string}\"},\"query-input\":\"required name=search_term_string\"}],\"inLanguage\":\"fr-FR\"},{\"@type\":\"Organization\",\"@id\":\"https:\/\/kolma.style\/#organization\",\"name\":\"Kolma Style\",\"url\":\"https:\/\/kolma.style\/\",\"logo\":{\"@type\":\"ImageObject\",\"inLanguage\":\"fr-FR\",\"@id\":\"https:\/\/kolma.style\/#\/schema\/logo\/image\/\",\"url\":\"https:\/\/kolma.style\/wp-content\/uploads\/2024\/02\/kolma_Logo_CMYK_mit-R_negativ.png\",\"contentUrl\":\"https:\/\/kolma.style\/wp-content\/uploads\/2024\/02\/kolma_Logo_CMYK_mit-R_negativ.png\",\"width\":978,\"height\":385,\"caption\":\"Kolma Style\"},\"image\":{\"@id\":\"https:\/\/kolma.style\/#\/schema\/logo\/image\/\"},\"sameAs\":[\"https:\/\/www.facebook.com\/profile.php?id=61556920808920\",\"https:\/\/www.instagram.com\/kolma.style\/?fbclid=IwAR0eh-ysiGmHlhMTTXWvRwIwA3CvXlQh5dpJIE-jZ6fIvW2vXcgQSl0Y-ys\"]}]}<\/script>\n<!-- \/ Yoast SEO plugin. -->","yoast_head_json":{"title":"About - Kolma Style","robots":{"index":"index","follow":"follow","max-snippet":"max-snippet:-1","max-image-preview":"max-image-preview:large","max-video-preview":"max-video-preview:-1"},"og_locale":"fr_FR","og_type":"article","og_title":"About - Kolma Style","og_url":"https:\/\/kolma.style\/fr\/about\/","og_site_name":"Kolma Style","article_publisher":"https:\/\/www.facebook.com\/profile.php?id=61556920808920","article_modified_time":"2025-05-22T13:07:59+00:00","twitter_card":"summary_large_image","twitter_misc":{"Dur\u00e9e de lecture estim\u00e9e":"5 minutes"},"schema":{"@context":"https:\/\/schema.org","@graph":[{"@type":"WebPage","@id":"https:\/\/kolma.style\/fr\/about\/","url":"https:\/\/kolma.style\/fr\/about\/","name":"About - Kolma Style","isPartOf":{"@id":"https:\/\/kolma.style\/#website"},"datePublished":"2024-02-27T08:33:15+00:00","dateModified":"2025-05-22T13:07:59+00:00","breadcrumb":{"@id":"https:\/\/kolma.style\/fr\/about\/#breadcrumb"},"inLanguage":"fr-FR","potentialAction":[{"@type":"ReadAction","target":["https:\/\/kolma.style\/fr\/about\/"]}]},{"@type":"BreadcrumbList","@id":"https:\/\/kolma.style\/fr\/about\/#breadcrumb","itemListElement":[{"@type":"ListItem","position":1,"name":"Startseite","item":"https:\/\/kolma.style\/"},{"@type":"ListItem","position":2,"name":"About"}]},{"@type":"WebSite","@id":"https:\/\/kolma.style\/#website","url":"https:\/\/kolma.style\/","name":"Kolma Style","description":"Entspannung und \u00adErholung mit Stil","publisher":{"@id":"https:\/\/kolma.style\/#organization"},"potentialAction":[{"@type":"SearchAction","target":{"@type":"EntryPoint","urlTemplate":"https:\/\/kolma.style\/?s={search_term_string}"},"query-input":"required name=search_term_string"}],"inLanguage":"fr-FR"},{"@type":"Organization","@id":"https:\/\/kolma.style\/#organization","name":"Kolma Style","url":"https:\/\/kolma.style\/","logo":{"@type":"ImageObject","inLanguage":"fr-FR","@id":"https:\/\/kolma.style\/#\/schema\/logo\/image\/","url":"https:\/\/kolma.style\/wp-content\/uploads\/2024\/02\/kolma_Logo_CMYK_mit-R_negativ.png","contentUrl":"https:\/\/kolma.style\/wp-content\/uploads\/2024\/02\/kolma_Logo_CMYK_mit-R_negativ.png","width":978,"height":385,"caption":"Kolma Style"},"image":{"@id":"https:\/\/kolma.style\/#\/schema\/logo\/image\/"},"sameAs":["https:\/\/www.facebook.com\/profile.php?id=61556920808920","https:\/\/www.instagram.com\/kolma.style\/?fbclid=IwAR0eh-ysiGmHlhMTTXWvRwIwA3CvXlQh5dpJIE-jZ6fIvW2vXcgQSl0Y-ys"]}]}},"_links":{"self":[{"href":"https:\/\/kolma.style\/fr\/wp-json\/wp\/v2\/pages\/1176"}],"collection":[{"href":"https:\/\/kolma.style\/fr\/wp-json\/wp\/v2\/pages"}],"about":[{"href":"https:\/\/kolma.style\/fr\/wp-json\/wp\/v2\/types\/page"}],"author":[{"embeddable":true,"href":"https:\/\/kolma.style\/fr\/wp-json\/wp\/v2\/users\/1"}],"replies":[{"embeddable":true,"href":"https:\/\/kolma.style\/fr\/wp-json\/wp\/v2\/comments?post=1176"}],"version-history":[{"count":4,"href":"https:\/\/kolma.style\/fr\/wp-json\/wp\/v2\/pages\/1176\/revisions"}],"predecessor-version":[{"id":2733,"href":"https:\/\/kolma.style\/fr\/wp-json\/wp\/v2\/pages\/1176\/revisions\/2733"}],"wp:attachment":[{"href":"https:\/\/kolma.style\/fr\/wp-json\/wp\/v2\/media?parent=1176"}],"curies":[{"name":"wp","href":"https:\/\/api.w.org\/{rel}","templated":true}]}}