{"id":3182,"date":"2025-08-06T15:20:30","date_gmt":"2025-08-06T13:20:30","guid":{"rendered":"https:\/\/kolma.style\/?post_type=product&#038;p=3182"},"modified":"2026-01-28T14:36:09","modified_gmt":"2026-01-28T12:36:09","slug":"bundle-badetuch-regenschirm-lemon","status":"publish","type":"product","link":"https:\/\/kolma.style\/en\/shop\/bundles\/bundle-badetuch-regenschirm-lemon\/","title":{"rendered":"Bundle: Badetuch &#038; Regenschirm <p>Lemon\/Weiss<\/p>"},"content":{"rendered":"<p>Sonne, Regen oder beides. Mit dieser Kombi bist du f\u00fcr jedes Sommerwetter ger\u00fcstet. Das flauschige Badetuch l\u00e4dt zum Relaxen ein, der farblich passende Regenschirm sch\u00fctzt dich stilvoll vor pl\u00f6tzlichen Schauern oder zu viel Sonne. F\u00fcr spontane Auszeiten bei jedem Wetter.<\/p>\n","protected":false},"excerpt":{"rendered":"<p>Sonne, Regen oder beides. Mit dieser Kombi bist du f\u00fcr jedes Sommerwetter ger\u00fcstet. Das flauschige Badetuch l\u00e4dt zum Relaxen ein, der farblich passende Regenschirm sch\u00fctzt dich stilvoll vor pl\u00f6tzlichen Schauern oder zu viel Sonne. F\u00fcr spontane Auszeiten bei jedem Wetter.<\/p>\n","protected":false},"featured_media":3151,"template":"","meta":{"_acf_changed":false},"product_cat":[88],"product_tag":[],"acf":[],"yoast_head":"<!-- This site is optimized with the Yoast SEO plugin v22.5 - https:\/\/yoast.com\/wordpress\/plugins\/seo\/ -->\n<title>Bundle: Badetuch &amp; Regenschirm Lemon\/Weiss - Kolma Style<\/title>\n<meta name=\"description\" content=\"Sonne, Regen oder beides. Mit dieser Kombi bist du f\u00fcr jedes Sommerwetter ger\u00fcstet. Das flauschige Badetuch l\u00e4dt zum Relaxen ein, der farblich passende Regenschirm sch\u00fctzt dich stilvoll vor pl\u00f6tzlichen Schauern oder zu viel Sonne. F\u00fcr spontane Auszeiten bei jedem Wetter.\" \/>\n<meta name=\"robots\" content=\"index, follow, max-snippet:-1, max-image-preview:large, max-video-preview:-1\" \/>\n<meta property=\"og:locale\" content=\"en_US\" \/>\n<meta property=\"og:type\" content=\"article\" \/>\n<meta property=\"og:title\" content=\"Bundle: Badetuch &amp; Regenschirm Lemon\/Weiss - Kolma Style\" \/>\n<meta property=\"og:description\" content=\"Sonne, Regen oder beides. Mit dieser Kombi bist du f\u00fcr jedes Sommerwetter ger\u00fcstet. Das flauschige Badetuch l\u00e4dt zum Relaxen ein, der farblich passende Regenschirm sch\u00fctzt dich stilvoll vor pl\u00f6tzlichen Schauern oder zu viel Sonne. F\u00fcr spontane Auszeiten bei jedem Wetter.\" \/>\n<meta property=\"og:url\" content=\"https:\/\/kolma.style\/shop\/bundles\/bundle-badetuch-regenschirm-lemon\/\" \/>\n<meta property=\"og:site_name\" content=\"Kolma Style\" \/>\n<meta property=\"article:publisher\" content=\"https:\/\/www.facebook.com\/profile.php?id=61556920808920\" \/>\n<meta property=\"article:modified_time\" content=\"2026-01-28T12:36:09+00:00\" \/>\n<meta property=\"og:image\" content=\"https:\/\/kolma.style\/wp-content\/uploads\/2025\/08\/14.607.20_G.png\" \/>\n\t<meta property=\"og:image:width\" content=\"1000\" \/>\n\t<meta property=\"og:image:height\" content=\"1000\" \/>\n\t<meta property=\"og:image:type\" content=\"image\/png\" \/>\n<meta name=\"twitter:card\" content=\"summary_large_image\" \/>\n<meta name=\"twitter:label1\" content=\"Est. reading time\" \/>\n\t<meta name=\"twitter:data1\" content=\"1 minute\" \/>\n<script type=\"application\/ld+json\" class=\"yoast-schema-graph\">{\"@context\":\"https:\/\/schema.org\",\"@graph\":[{\"@type\":\"WebPage\",\"@id\":\"https:\/\/kolma.style\/shop\/bundles\/bundle-badetuch-regenschirm-lemon\/\",\"url\":\"https:\/\/kolma.style\/shop\/bundles\/bundle-badetuch-regenschirm-lemon\/\",\"name\":\"Bundle: Badetuch & Regenschirm Lemon\/Weiss - Kolma Style\",\"isPartOf\":{\"@id\":\"https:\/\/kolma.style\/#website\"},\"primaryImageOfPage\":{\"@id\":\"https:\/\/kolma.style\/shop\/bundles\/bundle-badetuch-regenschirm-lemon\/#primaryimage\"},\"image\":{\"@id\":\"https:\/\/kolma.style\/shop\/bundles\/bundle-badetuch-regenschirm-lemon\/#primaryimage\"},\"thumbnailUrl\":\"https:\/\/kolma.style\/wp-content\/uploads\/2025\/08\/14.607.20_G.png\",\"datePublished\":\"2025-08-06T13:20:30+00:00\",\"dateModified\":\"2026-01-28T12:36:09+00:00\",\"description\":\"Sonne, Regen oder beides. Mit dieser Kombi bist du f\u00fcr jedes Sommerwetter ger\u00fcstet. Das flauschige Badetuch l\u00e4dt zum Relaxen ein, der farblich passende Regenschirm sch\u00fctzt dich stilvoll vor pl\u00f6tzlichen Schauern oder zu viel Sonne. F\u00fcr spontane Auszeiten bei jedem Wetter.\",\"breadcrumb\":{\"@id\":\"https:\/\/kolma.style\/shop\/bundles\/bundle-badetuch-regenschirm-lemon\/#breadcrumb\"},\"inLanguage\":\"en-US\",\"potentialAction\":[{\"@type\":\"ReadAction\",\"target\":[\"https:\/\/kolma.style\/shop\/bundles\/bundle-badetuch-regenschirm-lemon\/\"]}]},{\"@type\":\"ImageObject\",\"inLanguage\":\"en-US\",\"@id\":\"https:\/\/kolma.style\/shop\/bundles\/bundle-badetuch-regenschirm-lemon\/#primaryimage\",\"url\":\"https:\/\/kolma.style\/wp-content\/uploads\/2025\/08\/14.607.20_G.png\",\"contentUrl\":\"https:\/\/kolma.style\/wp-content\/uploads\/2025\/08\/14.607.20_G.png\",\"width\":1000,\"height\":1000},{\"@type\":\"BreadcrumbList\",\"@id\":\"https:\/\/kolma.style\/shop\/bundles\/bundle-badetuch-regenschirm-lemon\/#breadcrumb\",\"itemListElement\":[{\"@type\":\"ListItem\",\"position\":1,\"name\":\"Startseite\",\"item\":\"https:\/\/kolma.style\/\"},{\"@type\":\"ListItem\",\"position\":2,\"name\":\"Shop\",\"item\":\"https:\/\/kolma.style\/en\/shop\/\"},{\"@type\":\"ListItem\",\"position\":3,\"name\":\"Bundle: Badetuch &#038; Regenschirm Lemon\/Weiss\"}]},{\"@type\":\"WebSite\",\"@id\":\"https:\/\/kolma.style\/#website\",\"url\":\"https:\/\/kolma.style\/\",\"name\":\"Kolma Style\",\"description\":\"Entspannung und \u00adErholung mit Stil\",\"publisher\":{\"@id\":\"https:\/\/kolma.style\/#organization\"},\"potentialAction\":[{\"@type\":\"SearchAction\",\"target\":{\"@type\":\"EntryPoint\",\"urlTemplate\":\"https:\/\/kolma.style\/?s={search_term_string}\"},\"query-input\":\"required name=search_term_string\"}],\"inLanguage\":\"en-US\"},{\"@type\":\"Organization\",\"@id\":\"https:\/\/kolma.style\/#organization\",\"name\":\"Kolma Style\",\"url\":\"https:\/\/kolma.style\/\",\"logo\":{\"@type\":\"ImageObject\",\"inLanguage\":\"en-US\",\"@id\":\"https:\/\/kolma.style\/#\/schema\/logo\/image\/\",\"url\":\"https:\/\/kolma.style\/wp-content\/uploads\/2024\/02\/kolma_Logo_CMYK_mit-R_negativ.png\",\"contentUrl\":\"https:\/\/kolma.style\/wp-content\/uploads\/2024\/02\/kolma_Logo_CMYK_mit-R_negativ.png\",\"width\":978,\"height\":385,\"caption\":\"Kolma Style\"},\"image\":{\"@id\":\"https:\/\/kolma.style\/#\/schema\/logo\/image\/\"},\"sameAs\":[\"https:\/\/www.facebook.com\/profile.php?id=61556920808920\",\"https:\/\/www.instagram.com\/kolma.style\/?fbclid=IwAR0eh-ysiGmHlhMTTXWvRwIwA3CvXlQh5dpJIE-jZ6fIvW2vXcgQSl0Y-ys\"]}]}<\/script>\n<!-- \/ Yoast SEO plugin. -->","yoast_head_json":{"title":"Bundle: Badetuch & Regenschirm Lemon\/Weiss - Kolma Style","description":"Sonne, Regen oder beides. Mit dieser Kombi bist du f\u00fcr jedes Sommerwetter ger\u00fcstet. Das flauschige Badetuch l\u00e4dt zum Relaxen ein, der farblich passende Regenschirm sch\u00fctzt dich stilvoll vor pl\u00f6tzlichen Schauern oder zu viel Sonne. F\u00fcr spontane Auszeiten bei jedem Wetter.","robots":{"index":"index","follow":"follow","max-snippet":"max-snippet:-1","max-image-preview":"max-image-preview:large","max-video-preview":"max-video-preview:-1"},"og_locale":"en_US","og_type":"article","og_title":"Bundle: Badetuch & Regenschirm Lemon\/Weiss - Kolma Style","og_description":"Sonne, Regen oder beides. Mit dieser Kombi bist du f\u00fcr jedes Sommerwetter ger\u00fcstet. Das flauschige Badetuch l\u00e4dt zum Relaxen ein, der farblich passende Regenschirm sch\u00fctzt dich stilvoll vor pl\u00f6tzlichen Schauern oder zu viel Sonne. F\u00fcr spontane Auszeiten bei jedem Wetter.","og_url":"https:\/\/kolma.style\/shop\/bundles\/bundle-badetuch-regenschirm-lemon\/","og_site_name":"Kolma Style","article_publisher":"https:\/\/www.facebook.com\/profile.php?id=61556920808920","article_modified_time":"2026-01-28T12:36:09+00:00","og_image":[{"width":1000,"height":1000,"url":"https:\/\/kolma.style\/wp-content\/uploads\/2025\/08\/14.607.20_G.png","type":"image\/png"}],"twitter_card":"summary_large_image","twitter_misc":{"Est. reading time":"1 minute"},"schema":{"@context":"https:\/\/schema.org","@graph":[{"@type":"WebPage","@id":"https:\/\/kolma.style\/shop\/bundles\/bundle-badetuch-regenschirm-lemon\/","url":"https:\/\/kolma.style\/shop\/bundles\/bundle-badetuch-regenschirm-lemon\/","name":"Bundle: Badetuch & Regenschirm Lemon\/Weiss - Kolma Style","isPartOf":{"@id":"https:\/\/kolma.style\/#website"},"primaryImageOfPage":{"@id":"https:\/\/kolma.style\/shop\/bundles\/bundle-badetuch-regenschirm-lemon\/#primaryimage"},"image":{"@id":"https:\/\/kolma.style\/shop\/bundles\/bundle-badetuch-regenschirm-lemon\/#primaryimage"},"thumbnailUrl":"https:\/\/kolma.style\/wp-content\/uploads\/2025\/08\/14.607.20_G.png","datePublished":"2025-08-06T13:20:30+00:00","dateModified":"2026-01-28T12:36:09+00:00","description":"Sonne, Regen oder beides. Mit dieser Kombi bist du f\u00fcr jedes Sommerwetter ger\u00fcstet. Das flauschige Badetuch l\u00e4dt zum Relaxen ein, der farblich passende Regenschirm sch\u00fctzt dich stilvoll vor pl\u00f6tzlichen Schauern oder zu viel Sonne. F\u00fcr spontane Auszeiten bei jedem Wetter.","breadcrumb":{"@id":"https:\/\/kolma.style\/shop\/bundles\/bundle-badetuch-regenschirm-lemon\/#breadcrumb"},"inLanguage":"en-US","potentialAction":[{"@type":"ReadAction","target":["https:\/\/kolma.style\/shop\/bundles\/bundle-badetuch-regenschirm-lemon\/"]}]},{"@type":"ImageObject","inLanguage":"en-US","@id":"https:\/\/kolma.style\/shop\/bundles\/bundle-badetuch-regenschirm-lemon\/#primaryimage","url":"https:\/\/kolma.style\/wp-content\/uploads\/2025\/08\/14.607.20_G.png","contentUrl":"https:\/\/kolma.style\/wp-content\/uploads\/2025\/08\/14.607.20_G.png","width":1000,"height":1000},{"@type":"BreadcrumbList","@id":"https:\/\/kolma.style\/shop\/bundles\/bundle-badetuch-regenschirm-lemon\/#breadcrumb","itemListElement":[{"@type":"ListItem","position":1,"name":"Startseite","item":"https:\/\/kolma.style\/"},{"@type":"ListItem","position":2,"name":"Shop","item":"https:\/\/kolma.style\/en\/shop\/"},{"@type":"ListItem","position":3,"name":"Bundle: Badetuch &#038; Regenschirm Lemon\/Weiss"}]},{"@type":"WebSite","@id":"https:\/\/kolma.style\/#website","url":"https:\/\/kolma.style\/","name":"Kolma Style","description":"Entspannung und \u00adErholung mit Stil","publisher":{"@id":"https:\/\/kolma.style\/#organization"},"potentialAction":[{"@type":"SearchAction","target":{"@type":"EntryPoint","urlTemplate":"https:\/\/kolma.style\/?s={search_term_string}"},"query-input":"required name=search_term_string"}],"inLanguage":"en-US"},{"@type":"Organization","@id":"https:\/\/kolma.style\/#organization","name":"Kolma Style","url":"https:\/\/kolma.style\/","logo":{"@type":"ImageObject","inLanguage":"en-US","@id":"https:\/\/kolma.style\/#\/schema\/logo\/image\/","url":"https:\/\/kolma.style\/wp-content\/uploads\/2024\/02\/kolma_Logo_CMYK_mit-R_negativ.png","contentUrl":"https:\/\/kolma.style\/wp-content\/uploads\/2024\/02\/kolma_Logo_CMYK_mit-R_negativ.png","width":978,"height":385,"caption":"Kolma Style"},"image":{"@id":"https:\/\/kolma.style\/#\/schema\/logo\/image\/"},"sameAs":["https:\/\/www.facebook.com\/profile.php?id=61556920808920","https:\/\/www.instagram.com\/kolma.style\/?fbclid=IwAR0eh-ysiGmHlhMTTXWvRwIwA3CvXlQh5dpJIE-jZ6fIvW2vXcgQSl0Y-ys"]}]}},"_links":{"self":[{"href":"https:\/\/kolma.style\/en\/wp-json\/wp\/v2\/product\/3182"}],"collection":[{"href":"https:\/\/kolma.style\/en\/wp-json\/wp\/v2\/product"}],"about":[{"href":"https:\/\/kolma.style\/en\/wp-json\/wp\/v2\/types\/product"}],"wp:featuredmedia":[{"embeddable":true,"href":"https:\/\/kolma.style\/en\/wp-json\/wp\/v2\/media\/3151"}],"wp:attachment":[{"href":"https:\/\/kolma.style\/en\/wp-json\/wp\/v2\/media?parent=3182"}],"wp:term":[{"taxonomy":"product_cat","embeddable":true,"href":"https:\/\/kolma.style\/en\/wp-json\/wp\/v2\/product_cat?post=3182"},{"taxonomy":"product_tag","embeddable":true,"href":"https:\/\/kolma.style\/en\/wp-json\/wp\/v2\/product_tag?post=3182"}],"curies":[{"name":"wp","href":"https:\/\/api.w.org\/{rel}","templated":true}]}}